{"id":4366,"date":"2024-10-01T12:47:03","date_gmt":"2024-10-01T09:47:03","guid":{"rendered":"https:\/\/carebearbg.com\/product\/olio-za-brada\/"},"modified":"2025-02-17T11:43:16","modified_gmt":"2025-02-17T09:43:16","slug":"olio-za-brada","status":"publish","type":"product","link":"https:\/\/carebearbg.com\/ro\/produkt\/olio-za-brada\/","title":{"rendered":"ULEI PENTRU BARB\u0102 &#8222;GROW IT WITH CARE BEAR&#8221;"},"content":{"rendered":"\n\t<section class=\"section\" id=\"section_571047773\">\n\t\t<div class=\"section-bg fill\" >\n\t\t\t\t\t\t\t\t\t\n\t\t\t\n\n\t\t<\/div>\n\n\t\t\n\n\t\t<div class=\"section-content relative\">\n\t\t\t\n<div class=\"row\"  id=\"row-1429533796\">\n\n\t<div id=\"col-1831483666\" class=\"col medium-6 small-12 large-6\"  >\n\t\t\t\t<div class=\"col-inner\"  >\n\t\t\t\n\t\t\t\n\t<div class=\"box has-hover   has-hover box-text-bottom\" >\n\n\t\t<div class=\"box-image\" >\n\t\t\t\t\t\t<div class=\"image-cover\" style=\"padding-top:400px;\">\n\t\t\t\t<img loading=\"lazy\" decoding=\"async\" width=\"2000\" height=\"1587\" src=\"https:\/\/carebearbg.com\/wp-content\/uploads\/2024\/10\/Almond-copy.jpg\" class=\"attachment- size-\" alt=\"\" srcset=\"https:\/\/carebearbg.com\/wp-content\/uploads\/2024\/10\/Almond-copy.jpg 2000w, https:\/\/carebearbg.com\/wp-content\/uploads\/2024\/10\/Almond-copy-300x238.jpg 300w, https:\/\/carebearbg.com\/wp-content\/uploads\/2024\/10\/Almond-copy-1024x813.jpg 1024w, https:\/\/carebearbg.com\/wp-content\/uploads\/2024\/10\/Almond-copy-150x119.jpg 150w, https:\/\/carebearbg.com\/wp-content\/uploads\/2024\/10\/Almond-copy-768x609.jpg 768w, https:\/\/carebearbg.com\/wp-content\/uploads\/2024\/10\/Almond-copy-1536x1219.jpg 1536w, https:\/\/carebearbg.com\/wp-content\/uploads\/2024\/10\/Almond-copy-1260x1000.jpg 1260w\" sizes=\"auto, (max-width: 2000px) 100vw, 2000px\" \/>\t\t\t\t\t\t\t\t\t\t\t<\/div>\n\t\t\t\t\t<\/div>\n\n\t\t<div class=\"box-text text-center\" >\n\t\t\t<div class=\"box-text-inner\">\n\t\t\t\t\n<h4>MIGDALE DULCI<\/h4>\n<h4>Uleiul de migdale este popular datorit\u0103 propriet\u0103\u021bilor sale hr\u0103nitoare, fiind bogat \u00een vitamine precum vitamina E \u0219i acizi gra\u0219i omega-9. Ajut\u0103 la hidratarea pielii de sub barb\u0103, la \u00eenmuierea firelor de p\u0103r \u0219i la prevenirea m\u00e2nc\u0103rimii \u0219i descuam\u0103rii.<\/h4>\n\t\t\t<\/div>\n\t\t<\/div>\n\t<\/div>\n\t\n\t\t<\/div>\n\t\t\t\t\t<\/div>\n\n\t\n\n\t<div id=\"col-1388059239\" class=\"col medium-6 small-12 large-6\"  >\n\t\t\t\t<div class=\"col-inner\"  >\n\t\t\t\n\t\t\t\n\t<div class=\"box has-hover   has-hover box-text-bottom\" >\n\n\t\t<div class=\"box-image\" >\n\t\t\t\t\t\t<div class=\"image-cover\" style=\"padding-top:400px;\">\n\t\t\t\t<img loading=\"lazy\" decoding=\"async\" width=\"1500\" height=\"2000\" src=\"https:\/\/carebearbg.com\/wp-content\/uploads\/2024\/10\/Centella-Asiatica.jpg\" class=\"attachment- size-\" alt=\"\" srcset=\"https:\/\/carebearbg.com\/wp-content\/uploads\/2024\/10\/Centella-Asiatica.jpg 1500w, https:\/\/carebearbg.com\/wp-content\/uploads\/2024\/10\/Centella-Asiatica-225x300.jpg 225w, https:\/\/carebearbg.com\/wp-content\/uploads\/2024\/10\/Centella-Asiatica-768x1024.jpg 768w, https:\/\/carebearbg.com\/wp-content\/uploads\/2024\/10\/Centella-Asiatica-113x150.jpg 113w, https:\/\/carebearbg.com\/wp-content\/uploads\/2024\/10\/Centella-Asiatica-1152x1536.jpg 1152w, https:\/\/carebearbg.com\/wp-content\/uploads\/2024\/10\/Centella-Asiatica-1260x1680.jpg 1260w\" sizes=\"auto, (max-width: 1500px) 100vw, 1500px\" \/>\t\t\t\t\t\t\t\t\t\t\t<\/div>\n\t\t\t\t\t<\/div>\n\n\t\t<div class=\"box-text text-center\" >\n\t\t\t<div class=\"box-text-inner\">\n\t\t\t\t\n<h4>CENTELLA ASIATIC\u0102<\/h4>\n<h4>Previne c\u0103derea p\u0103rului: Prin \u00eembun\u0103t\u0103\u021birea s\u0103n\u0103t\u0103\u021bii \u0219i circula\u021biei la nivelul b\u0103rbii, poate reduce c\u0103derea firelor de p\u0103r cauzat\u0103 de probleme precum usc\u0103ciunea sau irita\u021bia. Propriet\u0103\u021bile sale antioxidante ajut\u0103, de asemenea, la protejarea foliculilor de p\u0103r \u00eempotriva deterior\u0103rii cauzate de stresul din mediul \u00eenconjur\u0103tor.<\/h4>\n\t\t\t<\/div>\n\t\t<\/div>\n\t<\/div>\n\t\n\t\t<\/div>\n\t\t\t\t\t<\/div>\n\n\t\n<\/div>\n<div class=\"row\"  id=\"row-1674302986\">\n\n\t<div id=\"col-1228798341\" class=\"col medium-6 small-12 large-6\"  >\n\t\t\t\t<div class=\"col-inner\"  >\n\t\t\t\n\t\t\t\n\t<div class=\"box has-hover   has-hover box-text-bottom\" >\n\n\t\t<div class=\"box-image\" >\n\t\t\t\t\t\t<div class=\"\" >\n\t\t\t\t<img loading=\"lazy\" decoding=\"async\" width=\"582\" height=\"429\" src=\"https:\/\/carebearbg.com\/wp-content\/uploads\/2024\/10\/\u0430\u043c\u0430\u0440\u0430\u043d\u0442-removebg-preview.png\" class=\"attachment- size-\" alt=\"\" srcset=\"https:\/\/carebearbg.com\/wp-content\/uploads\/2024\/10\/\u0430\u043c\u0430\u0440\u0430\u043d\u0442-removebg-preview.png 582w, https:\/\/carebearbg.com\/wp-content\/uploads\/2024\/10\/\u0430\u043c\u0430\u0440\u0430\u043d\u0442-removebg-preview-300x221.png 300w, https:\/\/carebearbg.com\/wp-content\/uploads\/2024\/10\/\u0430\u043c\u0430\u0440\u0430\u043d\u0442-removebg-preview-150x111.png 150w\" sizes=\"auto, (max-width: 582px) 100vw, 582px\" \/>\t\t\t\t\t\t\t\t\t\t\t<\/div>\n\t\t\t\t\t<\/div>\n\n\t\t<div class=\"box-text text-center\" >\n\t\t\t<div class=\"box-text-inner\">\n\t\t\t\t\n<h4>AMARANT<\/h4>\n<h4>Cunoscut pentru propriet\u0103\u021bile sale super emoliente \u0219i hidratante, acesta restabile\u0219te elasticitatea b\u0103rbii \u0219i red\u0103 \u00een mod durabil str\u0103lucirea b\u0103rbii mate \u0219i deteriorate.<\/h4>\n\t\t\t<\/div>\n\t\t<\/div>\n\t<\/div>\n\t\n\t\t<\/div>\n\t\t\t\t\t<\/div>\n\n\t\n\n\t<div id=\"col-684117704\" class=\"col medium-6 small-12 large-6\"  >\n\t\t\t\t<div class=\"col-inner\"  >\n\t\t\t\n\t\t\t\n\t<div class=\"box has-hover   has-hover box-text-bottom\" >\n\n\t\t<div class=\"box-image\" >\n\t\t\t\t\t\t<div class=\"image-cover\" style=\"padding-top:350px;\">\n\t\t\t\t<img loading=\"lazy\" decoding=\"async\" width=\"413\" height=\"413\" src=\"https:\/\/carebearbg.com\/wp-content\/uploads\/2024\/10\/Aloe_Vera_19d03d67-a8e3-4e65-bd94-12222849c32d_600x.webp\" class=\"attachment- size-\" alt=\"\" srcset=\"https:\/\/carebearbg.com\/wp-content\/uploads\/2024\/10\/Aloe_Vera_19d03d67-a8e3-4e65-bd94-12222849c32d_600x.webp 413w, https:\/\/carebearbg.com\/wp-content\/uploads\/2024\/10\/Aloe_Vera_19d03d67-a8e3-4e65-bd94-12222849c32d_600x-300x300.webp 300w, https:\/\/carebearbg.com\/wp-content\/uploads\/2024\/10\/Aloe_Vera_19d03d67-a8e3-4e65-bd94-12222849c32d_600x-150x150.webp 150w, https:\/\/carebearbg.com\/wp-content\/uploads\/2024\/10\/Aloe_Vera_19d03d67-a8e3-4e65-bd94-12222849c32d_600x-100x100.webp 100w\" sizes=\"auto, (max-width: 413px) 100vw, 413px\" \/>\t\t\t\t\t\t\t\t\t\t\t<\/div>\n\t\t\t\t\t<\/div>\n\n\t\t<div class=\"box-text text-center\" >\n\t\t\t<div class=\"box-text-inner\">\n\t\t\t\t\n<h4>ALOE VERA<\/h4>\n<h4>Aloe vera este utilizat\u0103 pe scar\u0103 larg\u0103 \u00een \u00eengrijirea p\u0103rului datorit\u0103 numeroaselor sale beneficii. Iat\u0103 c\u00e2teva dintre principalele sale avantaje:<br \/>\nUlei u\u0219or \u0219i non-gras.<br \/>\nStimuleaz\u0103 cre\u0219terea p\u0103rului.<br \/>\nReduce m\u0103trea\u021ba: Aloe vera are propriet\u0103\u021bi antimicrobiene \u0219i antiinflamatoare, care pot ajuta la calmarea b\u0103rbii iritate \u0219i la reducerea m\u0103tre\u021bii. Hidrateaz\u0103 barba, prevenind usc\u0103ciunea care poate duce la descuamare.<\/h4>\n\t\t\t<\/div>\n\t\t<\/div>\n\t<\/div>\n\t\n\t\t<\/div>\n\t\t\t\t\t<\/div>\n\n\t\n<\/div>\n<div class=\"row\"  id=\"row-1791545554\">\n\n\t<div id=\"col-897458371\" class=\"col medium-6 small-12 large-6\"  >\n\t\t\t\t<div class=\"col-inner\"  >\n\t\t\t\n\t\t\t\n\t<div class=\"box has-hover   has-hover box-text-bottom\" >\n\n\t\t<div class=\"box-image\" >\n\t\t\t\t\t\t<div class=\"\" >\n\t\t\t\t<img loading=\"lazy\" decoding=\"async\" width=\"867\" height=\"288\" src=\"https:\/\/carebearbg.com\/wp-content\/uploads\/2024\/10\/\u0436\u043e\u0436\u043e\u0431\u0430-removebg-preview.png\" class=\"attachment- size-\" alt=\"\" srcset=\"https:\/\/carebearbg.com\/wp-content\/uploads\/2024\/10\/\u0436\u043e\u0436\u043e\u0431\u0430-removebg-preview.png 867w, https:\/\/carebearbg.com\/wp-content\/uploads\/2024\/10\/\u0436\u043e\u0436\u043e\u0431\u0430-removebg-preview-300x100.png 300w, https:\/\/carebearbg.com\/wp-content\/uploads\/2024\/10\/\u0436\u043e\u0436\u043e\u0431\u0430-removebg-preview-150x50.png 150w, https:\/\/carebearbg.com\/wp-content\/uploads\/2024\/10\/\u0436\u043e\u0436\u043e\u0431\u0430-removebg-preview-768x255.png 768w\" sizes=\"auto, (max-width: 867px) 100vw, 867px\" \/>\t\t\t\t\t\t\t\t\t\t\t<\/div>\n\t\t\t\t\t<\/div>\n\n\t\t<div class=\"box-text text-center\" >\n\t\t\t<div class=\"box-text-inner\">\n\t\t\t\t\n<h4>JOJOBA<\/h4>\n<h4>Uleiul de jojoba, originar din de\u0219ertul Sonora din Arizona, nordul Mexicului \u0219i California arid\u0103, este bogat \u00een vitaminele A, E \u0219i D, plus antioxidan\u021bi \u0219i acizi gra\u0219i.<\/h4>\n\t\t\t<\/div>\n\t\t<\/div>\n\t<\/div>\n\t\n\t\t<\/div>\n\t\t\t\t\t<\/div>\n\n\t\n\n\t<div id=\"col-97742299\" class=\"col medium-6 small-12 large-6\"  >\n\t\t\t\t<div class=\"col-inner\"  >\n\t\t\t\n\t\t\t\n\t<div class=\"box has-hover   has-hover box-text-bottom\" >\n\n\t\t<div class=\"box-image\" >\n\t\t\t\t\t\t<div class=\"image-cover\" style=\"padding-top:250px;\">\n\t\t\t\t<img loading=\"lazy\" decoding=\"async\" width=\"800\" height=\"800\" src=\"https:\/\/carebearbg.com\/wp-content\/uploads\/2024\/10\/\u043b\u0438\u0432\u0430\u0434\u043d\u0430-\u043f\u044f\u043d\u0430Oil.jpg\" class=\"attachment- size-\" alt=\"\" srcset=\"https:\/\/carebearbg.com\/wp-content\/uploads\/2024\/10\/\u043b\u0438\u0432\u0430\u0434\u043d\u0430-\u043f\u044f\u043d\u0430Oil.jpg 800w, https:\/\/carebearbg.com\/wp-content\/uploads\/2024\/10\/\u043b\u0438\u0432\u0430\u0434\u043d\u0430-\u043f\u044f\u043d\u0430Oil-300x300.jpg 300w, https:\/\/carebearbg.com\/wp-content\/uploads\/2024\/10\/\u043b\u0438\u0432\u0430\u0434\u043d\u0430-\u043f\u044f\u043d\u0430Oil-150x150.jpg 150w, https:\/\/carebearbg.com\/wp-content\/uploads\/2024\/10\/\u043b\u0438\u0432\u0430\u0434\u043d\u0430-\u043f\u044f\u043d\u0430Oil-768x768.jpg 768w, https:\/\/carebearbg.com\/wp-content\/uploads\/2024\/10\/\u043b\u0438\u0432\u0430\u0434\u043d\u0430-\u043f\u044f\u043d\u0430Oil-100x100.jpg 100w\" sizes=\"auto, (max-width: 800px) 100vw, 800px\" \/>\t\t\t\t\t\t\t\t\t\t\t<\/div>\n\t\t\t\t\t<\/div>\n\n\t\t<div class=\"box-text text-center\" >\n\t\t\t<div class=\"box-text-inner\">\n\t\t\t\t\n<h4>SPUM\u0102 DE PAJI\u0218TE<\/h4>\n<h4>Uleiul din semin\u021be de spum\u0103 de paji\u0219te este un alt produs natural excelent pentru \u00eengrijirea b\u0103rbii. Extras din semin\u021bele plantei spum\u0103 de paji\u0219te (Limnanthes alba), acest ulei ofer\u0103 multiple beneficii pentru men\u021binerea unei b\u0103rbi s\u0103n\u0103toase, moi \u0219i bine \u00eengrijite. Iat\u0103 de ce uleiul din semin\u021be de spum\u0103 de paji\u0219te este eficient pentru \u00eengrijirea b\u0103rbii:<br \/>\nUlei u\u0219or \u0219i non-gras:<br \/>\nSpre deosebire de uleiurile mai grele, uleiul din semin\u021be de spum\u0103 de paji\u0219te se absoarbe rapid. Acest lucru \u00eel face ideal pentru utilizarea zilnic\u0103, \u00een special pentru cei care nu doresc o barb\u0103 gras\u0103.<br \/>\nHidratare profund\u0103:<br \/>\nUleiul din semin\u021be de spum\u0103 de paji\u0219te este cunoscut pentru propriet\u0103\u021bile sale hidratante. Ajut\u0103 la hidratarea at\u00e2t a b\u0103rbii, c\u00e2t \u0219i a pielii de dedesubt, f\u0103r\u0103 a l\u0103sa reziduuri uleioase, f\u0103c\u00e2nd astfel barba mai moale \u0219i mai u\u0219or de aranjat.<\/h4>\n\t\t\t<\/div>\n\t\t<\/div>\n\t<\/div>\n\t\n\t\t<\/div>\n\t\t\t\t\t<\/div>\n\n\t\n<\/div>\n<div class=\"row\"  id=\"row-369391584\">\n\n\t<div id=\"col-33020518\" class=\"col medium-6 small-12 large-6\"  >\n\t\t\t\t<div class=\"col-inner\"  >\n\t\t\t\n\t\t\t\n\t<div class=\"box has-hover   has-hover box-text-bottom\" >\n\n\t\t<div class=\"box-image\" >\n\t\t\t\t\t\t<div class=\"\" >\n\t\t\t\t<img loading=\"lazy\" decoding=\"async\" width=\"600\" height=\"600\" src=\"https:\/\/carebearbg.com\/wp-content\/uploads\/2024\/10\/kaktusova-smokinq.jpg\" class=\"attachment- size-\" alt=\"\" srcset=\"https:\/\/carebearbg.com\/wp-content\/uploads\/2024\/10\/kaktusova-smokinq.jpg 600w, https:\/\/carebearbg.com\/wp-content\/uploads\/2024\/10\/kaktusova-smokinq-300x300.jpg 300w, https:\/\/carebearbg.com\/wp-content\/uploads\/2024\/10\/kaktusova-smokinq-150x150.jpg 150w, https:\/\/carebearbg.com\/wp-content\/uploads\/2024\/10\/kaktusova-smokinq-100x100.jpg 100w\" sizes=\"auto, (max-width: 600px) 100vw, 600px\" \/>\t\t\t\t\t\t\t\t\t\t\t<\/div>\n\t\t\t\t\t<\/div>\n\n\t\t<div class=\"box-text text-center\" >\n\t\t\t<div class=\"box-text-inner\">\n\t\t\t\t\n<h4>SMOCHIN DE CACTUS<\/h4>\n<h4>Uleiul de smochin de cactus (cunoscut \u0219i sub denumirea de ulei de par\u0103 spinoas\u0103) devine din ce \u00een ce mai popular pentru \u00eengrijirea pielii \u0219i a b\u0103rbii. Este renumit pentru propriet\u0103\u021bile sale hr\u0103nitoare \u0219i hidratante, datorit\u0103 con\u021binutului ridicat de vitamina E, acizi gra\u0219i \u0219i antioxidan\u021bi.<br \/>\n\u00cent\u0103rire \u0219i cre\u0219tere: Datorit\u0103 antioxidan\u021bilor \u0219i acizilor gra\u0219i, uleiul stimuleaz\u0103 cre\u0219terea unei b\u0103rbi mai s\u0103n\u0103toase \u0219i mai dese. Uleiul de smochin de cactus este u\u0219or, se absoarbe rapid \u0219i nu las\u0103 senza\u021bie de gr\u0103sime, fiind o alegere excelent\u0103 pentru \u00eengrijirea zilnic\u0103.<\/h4>\n\t\t\t<\/div>\n\t\t<\/div>\n\t<\/div>\n\t\n\t\t<\/div>\n\t\t\t\t\t<\/div>\n\n\t\n\n\t<div id=\"col-588453410\" class=\"col medium-6 small-12 large-6\"  >\n\t\t\t\t<div class=\"col-inner\"  >\n\t\t\t\n\t\t\t\n\t<div class=\"box has-hover   has-hover box-text-bottom\" >\n\n\t\t<div class=\"box-image\" >\n\t\t\t\t\t\t<div class=\"\" >\n\t\t\t\t<img loading=\"lazy\" decoding=\"async\" width=\"624\" height=\"400\" src=\"https:\/\/carebearbg.com\/wp-content\/uploads\/2024\/10\/\u043a\u043e\u043a\u043e\u0441-removebg-preview-1.png\" class=\"attachment- size-\" alt=\"\" srcset=\"https:\/\/carebearbg.com\/wp-content\/uploads\/2024\/10\/\u043a\u043e\u043a\u043e\u0441-removebg-preview-1.png 624w, https:\/\/carebearbg.com\/wp-content\/uploads\/2024\/10\/\u043a\u043e\u043a\u043e\u0441-removebg-preview-1-300x192.png 300w, https:\/\/carebearbg.com\/wp-content\/uploads\/2024\/10\/\u043a\u043e\u043a\u043e\u0441-removebg-preview-1-150x96.png 150w\" sizes=\"auto, (max-width: 624px) 100vw, 624px\" \/>\t\t\t\t\t\t\t\t\t\t\t<\/div>\n\t\t\t\t\t<\/div>\n\n\t\t<div class=\"box-text text-center\" >\n\t\t\t<div class=\"box-text-inner\">\n\t\t\t\t\n<h4>COCOS<\/h4>\n<h4>Uleiul de cocos este un produs natural popular pentru \u00eengrijirea b\u0103rbii datorit\u0103 numeroaselor sale beneficii. Iat\u0103 cum uleiul de cocos poate fi benefic pentru barba ta.<br \/>\nHidrateaz\u0103 barba \u0219i pielea.<br \/>\nUleiul de cocos ajut\u0103 la hidratarea at\u00e2t a firelor de p\u0103r din barb\u0103, c\u00e2t \u0219i a pielii de dedesubt, prevenind usc\u0103ciunea \u0219i descuamarea.<br \/>\nStimuleaz\u0103 cre\u0219terea b\u0103rbii.<br \/>\nPrevine m\u00e2nc\u0103rimea b\u0103rbii:<br \/>\nPropriet\u0103\u021bile hidratante ale uleiului de cocos ajut\u0103 la calmarea pielii iritate, reduc\u00e2nd m\u00e2nc\u0103rimea care \u00eenso\u021be\u0219te adesea cre\u0219terea b\u0103rbii.<br \/>\nPropriet\u0103\u021bi antibacteriene \u0219i antifungice.<br \/>\nDomole\u0219te \u00eencre\u021birea \u0219i adaug\u0103 o str\u0103lucire u\u0219oar\u0103.<br \/>\nUleiul neteze\u0219te firele de p\u0103r ale b\u0103rbii, facilit\u00e2nd aranjarea acestora, oferind \u00een acela\u0219i timp un aspect str\u0103lucitor \u0219i s\u0103n\u0103tos.<\/h4>\n\t\t\t<\/div>\n\t\t<\/div>\n\t<\/div>\n\t\n\t\t<\/div>\n\t\t\t\t\t<\/div>\n\n\t\n<\/div>\n<div class=\"row\"  id=\"row-1063508798\">\n\n\t<div id=\"col-1837076235\" class=\"col medium-6 small-12 large-6\"  >\n\t\t\t\t<div class=\"col-inner\"  >\n\t\t\t\n\t\t\t\n\t<div class=\"box has-hover   has-hover box-text-bottom\" >\n\n\t\t<div class=\"box-image\" >\n\t\t\t\t\t\t<div class=\"image-cover\" style=\"padding-top:350px;\">\n\t\t\t\t<img loading=\"lazy\" decoding=\"async\" width=\"497\" height=\"497\" src=\"https:\/\/carebearbg.com\/wp-content\/uploads\/2023\/07\/\u0432\u0438\u0442\u0430\u043c\u0438\u043d_\u0435-removebg-preview.png\" class=\"attachment- size-\" alt=\"\" srcset=\"https:\/\/carebearbg.com\/wp-content\/uploads\/2023\/07\/\u0432\u0438\u0442\u0430\u043c\u0438\u043d_\u0435-removebg-preview.png 497w, https:\/\/carebearbg.com\/wp-content\/uploads\/2023\/07\/\u0432\u0438\u0442\u0430\u043c\u0438\u043d_\u0435-removebg-preview-300x300.png 300w, https:\/\/carebearbg.com\/wp-content\/uploads\/2023\/07\/\u0432\u0438\u0442\u0430\u043c\u0438\u043d_\u0435-removebg-preview-150x150.png 150w, https:\/\/carebearbg.com\/wp-content\/uploads\/2023\/07\/\u0432\u0438\u0442\u0430\u043c\u0438\u043d_\u0435-removebg-preview-100x100.png 100w\" sizes=\"auto, (max-width: 497px) 100vw, 497px\" \/>\t\t\t\t\t\t\t\t\t\t\t<\/div>\n\t\t\t\t\t<\/div>\n\n\t\t<div class=\"box-text text-center\" >\n\t\t\t<div class=\"box-text-inner\">\n\t\t\t\t\n<h4>VITAMIN E<\/h4>\n<h4>Uleiul de Vitamina E este derivat natural din surse vegetale non-OMG: uleiul nostru de Vitamina E este bogat \u00een d-alpha-tocoferol, un antioxidant puternic care ajut\u0103 la neutralizarea radicalilor liberi, hidrateaz\u0103 pielea \u0219i \u00eembun\u0103t\u0103\u021be\u0219te aspectul acesteia.<\/h4>\n\t\t\t<\/div>\n\t\t<\/div>\n\t<\/div>\n\t\n\t\t<\/div>\n\t\t\t\t\t<\/div>\n\n\t\n<\/div>\n<p>Ingrediente conform INCI: Ulei de Prunus Amygdalus Dulcis, Ulei de Glycine Soja, Ulei de semin\u021be de Simmondsia Chinensis, Ulei de semin\u021be de Amaranthus Caudatus, Ulei de semin\u021be de Limnanthes Alba, Ulei de semin\u021be de Helianthus Annuus, Trigliceride caprilice\/caprice, Acetat de tocoferil, Ulei de semin\u021be de Sesamum Indicum, Extract de flori de Opuntia Ficus-Indica, Extract de frunze de Centella Asiatica, Parfum, Extract de frunze de Aloe Barbadensis, Extract de frunze de Rosmarinus Officinalis, Tocoferol, Amil Cinnamal, Alfa-Isometil Ionona, Salicilat de benzil, Citronelol, Eugenol, Geraniol, Hexil Cinnamal, Hidroxicitronellal, Linalool, Limonen, Ulei de coaj\u0103 de Citrus Limon, Ulei de coaj\u0103 de Citrus Aurantium, Acetat de linalil, Terpineol, Acetil Cedren, Hexametilindanopiran, Vanilin\u0103, Pinene.<\/p>\n\t\t<\/div>\n\n\t\t\n<style>\n#section_571047773 {\n  padding-top: 30px;\n  padding-bottom: 30px;\n}\n<\/style>\n\t<\/section>\n\t\n","protected":false},"excerpt":{"rendered":"<p><span lang=\"ro-RO\">Ulei pentru barb\u0103 \u201eGrow it with Care Bear\u201d cu 8 uleiuri naturale.**<\/span><\/p>\n<p><span lang=\"ro-RO\">Un amestec premium de uleiuri naturale pure: CENTELLA ASIATIC\u0102, MIGDALE DULCI, ALOE VERA, COCOS, AMARANT, SPUM\u0102 DE PAJI\u0218TE, JOJOBA, SMOCHIN DE CACTUS.<\/span><\/p>\n<p><span lang=\"ro-RO\">Stimuleaz\u0103 cre\u0219terea s\u0103n\u0103toas\u0103 a b\u0103rbii.<\/span><\/p>\n<p><span lang=\"ro-RO\">Elimin\u0103 eficient m\u0103trea\u021ba.<\/span><\/p>\n<p><span lang=\"ro-RO\">Stilizeaz\u0103 firele rebele.<\/span><\/p>\n<p><span lang=\"ro-RO\">Domole\u0219te \u00eencre\u021birea \u0219i adaug\u0103 o str\u0103lucire u\u0219oar\u0103.<\/span><\/p>\n<p><span lang=\"ro-RO\">Hidrateaz\u0103.<\/span><\/p>\n<p><span lang=\"ro-RO\">Aceast\u0103 formul\u0103 u\u0219oar\u0103 p\u0103trunde ad\u00e2nc \u00een foliculii de p\u0103r, promov\u00e2nd o cre\u0219tere mai rapid\u0103 \u0219i mai dens\u0103 a b\u0103rbii. \u00cen acela\u0219i timp, propriet\u0103\u021bile sale ajut\u0103 la calmarea pielii uscate \u0219i descuamate, protej\u00e2nd barba \u00eempotriva m\u0103tre\u021bei. Ideal pentru utilizare zilnic\u0103, acest ulei pentru barb\u0103 nu doar \u00eembun\u0103t\u0103\u021be\u0219te cre\u0219terea \u0219i stilizarea, ci \u0219i las\u0103 barba moale, hidratat\u0103 \u0219i bine \u00eengrijit\u0103.<\/span><\/p>\n<p><span lang=\"ro-RO\">Cantitate: 50 ml<\/span><\/p>\n<p><span lang=\"ro-RO\">Cu un miros irezistibil de: Alb Mosc, Chihlimbar, Vanilie, Cafea, Rozmarin.<\/span><\/p>\n<p><span lang=\"ro-RO\">Mod de utilizare: Cel mai bun moment pentru aplicare este dup\u0103 du\u0219, c\u00e2nd barba este cel mai curat\u0103 \u0219i moale. Usca\u021bi complet barba \u00eenainte de aplicarea uleiului. Pune\u021bi c\u00e2teva pic\u0103turi de ulei \u00een palme. Distribui\u021bi-l uniform \u00een palme \u0219i pe degete \u0219i aplica\u021bi-l pe barb\u0103. Face\u021bi acest proces o dat\u0103 pe zi pentru a p\u0103stra barba moale \u0219i revigorat\u0103.<\/span><\/p>\n","protected":false},"featured_media":8072,"comment_status":"open","ping_status":"closed","template":"","meta":[],"product_brand":[],"product_cat":[50],"product_tag":[],"class_list":{"0":"post-4366","1":"product","2":"type-product","3":"status-publish","4":"has-post-thumbnail","6":"product_cat-pentru-el","8":"first","9":"instock","10":"shipping-taxable","11":"purchasable","12":"product-type-simple"},"_links":{"self":[{"href":"https:\/\/carebearbg.com\/ro\/wp-json\/wp\/v2\/product\/4366","targetHints":{"allow":["GET"]}}],"collection":[{"href":"https:\/\/carebearbg.com\/ro\/wp-json\/wp\/v2\/product"}],"about":[{"href":"https:\/\/carebearbg.com\/ro\/wp-json\/wp\/v2\/types\/product"}],"replies":[{"embeddable":true,"href":"https:\/\/carebearbg.com\/ro\/wp-json\/wp\/v2\/comments?post=4366"}],"wp:featuredmedia":[{"embeddable":true,"href":"https:\/\/carebearbg.com\/ro\/wp-json\/wp\/v2\/media\/8072"}],"wp:attachment":[{"href":"https:\/\/carebearbg.com\/ro\/wp-json\/wp\/v2\/media?parent=4366"}],"wp:term":[{"taxonomy":"product_brand","embeddable":true,"href":"https:\/\/carebearbg.com\/ro\/wp-json\/wp\/v2\/product_brand?post=4366"},{"taxonomy":"product_cat","embeddable":true,"href":"https:\/\/carebearbg.com\/ro\/wp-json\/wp\/v2\/product_cat?post=4366"},{"taxonomy":"product_tag","embeddable":true,"href":"https:\/\/carebearbg.com\/ro\/wp-json\/wp\/v2\/product_tag?post=4366"}],"curies":[{"name":"wp","href":"https:\/\/api.w.org\/{rel}","templated":true}]}}