{"id":4428,"date":"2025-12-01T07:23:14","date_gmt":"2025-12-01T05:23:14","guid":{"rendered":"https:\/\/carebearbg.com\/produkt\/merry-christmas-collection\/"},"modified":"2026-03-05T17:06:23","modified_gmt":"2026-03-05T15:06:23","slug":"merry-christmas-collection","status":"publish","type":"product","link":"https:\/\/carebearbg.com\/ro\/produkt\/merry-christmas-collection\/","title":{"rendered":"CHRISTMAS COLLECTION"},"content":{"rendered":"\n\t<section class=\"section\" id=\"section_49091014\">\n\t\t<div class=\"section-bg fill\" >\n\t\t\t\t\t\t\t\t\t\n\t\t\t\n\n\t\t<\/div>\n\n\t\t\n\n\t\t<div class=\"section-content relative\">\n\t\t\t\n<div class=\"row\"  id=\"row-1241324447\">\n\n\t<div id=\"col-1313588168\" class=\"col medium-6 small-12 large-6\"  >\n\t\t\t\t<div class=\"col-inner\"  >\n\t\t\t\n\t\t\t\n\t<div class=\"box has-hover   has-hover box-text-bottom\" >\n\n\t\t<div class=\"box-image\" >\n\t\t\t\t\t\t<div class=\"\" >\n\t\t\t\t<img loading=\"lazy\" decoding=\"async\" width=\"612\" height=\"408\" src=\"https:\/\/carebearbg.com\/wp-content\/uploads\/2023\/07\/\u0448\u0435\u0430-removebg-preview.png\" class=\"attachment- size-\" alt=\"\" srcset=\"https:\/\/carebearbg.com\/wp-content\/uploads\/2023\/07\/\u0448\u0435\u0430-removebg-preview.png 612w, https:\/\/carebearbg.com\/wp-content\/uploads\/2023\/07\/\u0448\u0435\u0430-removebg-preview-300x200.png 300w, https:\/\/carebearbg.com\/wp-content\/uploads\/2023\/07\/\u0448\u0435\u0430-removebg-preview-150x100.png 150w\" sizes=\"auto, (max-width: 612px) 100vw, 612px\" \/>\t\t\t\t\t\t\t\t\t\t\t<\/div>\n\t\t\t\t\t<\/div>\n\n\t\t<div class=\"box-text text-center\" >\n\t\t\t<div class=\"box-text-inner\">\n\t\t\t\t\n\t<div id=\"text-618319335\" class=\"text\">\n\t\t\n<h4>SHEA<\/h4>\n<h4>Extras din nucile *Vitellaria paradoxa*, cunoscut sub numele de arbore de shea (karite), originar din Africa. Untul de Shea se absoarbe u\u0219or \u00een piele pentru a oferi o hidratare intens\u0103, f\u0103r\u0103 a irita \u0219i a las\u0103 reziduuri grase. Nu \u00eenfunda porii. Acest lucru \u00eel face ideal pentru pielea gras\u0103, sensibil\u0103 \u0219i matur\u0103.<\/h4>\n\t\t\n<style>\n#text-618319335 {\n  text-align: center;\n}\n<\/style>\n\t<\/div>\n\t\n\t\t\t<\/div>\n\t\t<\/div>\n\t<\/div>\n\t\n\t\t<\/div>\n\t\t\t\t\t<\/div>\n\n\t\n\n\t<div id=\"col-1109807797\" class=\"col medium-6 small-12 large-6\"  >\n\t\t\t\t<div class=\"col-inner\"  >\n\t\t\t\n\t\t\t\n\t<div class=\"box has-hover   has-hover box-text-bottom\" >\n\n\t\t<div class=\"box-image\" >\n\t\t\t\t\t\t<div class=\"\" >\n\t\t\t\t<img loading=\"lazy\" decoding=\"async\" width=\"450\" height=\"450\" src=\"https:\/\/carebearbg.com\/wp-content\/uploads\/2023\/07\/\u043c\u0443\u0440\u0443\u043c\u0443\u0440\u0443-removebg-preview.png\" class=\"attachment- size-\" alt=\"\" srcset=\"https:\/\/carebearbg.com\/wp-content\/uploads\/2023\/07\/\u043c\u0443\u0440\u0443\u043c\u0443\u0440\u0443-removebg-preview.png 450w, https:\/\/carebearbg.com\/wp-content\/uploads\/2023\/07\/\u043c\u0443\u0440\u0443\u043c\u0443\u0440\u0443-removebg-preview-300x300.png 300w, https:\/\/carebearbg.com\/wp-content\/uploads\/2023\/07\/\u043c\u0443\u0440\u0443\u043c\u0443\u0440\u0443-removebg-preview-150x150.png 150w, https:\/\/carebearbg.com\/wp-content\/uploads\/2023\/07\/\u043c\u0443\u0440\u0443\u043c\u0443\u0440\u0443-removebg-preview-100x100.png 100w\" sizes=\"auto, (max-width: 450px) 100vw, 450px\" \/>\t\t\t\t\t\t\t\t\t\t\t<\/div>\n\t\t\t\t\t<\/div>\n\n\t\t<div class=\"box-text text-center\" >\n\t\t\t<div class=\"box-text-inner\">\n\t\t\t\t\n<h4>MURU MURU<\/h4>\n<h4>Se extrage din semin\u021bele fructelor ro\u0219ii-portocalii ale palmierului Astrocaryum murumuru, originar din Brazilia \u0219i alte regiuni ale Amazonului. Uleiul de Murumuru este un aditiv calmant, protector \u0219i hr\u0103nitor pentru produsele de \u00eengrijire a pielii, destinat s\u0103 hidrateze \u0219i s\u0103 protejeze toate tipurile de piele, \u00een special pielea uscat\u0103, cr\u0103pat\u0103 \u0219i problematic\u0103. Este \u00eenc\u0103rcat cu vitamine \u0219i are un con\u021binut ridicat de acizi gra\u0219i esen\u021biali pentru o hidratare profund\u0103.<\/h4>\n\t\t\t<\/div>\n\t\t<\/div>\n\t<\/div>\n\t\n\t\t<\/div>\n\t\t\t\t\t<\/div>\n\n\t\n<\/div>\n<div class=\"row\"  id=\"row-973267098\">\n\n\t<div id=\"col-1077799838\" class=\"col medium-6 small-12 large-6\"  >\n\t\t\t\t<div class=\"col-inner\"  >\n\t\t\t\n\t\t\t\n\t<div class=\"box has-hover   has-hover box-text-bottom\" >\n\n\t\t<div class=\"box-image\" >\n\t\t\t\t\t\t<div class=\"\" >\n\t\t\t\t<img loading=\"lazy\" decoding=\"async\" width=\"500\" height=\"500\" src=\"https:\/\/carebearbg.com\/wp-content\/uploads\/2023\/07\/\u043c\u0430\u043d\u0433\u043f-removebg-preview.png\" class=\"attachment- size-\" alt=\"\" srcset=\"https:\/\/carebearbg.com\/wp-content\/uploads\/2023\/07\/\u043c\u0430\u043d\u0433\u043f-removebg-preview.png 500w, https:\/\/carebearbg.com\/wp-content\/uploads\/2023\/07\/\u043c\u0430\u043d\u0433\u043f-removebg-preview-300x300.png 300w, https:\/\/carebearbg.com\/wp-content\/uploads\/2023\/07\/\u043c\u0430\u043d\u0433\u043f-removebg-preview-150x150.png 150w, https:\/\/carebearbg.com\/wp-content\/uploads\/2023\/07\/\u043c\u0430\u043d\u0433\u043f-removebg-preview-100x100.png 100w\" sizes=\"auto, (max-width: 500px) 100vw, 500px\" \/>\t\t\t\t\t\t\t\t\t\t\t<\/div>\n\t\t\t\t\t<\/div>\n\n\t\t<div class=\"box-text text-center\" >\n\t\t\t<div class=\"box-text-inner\">\n\t\t\t\t\n\t<div id=\"text-3260239568\" class=\"text\">\n\t\t\n<h4>MANGO<\/h4>\n<h4>Extras din semin\u021bele fructului de mango. Fructul arborelui Mangifera indica provine din Asia de Sud. Uleiul din semin\u021be de mango este bogat \u00een compus polifenolic numit mangiferin\u0103, cunoscut pentru propriet\u0103\u021bile sale emoliente \u0219i antioxidante. Acest ulei rafinat prezint\u0103 calit\u0103\u021bi excelente de penetrarea a pielii. Este un ulei hr\u0103nitor, restabile\u0219te nivelurile de lipide, \u00eembun\u0103t\u0103\u021be\u0219te elasticitatea, re\u021bine umiditatea \u0219i protejeaz\u0103 pielea de factorii de mediu.<\/h4>\n\t\t\n<style>\n#text-3260239568 {\n  text-align: center;\n}\n<\/style>\n\t<\/div>\n\t\n\t\t\t<\/div>\n\t\t<\/div>\n\t<\/div>\n\t\n\t\t<\/div>\n\t\t\t\t\t<\/div>\n\n\t\n\n\t<div id=\"col-147758337\" class=\"col medium-6 small-12 large-6\"  >\n\t\t\t\t<div class=\"col-inner\"  >\n\t\t\t\n\t\t\t\n\t<div class=\"box has-hover   has-hover box-text-bottom\" >\n\n\t\t<div class=\"box-image\" >\n\t\t\t\t\t\t<div class=\"\" >\n\t\t\t\t<img loading=\"lazy\" decoding=\"async\" width=\"497\" height=\"497\" src=\"https:\/\/carebearbg.com\/wp-content\/uploads\/2023\/07\/\u0432\u0438\u0442\u0430\u043c\u0438\u043d_\u0435-removebg-preview.png\" class=\"attachment- size-\" alt=\"\" srcset=\"https:\/\/carebearbg.com\/wp-content\/uploads\/2023\/07\/\u0432\u0438\u0442\u0430\u043c\u0438\u043d_\u0435-removebg-preview.png 497w, https:\/\/carebearbg.com\/wp-content\/uploads\/2023\/07\/\u0432\u0438\u0442\u0430\u043c\u0438\u043d_\u0435-removebg-preview-300x300.png 300w, https:\/\/carebearbg.com\/wp-content\/uploads\/2023\/07\/\u0432\u0438\u0442\u0430\u043c\u0438\u043d_\u0435-removebg-preview-150x150.png 150w, https:\/\/carebearbg.com\/wp-content\/uploads\/2023\/07\/\u0432\u0438\u0442\u0430\u043c\u0438\u043d_\u0435-removebg-preview-100x100.png 100w\" sizes=\"auto, (max-width: 497px) 100vw, 497px\" \/>\t\t\t\t\t\t\t\t\t\t\t<\/div>\n\t\t\t\t\t<\/div>\n\n\t\t<div class=\"box-text text-center\" >\n\t\t\t<div class=\"box-text-inner\">\n\t\t\t\t\n<h4>VITAMINA E<\/h4>\n<h4>Uleiul de vitamina E este derivat \u00een mod natural din surse vegetale non-OMG: uleiul nostru de vitamina E este bogat \u00een d-alfa-tocoferol, un antioxidant puternic care ajut\u0103 la neutralizarea radicalilor liberi, hidrateaz\u0103 pielea \u0219i \u00eei \u00eembun\u0103t\u0103\u021be\u0219te aspectul.<\/h4>\n\t\t\t<\/div>\n\t\t<\/div>\n\t<\/div>\n\t\n\t\t<\/div>\n\t\t\t\t\t<\/div>\n\n\t\n<\/div>\n<div class=\"row\"  id=\"row-832123413\">\n\n\t<div id=\"col-23178280\" class=\"col medium-6 small-12 large-6\"  >\n\t\t\t\t<div class=\"col-inner\"  >\n\t\t\t\n\t\t\t\n\t<div class=\"box has-hover   has-hover box-text-bottom\" >\n\n\t\t<div class=\"box-image\" >\n\t\t\t\t\t\t<div class=\"\" >\n\t\t\t\t<img loading=\"lazy\" decoding=\"async\" width=\"707\" height=\"353\" src=\"https:\/\/carebearbg.com\/wp-content\/uploads\/2023\/07\/\u0433\u0440\u043e\u0437\u0434\u0435-removebg-preview.png\" class=\"attachment- size-\" alt=\"\" srcset=\"https:\/\/carebearbg.com\/wp-content\/uploads\/2023\/07\/\u0433\u0440\u043e\u0437\u0434\u0435-removebg-preview.png 707w, https:\/\/carebearbg.com\/wp-content\/uploads\/2023\/07\/\u0433\u0440\u043e\u0437\u0434\u0435-removebg-preview-300x150.png 300w, https:\/\/carebearbg.com\/wp-content\/uploads\/2023\/07\/\u0433\u0440\u043e\u0437\u0434\u0435-removebg-preview-150x75.png 150w\" sizes=\"auto, (max-width: 707px) 100vw, 707px\" \/>\t\t\t\t\t\t\t\t\t\t\t<\/div>\n\t\t\t\t\t<\/div>\n\n\t\t<div class=\"box-text text-center\" >\n\t\t\t<div class=\"box-text-inner\">\n\t\t\t\t\n\t<div id=\"text-1368966356\" class=\"text\">\n\t\t\n<h4>STRUGURE<\/h4>\n<h4>Uleiul de semin\u021be de struguri este bogat \u00een polifenoli, \u00een special complexe oligomerice de proantocianidine (OPCs) \u2013 considerate unele dintre cei mai puternici antioxidan\u021bi din natur\u0103. Nivelurile ridicate de acid linoleic Omega-6 contribuie la formarea ceramidelor pe suprafa\u021ba pielii.<\/h4>\n\t\t\n<style>\n#text-1368966356 {\n  text-align: center;\n}\n<\/style>\n\t<\/div>\n\t\n\t\t\t<\/div>\n\t\t<\/div>\n\t<\/div>\n\t\n\t\t<\/div>\n\t\t\t\t\t<\/div>\n\n\t\n\n\t<div id=\"col-1443576324\" class=\"col medium-6 small-12 large-6\"  >\n\t\t\t\t<div class=\"col-inner\"  >\n\t\t\t\n\t\t\t\n\t<div class=\"box has-hover   has-hover box-text-bottom\" >\n\n\t\t<div class=\"box-image\" >\n\t\t\t\t\t\t<div class=\"\" >\n\t\t\t\t<img loading=\"lazy\" decoding=\"async\" width=\"246\" height=\"204\" src=\"https:\/\/carebearbg.com\/wp-content\/uploads\/2023\/07\/\u043d\u0430\u0440-removebg-preview.png\" class=\"attachment- size-\" alt=\"\" srcset=\"https:\/\/carebearbg.com\/wp-content\/uploads\/2023\/07\/\u043d\u0430\u0440-removebg-preview.png 246w, https:\/\/carebearbg.com\/wp-content\/uploads\/2023\/07\/\u043d\u0430\u0440-removebg-preview-150x124.png 150w\" sizes=\"auto, (max-width: 246px) 100vw, 246px\" \/>\t\t\t\t\t\t\t\t\t\t\t<\/div>\n\t\t\t\t\t<\/div>\n\n\t\t<div class=\"box-text text-center\" >\n\t\t\t<div class=\"box-text-inner\">\n\t\t\t\t\n<h4>RODIE<\/h4>\n<h4>Ulei din frumoasele fructe ro\u0219u-purpurii de *Punica granatum*, cultivate \u00een livezi \u00eensorite din subcontinentul indian. Bogat \u00een vitamina E, uleiul de rodie protejeaz\u0103 celulele pielii de deterior\u0103rile oxidative datorit\u0103 propriet\u0103\u021bilor sale antioxidante excelente, oferind pielii un aspect t\u00e2n\u0103r \u0219i frumos.<\/h4>\n\t\t\t<\/div>\n\t\t<\/div>\n\t<\/div>\n\t\n\t\t<\/div>\n\t\t\t\t\t<\/div>\n\n\t\n<\/div>\n<div class=\"row\"  id=\"row-1610409091\">\n\n\t<div id=\"col-881371643\" class=\"col medium-6 small-12 large-6\"  >\n\t\t\t\t<div class=\"col-inner\"  >\n\t\t\t\n\t\t\t\n\t<div class=\"box has-hover   has-hover box-text-bottom\" >\n\n\t\t<div class=\"box-image\" >\n\t\t\t\t\t\t<div class=\"\" >\n\t\t\t\t<img loading=\"lazy\" decoding=\"async\" width=\"867\" height=\"288\" src=\"https:\/\/carebearbg.com\/wp-content\/uploads\/2023\/06\/\u0436\u043e\u0436\u043e\u0431\u0430-removebg-preview.png\" class=\"attachment- size-\" alt=\"\" srcset=\"https:\/\/carebearbg.com\/wp-content\/uploads\/2023\/06\/\u0436\u043e\u0436\u043e\u0431\u0430-removebg-preview.png 867w, https:\/\/carebearbg.com\/wp-content\/uploads\/2023\/06\/\u0436\u043e\u0436\u043e\u0431\u0430-removebg-preview-300x100.png 300w, https:\/\/carebearbg.com\/wp-content\/uploads\/2023\/06\/\u0436\u043e\u0436\u043e\u0431\u0430-removebg-preview-150x50.png 150w, https:\/\/carebearbg.com\/wp-content\/uploads\/2023\/06\/\u0436\u043e\u0436\u043e\u0431\u0430-removebg-preview-768x255.png 768w\" sizes=\"auto, (max-width: 867px) 100vw, 867px\" \/>\t\t\t\t\t\t\t\t\t\t\t<\/div>\n\t\t\t\t\t<\/div>\n\n\t\t<div class=\"box-text text-center\" >\n\t\t\t<div class=\"box-text-inner\">\n\t\t\t\t\n\t<div id=\"text-3712799553\" class=\"text\">\n\t\t\n<h4>JOJOBA<\/h4>\n<h4>Uleiul de jojoba, originar din de\u0219ertul Sonora din Arizona, nordul Mexicului \u0219i California arid\u0103, este bogat \u00een vitaminele A, E \u0219i D, care sporesc frumuse\u021bea, precum \u0219i \u00een antioxidan\u021bi \u0219i acizi gra\u0219i. Uleiul de jojoba poate p\u0103trunde ad\u00e2nc, ajung\u00e2nd sub stratul superior al pielii pentru o hr\u0103nire maxim\u0103.<\/h4>\n\t\t\n<style>\n#text-3712799553 {\n  text-align: center;\n}\n<\/style>\n\t<\/div>\n\t\n\t\t\t<\/div>\n\t\t<\/div>\n\t<\/div>\n\t\n\t\t<\/div>\n\t\t\t\t\t<\/div>\n\n\t\n<\/div>\n\t\t<\/div>\n\n\t\t\n<style>\n#section_49091014 {\n  padding-top: 30px;\n  padding-bottom: 30px;\n}\n<\/style>\n\t<\/section>\n\t\n<p>&nbsp;<\/p>\n","protected":false},"excerpt":{"rendered":"<p>MAGIE DE CR\u0102CIUN CU MIROS DE BISCUI\u021aI DE CR\u0102CIUN, CARE SE TOPESC PE PIELE CA O BUC\u0102\u021aIC\u0102 DE CIOCOLAT\u0102 \u00ceN GUR\u0102!<\/p>\n<p>BODY BUTTER MERRY CHRISTMAS<\/p>\n<p>BODY BATH BUTTER MERRY CHRISTMAS<\/p>\n<p>BODY GLAZE MERRY CHRISTMAS<\/p>\n<p>CADOU: LINGURI\u021a\u0102 COSMETIC\u0102 AURIE<\/p>\n","protected":false},"featured_media":6715,"comment_status":"open","ping_status":"closed","template":"","meta":[],"product_brand":[],"product_cat":[51],"product_tag":[],"class_list":{"0":"post-4428","1":"product","2":"type-product","3":"status-publish","4":"has-post-thumbnail","6":"product_cat-colectii","8":"first","9":"outofstock","10":"shipping-taxable","11":"purchasable","12":"product-type-simple"},"_links":{"self":[{"href":"https:\/\/carebearbg.com\/ro\/wp-json\/wp\/v2\/product\/4428","targetHints":{"allow":["GET"]}}],"collection":[{"href":"https:\/\/carebearbg.com\/ro\/wp-json\/wp\/v2\/product"}],"about":[{"href":"https:\/\/carebearbg.com\/ro\/wp-json\/wp\/v2\/types\/product"}],"replies":[{"embeddable":true,"href":"https:\/\/carebearbg.com\/ro\/wp-json\/wp\/v2\/comments?post=4428"}],"wp:featuredmedia":[{"embeddable":true,"href":"https:\/\/carebearbg.com\/ro\/wp-json\/wp\/v2\/media\/6715"}],"wp:attachment":[{"href":"https:\/\/carebearbg.com\/ro\/wp-json\/wp\/v2\/media?parent=4428"}],"wp:term":[{"taxonomy":"product_brand","embeddable":true,"href":"https:\/\/carebearbg.com\/ro\/wp-json\/wp\/v2\/product_brand?post=4428"},{"taxonomy":"product_cat","embeddable":true,"href":"https:\/\/carebearbg.com\/ro\/wp-json\/wp\/v2\/product_cat?post=4428"},{"taxonomy":"product_tag","embeddable":true,"href":"https:\/\/carebearbg.com\/ro\/wp-json\/wp\/v2\/product_tag?post=4428"}],"curies":[{"name":"wp","href":"https:\/\/api.w.org\/{rel}","templated":true}]}}