{"id":4433,"date":"2023-10-22T15:43:38","date_gmt":"2023-10-22T12:43:38","guid":{"rendered":"https:\/\/carebearbg.com\/produkt\/green-haze-collection\/"},"modified":"2025-04-23T01:00:54","modified_gmt":"2025-04-22T22:00:54","slug":"green-haze-collection","status":"publish","type":"product","link":"https:\/\/carebearbg.com\/ro\/produkt\/green-haze-collection\/","title":{"rendered":"GREEN HAZE COLLECTION"},"content":{"rendered":"<p><strong>SCRUB DE CORP SMOOTING GREEN HAZE &#8211; Scrubul nostru exfoliant cu sare din Marea Moart\u0103 \u00eendep\u0103rteaz\u0103 celulele moarte, l\u0103s\u00e2nd pielea neted\u0103, moale \u0219i hidratat\u0103. Combin\u00e2nd uleiuri \u0219i unturi pure \u0219i naturale din: shea, kokum, ulei CBD, broccoli, piersic\u0103 \u0219i vitamina E. Permite\u021bi pielii dumneavoastr\u0103 s\u0103 str\u0103luceasc\u0103 cu o prospe\u021bime nou\u0103 \u0219i o fine\u021be m\u0103t\u0103soas\u0103 cu scrubul nostru.<\/strong><\/p>\n<p><strong>CREM\u0102 DE CORP GREEN HAZE &#8211; Formula noastr\u0103 cu un con\u021binut ridicat de ingrediente hidratante transform\u0103 chiar \u0219i cea mai uscat\u0103 piele \u00een una moale \u0219i neted\u0103. \u00cembog\u0103\u021bit\u0103 cu extracte \u0219i uleiuri naturale din: ulei CBD, extract CBD, ulei de castravete, extract de castravete \u0219i vitamina E. Aceast\u0103 crem\u0103 restabile\u0219te elasticitatea pielii \u0219i o protejeaz\u0103 de factorii nocivi ai mediului. Aplica\u021bi cu \u00eencredere \u0219i sim\u021bi\u021bi cum pielea dumneavoastr\u0103 se transform\u0103 \u00eentr-una s\u0103n\u0103toas\u0103 \u0219i hidratat\u0103.<\/strong><\/p>\n<p><strong>BURETE EXFOLIANT LUFA &#8211; Loofah este o plant\u0103 tropical\u0103 sau subtropical\u0103 uscat\u0103. Aceste plante, care seam\u0103n\u0103 cu castrave\u021bi mari, cresc pe tot parcursul anului \u00een aproape orice climat tropical. Loofah-ul fibros uscat a fost folosit \u00een Egipt \u0219i Asia de c\u00e2teva mii de ani. Natural dur c\u00e2nd este uscat, odat\u0103 ce loofah-ul absoarbe ap\u0103 cald\u0103 \u00een du\u0219 sau baie, v\u0103 ofer\u0103 scrubul exfoliant perfect.<\/strong><\/p>\n","protected":false},"excerpt":{"rendered":"<p><strong>SCRUB DE CORP SMOOTING GREEN HAZE<\/strong><\/p>\n<p><strong>+<\/strong><\/p>\n<p><strong>CREM\u0102 DE CORP GREEN HAZE<\/strong><\/p>\n<p><strong>+<\/strong><\/p>\n<p><strong>CADOU: BURETE EXFOLIANT LUFA (BURETE EXFOLIANT DIN LOOFAH)<\/strong><\/p>\n<h1 class=\"product-title product_title entry-title\"><\/h1>\n<p>&nbsp;<\/p>\n","protected":false},"featured_media":8033,"comment_status":"open","ping_status":"closed","template":"","meta":[],"product_brand":[],"product_cat":[51],"product_tag":[],"class_list":{"0":"post-4433","1":"product","2":"type-product","3":"status-publish","4":"has-post-thumbnail","6":"product_cat-colectii","8":"first","9":"instock","10":"sale","11":"shipping-taxable","12":"purchasable","13":"product-type-simple"},"_links":{"self":[{"href":"https:\/\/carebearbg.com\/ro\/wp-json\/wp\/v2\/product\/4433","targetHints":{"allow":["GET"]}}],"collection":[{"href":"https:\/\/carebearbg.com\/ro\/wp-json\/wp\/v2\/product"}],"about":[{"href":"https:\/\/carebearbg.com\/ro\/wp-json\/wp\/v2\/types\/product"}],"replies":[{"embeddable":true,"href":"https:\/\/carebearbg.com\/ro\/wp-json\/wp\/v2\/comments?post=4433"}],"wp:featuredmedia":[{"embeddable":true,"href":"https:\/\/carebearbg.com\/ro\/wp-json\/wp\/v2\/media\/8033"}],"wp:attachment":[{"href":"https:\/\/carebearbg.com\/ro\/wp-json\/wp\/v2\/media?parent=4433"}],"wp:term":[{"taxonomy":"product_brand","embeddable":true,"href":"https:\/\/carebearbg.com\/ro\/wp-json\/wp\/v2\/product_brand?post=4433"},{"taxonomy":"product_cat","embeddable":true,"href":"https:\/\/carebearbg.com\/ro\/wp-json\/wp\/v2\/product_cat?post=4433"},{"taxonomy":"product_tag","embeddable":true,"href":"https:\/\/carebearbg.com\/ro\/wp-json\/wp\/v2\/product_tag?post=4433"}],"curies":[{"name":"wp","href":"https:\/\/api.w.org\/{rel}","templated":true}]}}