{"id":4445,"date":"2023-07-13T12:31:28","date_gmt":"2023-07-13T09:31:28","guid":{"rendered":"https:\/\/carebearbg.com\/produkt\/exfolianting-sponge-lufa-carebear\/"},"modified":"2025-02-17T11:44:00","modified_gmt":"2025-02-17T09:44:00","slug":"exfolianting-sponge-lufa-carebear","status":"publish","type":"product","link":"https:\/\/carebearbg.com\/ro\/produkt\/exfolianting-sponge-lufa-carebear\/","title":{"rendered":"EXFOLIANTING SPONGE LUFA"},"content":{"rendered":"<p>Loofah este o dovlece tropical sau subtropical uscat. Aceste plante, care sem\u0103n\u0103 cu castrave\u021bi mari, cresc pe tot parcursul anului \u00een aproape orice climat tropical. Loofah-ul fibros uscat a fost folosit \u00een Egipt \u0219i Asia de c\u00e2teva mii de ani. Este natural de tare atunci c\u00e2nd este uscat, dar dup\u0103 ce loofah-ul absoarbe ap\u0103 cald\u0103 sub du\u0219 sau \u00een cad\u0103, va oferi un scrub exfoliant perfect.<\/p>\n<p>Mod de utilizare: \u00cenmuia\u021bi loofah-ul \u00een ap\u0103 cald\u0103 timp de c\u00e2teva minute, l\u0103s\u00e2ndu-l s\u0103 se umfle \u0219i s\u0103 devin\u0103 mai moale. Aplica\u021bi produsul de cur\u0103\u021bare ales de dumneavoastr\u0103 pentru a cur\u0103\u021ba u\u0219or \u0219i exfolia corpul, pentru o piele mai moale \u0219i mai neted\u0103.<\/p>\n","protected":false},"excerpt":{"rendered":"<p>Burete exfoliant pentru corp 100% organic din loofah.<\/p>\n","protected":false},"featured_media":8108,"comment_status":"closed","ping_status":"closed","template":"","meta":[],"product_brand":[],"product_cat":[52],"product_tag":[],"class_list":{"0":"post-4445","1":"product","2":"type-product","3":"status-publish","4":"has-post-thumbnail","6":"product_cat-accesorii","8":"first","9":"instock","10":"shipping-taxable","11":"purchasable","12":"product-type-simple"},"_links":{"self":[{"href":"https:\/\/carebearbg.com\/ro\/wp-json\/wp\/v2\/product\/4445","targetHints":{"allow":["GET"]}}],"collection":[{"href":"https:\/\/carebearbg.com\/ro\/wp-json\/wp\/v2\/product"}],"about":[{"href":"https:\/\/carebearbg.com\/ro\/wp-json\/wp\/v2\/types\/product"}],"replies":[{"embeddable":true,"href":"https:\/\/carebearbg.com\/ro\/wp-json\/wp\/v2\/comments?post=4445"}],"wp:featuredmedia":[{"embeddable":true,"href":"https:\/\/carebearbg.com\/ro\/wp-json\/wp\/v2\/media\/8108"}],"wp:attachment":[{"href":"https:\/\/carebearbg.com\/ro\/wp-json\/wp\/v2\/media?parent=4445"}],"wp:term":[{"taxonomy":"product_brand","embeddable":true,"href":"https:\/\/carebearbg.com\/ro\/wp-json\/wp\/v2\/product_brand?post=4445"},{"taxonomy":"product_cat","embeddable":true,"href":"https:\/\/carebearbg.com\/ro\/wp-json\/wp\/v2\/product_cat?post=4445"},{"taxonomy":"product_tag","embeddable":true,"href":"https:\/\/carebearbg.com\/ro\/wp-json\/wp\/v2\/product_tag?post=4445"}],"curies":[{"name":"wp","href":"https:\/\/api.w.org\/{rel}","templated":true}]}}