{"id":4458,"date":"2023-07-12T14:43:23","date_gmt":"2023-07-12T11:43:23","guid":{"rendered":"https:\/\/carebearbg.com\/produkt\/body-cream-green-haze\/"},"modified":"2026-03-14T16:03:14","modified_gmt":"2026-03-14T14:03:14","slug":"body-cream-green-haze","status":"publish","type":"product","link":"https:\/\/carebearbg.com\/ro\/produkt\/body-cream-green-haze\/","title":{"rendered":"BODY CREAM GREEN HAZE"},"content":{"rendered":"\n\t<section class=\"section\" id=\"section_1903908302\">\n\t\t<div class=\"section-bg fill\" >\n\t\t\t\t\t\t\t\t\t\n\t\t\t\n\n\t\t<\/div>\n\n\t\t\n\n\t\t<div class=\"section-content relative\">\n\t\t\t\n<div class=\"row\"  id=\"row-1671150166\">\n\n\t<div id=\"col-1219473282\" class=\"col medium-6 small-12 large-6\"  >\n\t\t\t\t<div class=\"col-inner\"  >\n\t\t\t\n\t\t\t\n\t<div class=\"box has-hover   has-hover box-text-bottom\" >\n\n\t\t<div class=\"box-image\" >\n\t\t\t\t\t\t<div class=\"\" >\n\t\t\t\t<img loading=\"lazy\" decoding=\"async\" width=\"885\" height=\"620\" src=\"https:\/\/carebearbg.com\/wp-content\/uploads\/2023\/07\/cbt.jpg\" class=\"attachment- size-\" alt=\"\" srcset=\"https:\/\/carebearbg.com\/wp-content\/uploads\/2023\/07\/cbt.jpg 885w, https:\/\/carebearbg.com\/wp-content\/uploads\/2023\/07\/cbt-300x210.jpg 300w, https:\/\/carebearbg.com\/wp-content\/uploads\/2023\/07\/cbt-150x105.jpg 150w, https:\/\/carebearbg.com\/wp-content\/uploads\/2023\/07\/cbt-768x538.jpg 768w\" sizes=\"auto, (max-width: 885px) 100vw, 885px\" \/>\t\t\t\t\t\t\t\t\t\t\t<\/div>\n\t\t\t\t\t<\/div>\n\n\t\t<div class=\"box-text text-center\" >\n\t\t\t<div class=\"box-text-inner\">\n\t\t\t\t\n<h4>ULEI DE C\u00c2NEP\u0102<\/h4>\n<h4>Bogat \u00een propriet\u0103\u021bi care \u00eel fac un hidratant foarte eficient, ac\u021bion\u00e2nd ca un emolient pentru a \u00eenmuia \u0219i netezi pielea. Uleiul din semin\u021be de c\u00e2nep\u0103 are un con\u021binut ridicat de acizi gra\u0219i esen\u021biali (omega 3 \u0219i 6), care sus\u021bin pielea \u0219i \u00eei ofer\u0103 str\u0103lucire. CBD este cunoscut pentru reducerea ro\u0219e\u021bii \u0219i calmarea pielii. \u00cen plus, este un aliat \u00een reducerea problemelor pielii cauzate de acnee, datorit\u0103 propriet\u0103\u021bilor sale necomedogene. Este utilizat \u0219i pentru relaxarea mu\u0219chilor dup\u0103 efort fizic.<\/h4>\n\t\t\t<\/div>\n\t\t<\/div>\n\t<\/div>\n\t\n\t\t<\/div>\n\t\t\t\t\t<\/div>\n\n\t\n\n\t<div id=\"col-84023410\" class=\"col medium-6 small-12 large-6\"  >\n\t\t\t\t<div class=\"col-inner\"  >\n\t\t\t\n\t\t\t\n\t<div class=\"box has-hover   has-hover box-text-bottom\" >\n\n\t\t<div class=\"box-image\" >\n\t\t\t\t\t\t<div class=\"\" >\n\t\t\t\t<img loading=\"lazy\" decoding=\"async\" width=\"420\" height=\"320\" src=\"https:\/\/carebearbg.com\/wp-content\/uploads\/2023\/06\/\u043a\u0440\u0430\u0441\u0442\u0430\u0432\u0438\u0446\u0430-removebg-preview.png\" class=\"attachment- size-\" alt=\"\" srcset=\"https:\/\/carebearbg.com\/wp-content\/uploads\/2023\/06\/\u043a\u0440\u0430\u0441\u0442\u0430\u0432\u0438\u0446\u0430-removebg-preview.png 420w, https:\/\/carebearbg.com\/wp-content\/uploads\/2023\/06\/\u043a\u0440\u0430\u0441\u0442\u0430\u0432\u0438\u0446\u0430-removebg-preview-300x229.png 300w, https:\/\/carebearbg.com\/wp-content\/uploads\/2023\/06\/\u043a\u0440\u0430\u0441\u0442\u0430\u0432\u0438\u0446\u0430-removebg-preview-150x114.png 150w\" sizes=\"auto, (max-width: 420px) 100vw, 420px\" \/>\t\t\t\t\t\t\t\t\t\t\t<\/div>\n\t\t\t\t\t<\/div>\n\n\t\t<div class=\"box-text text-center\" >\n\t\t\t<div class=\"box-text-inner\">\n\t\t\t\t\n<h4>ULEI DE CASTRAVETE<\/h4>\n<h4>Datorit\u0103 propriet\u0103\u021bilor sale antioxidante puternice, uleiul de castravete combate radicalii liberi cauza\u021bi de stresul oxidativ atunci c\u00e2nd pielea este expus\u0103 la lumina UV nociv\u0103. Promoveaz\u0103 regenerarea celular\u0103, ceea ce \u00eel face o alegere excelent\u0103 pentru toate tipurile de piele. Con\u021binutul ridicat de tocoferoli naturali \u0219i fitosteroli \u00eei spore\u0219te beneficiile de protec\u021bie \u0219i hr\u0103nire pentru \u00eengrijirea personal\u0103. Fitosterolii sunt, de asemenea, cunoscu\u021bi pentru capacitatea lor de a hr\u0103ni \u0219i stimula celulele pielii, \u00eencuraj\u00e2nd regenerarea celulelor s\u0103n\u0103toase. Uleiul de castravete con\u021bine un procent semnificativ de acid oleic Omega-9 \u0219i acid linoleic Omega-6. Poate fi eficient \u00een tratarea pielii uscate, eczemei, psoriazisului \u0219i pielii arse de soare.<\/h4>\n\t\t\t<\/div>\n\t\t<\/div>\n\t<\/div>\n\t\n\t\t<\/div>\n\t\t\t\t\t<\/div>\n\n\t\n<\/div>\n<div class=\"row\"  id=\"row-405005161\">\n\n\t<div id=\"col-552870859\" class=\"col medium-6 small-12 large-6\"  >\n\t\t\t\t<div class=\"col-inner\"  >\n\t\t\t\n\t\t\t\n\t<div class=\"box has-hover   has-hover box-text-bottom\" >\n\n\t\t<div class=\"box-image\" >\n\t\t\t\t\t\t<div class=\"\" >\n\t\t\t\t<img loading=\"lazy\" decoding=\"async\" width=\"885\" height=\"620\" src=\"https:\/\/carebearbg.com\/wp-content\/uploads\/2023\/07\/cbt.jpg\" class=\"attachment- size-\" alt=\"\" srcset=\"https:\/\/carebearbg.com\/wp-content\/uploads\/2023\/07\/cbt.jpg 885w, https:\/\/carebearbg.com\/wp-content\/uploads\/2023\/07\/cbt-300x210.jpg 300w, https:\/\/carebearbg.com\/wp-content\/uploads\/2023\/07\/cbt-150x105.jpg 150w, https:\/\/carebearbg.com\/wp-content\/uploads\/2023\/07\/cbt-768x538.jpg 768w\" sizes=\"auto, (max-width: 885px) 100vw, 885px\" \/>\t\t\t\t\t\t\t\t\t\t\t<\/div>\n\t\t\t\t\t<\/div>\n\n\t\t<div class=\"box-text text-center\" >\n\t\t\t<div class=\"box-text-inner\">\n\t\t\t\t\n<h4>EXTRACT DE CBD<\/h4>\n<h4>Ingredientele pe baz\u0103 de plante, cum ar fi terpenele, canabinoizii \u0219i acizii gra\u0219i omega-6 \u0219i omega-3, interac\u021bioneaz\u0103 perfect cu pielea. Ac\u021bioneaz\u0103 ca un hidratant, atr\u0103g\u00e2nd ap\u0103 \u00een combina\u021bie cu acizii omega care sprijin\u0103 hidratarea. Are efecte antiinflamatoare \u0219i calmante, oferind pielii o str\u0103lucire natural\u0103.<\/h4>\n<h4>Cultivat \u00een mici ferme locale din Australia.<\/h4>\n\t\t\t<\/div>\n\t\t<\/div>\n\t<\/div>\n\t\n\t\t<\/div>\n\t\t\t\t\t<\/div>\n\n\t\n\n\t<div id=\"col-85078991\" class=\"col medium-6 small-12 large-6\"  >\n\t\t\t\t<div class=\"col-inner\"  >\n\t\t\t\n\t\t\t\n\t<div class=\"box has-hover   has-hover box-text-bottom\" >\n\n\t\t<div class=\"box-image\" >\n\t\t\t\t\t\t<div class=\"\" >\n\t\t\t\t<img loading=\"lazy\" decoding=\"async\" width=\"420\" height=\"320\" src=\"https:\/\/carebearbg.com\/wp-content\/uploads\/2023\/06\/\u043a\u0440\u0430\u0441\u0442\u0430\u0432\u0438\u0446\u0430-removebg-preview.png\" class=\"attachment- size-\" alt=\"\" srcset=\"https:\/\/carebearbg.com\/wp-content\/uploads\/2023\/06\/\u043a\u0440\u0430\u0441\u0442\u0430\u0432\u0438\u0446\u0430-removebg-preview.png 420w, https:\/\/carebearbg.com\/wp-content\/uploads\/2023\/06\/\u043a\u0440\u0430\u0441\u0442\u0430\u0432\u0438\u0446\u0430-removebg-preview-300x229.png 300w, https:\/\/carebearbg.com\/wp-content\/uploads\/2023\/06\/\u043a\u0440\u0430\u0441\u0442\u0430\u0432\u0438\u0446\u0430-removebg-preview-150x114.png 150w\" sizes=\"auto, (max-width: 420px) 100vw, 420px\" \/>\t\t\t\t\t\t\t\t\t\t\t<\/div>\n\t\t\t\t\t<\/div>\n\n\t\t<div class=\"box-text text-center\" >\n\t\t\t<div class=\"box-text-inner\">\n\t\t\t\t\n<h4>EXTRACT DE CASTRAVETE<\/h4>\n<h4>Re\u00eemprosp\u0103teaz\u0103 \u0219i tonific\u0103 pielea obosit\u0103, oferind beneficii de iluminare, exfoliere, anti-\u00eemb\u0103tr\u00e2nire, anti-pete \u0219i hidratare. \u00cembun\u0103t\u0103\u021be\u0219te aspectul pielii \u0219i dezv\u0103luie un ten radiant.<\/h4>\n\t\t\t<\/div>\n\t\t<\/div>\n\t<\/div>\n\t\n\t\t<\/div>\n\t\t\t\t\t<\/div>\n\n\t\n<\/div>\n<div class=\"row\"  id=\"row-326303851\">\n\n\t<div id=\"col-678095519\" class=\"col medium-6 small-12 large-6\"  >\n\t\t\t\t<div class=\"col-inner\"  >\n\t\t\t\n\t\t\t\n\t<div class=\"box has-hover   has-hover box-text-bottom\" >\n\n\t\t<div class=\"box-image\" >\n\t\t\t\t\t\t<div class=\"\" >\n\t\t\t\t<img loading=\"lazy\" decoding=\"async\" width=\"497\" height=\"497\" src=\"https:\/\/carebearbg.com\/wp-content\/uploads\/2023\/07\/\u0432\u0438\u0442\u0430\u043c\u0438\u043d_\u0435-removebg-preview.png\" class=\"attachment- size-\" alt=\"\" srcset=\"https:\/\/carebearbg.com\/wp-content\/uploads\/2023\/07\/\u0432\u0438\u0442\u0430\u043c\u0438\u043d_\u0435-removebg-preview.png 497w, https:\/\/carebearbg.com\/wp-content\/uploads\/2023\/07\/\u0432\u0438\u0442\u0430\u043c\u0438\u043d_\u0435-removebg-preview-300x300.png 300w, https:\/\/carebearbg.com\/wp-content\/uploads\/2023\/07\/\u0432\u0438\u0442\u0430\u043c\u0438\u043d_\u0435-removebg-preview-150x150.png 150w, https:\/\/carebearbg.com\/wp-content\/uploads\/2023\/07\/\u0432\u0438\u0442\u0430\u043c\u0438\u043d_\u0435-removebg-preview-100x100.png 100w\" sizes=\"auto, (max-width: 497px) 100vw, 497px\" \/>\t\t\t\t\t\t\t\t\t\t\t<\/div>\n\t\t\t\t\t<\/div>\n\n\t\t<div class=\"box-text text-center\" >\n\t\t\t<div class=\"box-text-inner\">\n\t\t\t\t\n<h4>VITAMINA E<\/h4>\n<h4>Uleiul de Vitamina E este derivat natural din surse vegetale non-OMG: uleiul nostru de Vitamina E este bogat \u00een d-alpha-tocoferol, un antioxidant puternic care ajut\u0103 la neutralizarea radicalilor liberi, hidrateaz\u0103 pielea \u0219i \u00eembun\u0103t\u0103\u021be\u0219te aspectul acesteia.<\/h4>\n\t\t\t<\/div>\n\t\t<\/div>\n\t<\/div>\n\t\n\t\t<\/div>\n\t\t\t\t\t<\/div>\n\n\t\n<\/div>\n\t\t<\/div>\n\n\t\t\n<style>\n#section_1903908302 {\n  padding-top: 30px;\n  padding-bottom: 30px;\n}\n<\/style>\n\t<\/section>\n\t\n<p>INCI \/Ingrediente\/\u0421\u044a\u0441\u0442\u0430\u0432:<br \/>\nAqua, Ulei de Semin\u021be de Cannabis Sativa, Isononyl Isononanoate,<br \/>\nParfum, Ulei de Semin\u021be de Cucumis Sativus, Glicerin\u0103, Extract de Fructe Cucumis Sativus,<br \/>\nAcid Citric, Copolimer de Acrila\u021bi de Sodiu, Lecitin\u0103, Extract de Semin\u021be de Cannabis Sativa,<br \/>\nTocoferol, Ulei de Semin\u021be de Helianthus Annuus, Crosspolimer de Poliacrilat-6,<br \/>\nFitat de Sodiu, Alcool, CI 10020, Benzoat de Sodiu, Sorbat de Potasiu,<br \/>\nAlcool Benzilic, Acid Salicilic, Acid Sorbic, Amyl Cinnamal, Benzil<br \/>\nBenzoat, Citral, Citronelol, Geraniol, Hexyl Cinnamal, Hydroxycitronellal,<br \/>\nIzoeugenol, D-Limonen\u0103, Linalool<\/p>\n","protected":false},"excerpt":{"rendered":"<p>Crem\u0103 hidratant\u0103 de corp pentru utilizare zilnic\u0103.<br \/>\nFormula bogat\u0103 care se absoarbe u\u0219or, nu este lipicioas\u0103 \u0219i ofer\u0103 hidratare intens\u0103 datorit\u0103 extractului de CBD. Uleiul hr\u0103nitor de CBD \u0219i uleiul regenerant de castravete netezesc, hr\u0103nesc \u0219i \u00eengrijesc pielea, l\u0103s\u00e2nd-o moale, catifelat\u0103 \u0219i str\u0103lucitoare. CBD este cunoscut pentru reducerea ro\u0219e\u021bii \u0219i calmarea pielii. \u00cen plus, este un aliat \u00een reducerea problemelor cauzate de acnee, datorit\u0103 propriet\u0103\u021bilor sale necomedogene. Este utilizat \u0219i pentru relaxarea mu\u0219chilor dup\u0103 efort fizic. Propriet\u0103\u021bile revigorante ale produsului se datoreaz\u0103 extractului de castravete. O formul\u0103 modern\u0103 f\u0103r\u0103 parabeni, siliconi, ceruri \u0219i parafine, respect\u00e2nd natura.<br \/>\nMirosul ispititor de Piersic\u0103, Par\u0103, Mosc, Vanilie \u0219i Patchouli se va r\u0103sp\u00e2ndi pe tot corpul, \u00een timp ce uleiurile pure vor hr\u0103ni pielea.<\/p>\n<p>Cantitate: 220ml<br \/>\nPOTRIVIT PENTRU TOATE TIPURILE DE PIELE.<\/p>\n","protected":false},"featured_media":7762,"comment_status":"open","ping_status":"closed","template":"","meta":[],"product_brand":[],"product_cat":[53],"product_tag":[],"class_list":{"0":"post-4458","1":"product","2":"type-product","3":"status-publish","4":"has-post-thumbnail","6":"product_cat-crema-de-corp","8":"first","9":"instock","10":"sale","11":"shipping-taxable","12":"purchasable","13":"product-type-simple"},"_links":{"self":[{"href":"https:\/\/carebearbg.com\/ro\/wp-json\/wp\/v2\/product\/4458","targetHints":{"allow":["GET"]}}],"collection":[{"href":"https:\/\/carebearbg.com\/ro\/wp-json\/wp\/v2\/product"}],"about":[{"href":"https:\/\/carebearbg.com\/ro\/wp-json\/wp\/v2\/types\/product"}],"replies":[{"embeddable":true,"href":"https:\/\/carebearbg.com\/ro\/wp-json\/wp\/v2\/comments?post=4458"}],"wp:featuredmedia":[{"embeddable":true,"href":"https:\/\/carebearbg.com\/ro\/wp-json\/wp\/v2\/media\/7762"}],"wp:attachment":[{"href":"https:\/\/carebearbg.com\/ro\/wp-json\/wp\/v2\/media?parent=4458"}],"wp:term":[{"taxonomy":"product_brand","embeddable":true,"href":"https:\/\/carebearbg.com\/ro\/wp-json\/wp\/v2\/product_brand?post=4458"},{"taxonomy":"product_cat","embeddable":true,"href":"https:\/\/carebearbg.com\/ro\/wp-json\/wp\/v2\/product_cat?post=4458"},{"taxonomy":"product_tag","embeddable":true,"href":"https:\/\/carebearbg.com\/ro\/wp-json\/wp\/v2\/product_tag?post=4458"}],"curies":[{"name":"wp","href":"https:\/\/api.w.org\/{rel}","templated":true}]}}