{"id":4462,"date":"2023-07-12T14:40:32","date_gmt":"2023-07-12T11:40:32","guid":{"rendered":"https:\/\/carebearbg.com\/produkt\/body-cream-wildberry-bloom\/"},"modified":"2026-03-10T16:34:13","modified_gmt":"2026-03-10T14:34:13","slug":"body-cream-wildberry-bloom","status":"publish","type":"product","link":"https:\/\/carebearbg.com\/ro\/produkt\/body-cream-wildberry-bloom\/","title":{"rendered":"BODY CREAM WILDBERRY BLOOM"},"content":{"rendered":"\n\t<section class=\"section\" id=\"section_818830469\">\n\t\t<div class=\"section-bg fill\" >\n\t\t\t\t\t\t\t\t\t\n\t\t\t\n\n\t\t<\/div>\n\n\t\t\n\n\t\t<div class=\"section-content relative\">\n\t\t\t\n<div class=\"row\"  id=\"row-409379221\">\n\n\t<div id=\"col-1409910814\" class=\"col medium-6 small-12 large-6\"  >\n\t\t\t\t<div class=\"col-inner\"  >\n\t\t\t\n\t\t\t\n\t<div class=\"box has-hover   has-hover box-text-bottom\" >\n\n\t\t<div class=\"box-image\" >\n\t\t\t\t\t\t<div class=\"\" >\n\t\t\t\t<img loading=\"lazy\" decoding=\"async\" width=\"577\" height=\"433\" src=\"https:\/\/carebearbg.com\/wp-content\/uploads\/2023\/06\/\u043a\u0430\u0441\u0438\u0441-removebg-preview.png\" class=\"attachment- size-\" alt=\"\" srcset=\"https:\/\/carebearbg.com\/wp-content\/uploads\/2023\/06\/\u043a\u0430\u0441\u0438\u0441-removebg-preview.png 577w, https:\/\/carebearbg.com\/wp-content\/uploads\/2023\/06\/\u043a\u0430\u0441\u0438\u0441-removebg-preview-300x225.png 300w, https:\/\/carebearbg.com\/wp-content\/uploads\/2023\/06\/\u043a\u0430\u0441\u0438\u0441-removebg-preview-150x113.png 150w\" sizes=\"auto, (max-width: 577px) 100vw, 577px\" \/>\t\t\t\t\t\t\t\t\t\t\t<\/div>\n\t\t\t\t\t<\/div>\n\n\t\t<div class=\"box-text text-center\" >\n\t\t\t<div class=\"box-text-inner\">\n\t\t\t\t\n<h4>COACAZE NEGRE<\/h4>\n<h4>Uleiul de coac\u0103z negru aduce hidratare pielii \u0219i o sigileaz\u0103 pentru a o proteja \u00eempotriva efectelor nocive ale expunerii la soare, regleaz\u0103 produc\u021bia de sebum \u0219i men\u021bine elasticitatea pielii. Poate fi utilizat \u0219i pe pielea predispus\u0103 la acnee sau sensibil\u0103 la usc\u0103ciune.<\/h4>\n\t\t\t<\/div>\n\t\t<\/div>\n\t<\/div>\n\t\n\t\t<\/div>\n\t\t\t\t\t<\/div>\n\n\t\n\n\t<div id=\"col-1309894990\" class=\"col medium-6 small-12 large-6\"  >\n\t\t\t\t<div class=\"col-inner\"  >\n\t\t\t\n\t\t\t\n\t<div class=\"box has-hover   has-hover box-text-bottom\" >\n\n\t\t<div class=\"box-image\" >\n\t\t\t\t\t\t<div class=\"\" >\n\t\t\t\t<img loading=\"lazy\" decoding=\"async\" width=\"624\" height=\"400\" src=\"https:\/\/carebearbg.com\/wp-content\/uploads\/2023\/07\/\u043a\u043e\u043a\u043e\u0441-removebg-preview-1.png\" class=\"attachment- size-\" alt=\"\" srcset=\"https:\/\/carebearbg.com\/wp-content\/uploads\/2023\/07\/\u043a\u043e\u043a\u043e\u0441-removebg-preview-1.png 624w, https:\/\/carebearbg.com\/wp-content\/uploads\/2023\/07\/\u043a\u043e\u043a\u043e\u0441-removebg-preview-1-300x192.png 300w, https:\/\/carebearbg.com\/wp-content\/uploads\/2023\/07\/\u043a\u043e\u043a\u043e\u0441-removebg-preview-1-150x96.png 150w\" sizes=\"auto, (max-width: 624px) 100vw, 624px\" \/>\t\t\t\t\t\t\t\t\t\t\t<\/div>\n\t\t\t\t\t<\/div>\n\n\t\t<div class=\"box-text text-center\" >\n\t\t\t<div class=\"box-text-inner\">\n\t\t\t\t\n<h4>ULEI DE NUC\u0102 DE COCOS<\/h4>\n<h4>Numeroasele beneficii ale uleiului de nuc\u0103 de cocos includ hidratarea \u0219i propriet\u0103\u021bi antioxidante, antibacteriene \u0219i dezinfectante. Acest proces elimin\u0103 o \u201eparte\u201d din ulei, f\u0103c\u00e2ndu-l complet saturat, astfel \u00eenc\u00e2t s\u0103 dureze mai mult \u0219i s\u0103 concentreze acizii naturali ai uleiului, sporindu-i beneficiile antioxidante.<\/h4>\n\t\t\t<\/div>\n\t\t<\/div>\n\t<\/div>\n\t\n\t\t<\/div>\n\t\t\t\t\t<\/div>\n\n\t\n<\/div>\n<div class=\"row\"  id=\"row-1895495114\">\n\n\t<div id=\"col-1054187285\" class=\"col medium-6 small-12 large-6\"  >\n\t\t\t\t<div class=\"col-inner\"  >\n\t\t\t\n\t\t\t\n\t<div class=\"box has-hover   has-hover box-text-bottom\" >\n\n\t\t<div class=\"box-image\" >\n\t\t\t\t\t\t<div class=\"\" >\n\t\t\t\t<img loading=\"lazy\" decoding=\"async\" width=\"600\" height=\"600\" src=\"https:\/\/carebearbg.com\/wp-content\/uploads\/2023\/08\/viber_image_2023-08-02_18-13-42-869.jpg\" class=\"attachment- size-\" alt=\"\" srcset=\"https:\/\/carebearbg.com\/wp-content\/uploads\/2023\/08\/viber_image_2023-08-02_18-13-42-869.jpg 600w, https:\/\/carebearbg.com\/wp-content\/uploads\/2023\/08\/viber_image_2023-08-02_18-13-42-869-300x300.jpg 300w, https:\/\/carebearbg.com\/wp-content\/uploads\/2023\/08\/viber_image_2023-08-02_18-13-42-869-150x150.jpg 150w, https:\/\/carebearbg.com\/wp-content\/uploads\/2023\/08\/viber_image_2023-08-02_18-13-42-869-100x100.jpg 100w\" sizes=\"auto, (max-width: 600px) 100vw, 600px\" \/>\t\t\t\t\t\t\t\t\t\t\t<\/div>\n\t\t\t\t\t<\/div>\n\n\t\t<div class=\"box-text text-center\" >\n\t\t\t<div class=\"box-text-inner\">\n\t\t\t\t\n<h4>SMOCHINUL DE\u0218ERTULUI<\/h4>\n<p>Con\u021binut excep\u021bional de ridicat de vitamina E \u0219i acid linoleic. De asemenea, este bogat \u00een acizi gra\u0219i esen\u021biali, antioxidan\u021bi, minerale active \u0219i aminoacizi. U\u0219or de absorbit, p\u0103trunde sub suprafa\u021ba pielii pentru beneficii maxime, f\u0103r\u0103 a l\u0103sa reziduuri grase.<\/p>\n<h4>COMPLEX BIOACTIV DERIVAT DIN 3 FRUCTE NATIVE AUSTRALIENE:<\/h4>\n<p>PEPPERBERRY, RIBERRY, MUNTRIE BERRY \u2013 protejeaz\u0103, hr\u0103nesc \u0219i hidrateaz\u0103 pielea. Compu\u0219i din 3 super fructe cu propriet\u0103\u021bi antioxidante ridicate, acestea hidrateaz\u0103 pielea uscat\u0103. Acest complex bioactiv este un agent de combatere a radicalilor liberi eficient instant \u0219i de lung\u0103 durat\u0103. Stimuleaz\u0103 hidratarea pielii pentru un aspect s\u0103n\u0103tos \u0219i radiant. Aceast\u0103 component\u0103 promoveaz\u0103 induc\u021bia acidului hialuronic, \u00eembun\u0103t\u0103\u021be\u0219te str\u0103lucirea pielii \u0219i cre\u0219te nivelurile de hidratare.<\/p>\n\t\t\t<\/div>\n\t\t<\/div>\n\t<\/div>\n\t\n\t\t<\/div>\n\t\t\t\t\t<\/div>\n\n\t\n\n\t<div id=\"col-1858765677\" class=\"col medium-6 small-12 large-6\"  >\n\t\t\t\t<div class=\"col-inner\"  >\n\t\t\t\n\t\t\t\n\t<div class=\"box has-hover   has-hover box-text-bottom\" >\n\n\t\t<div class=\"box-image\" >\n\t\t\t\t\t\t<div class=\"\" >\n\t\t\t\t<img loading=\"lazy\" decoding=\"async\" width=\"2560\" height=\"1630\" src=\"https:\/\/carebearbg.com\/wp-content\/uploads\/2023\/08\/\u041d\u0418\u0410\u0426\u0418\u041d\u0410\u041c\u0418\u0414-\u04123-scaled.jpg\" class=\"attachment- size-\" alt=\"\" srcset=\"https:\/\/carebearbg.com\/wp-content\/uploads\/2023\/08\/\u041d\u0418\u0410\u0426\u0418\u041d\u0410\u041c\u0418\u0414-\u04123-scaled.jpg 2560w, https:\/\/carebearbg.com\/wp-content\/uploads\/2023\/08\/\u041d\u0418\u0410\u0426\u0418\u041d\u0410\u041c\u0418\u0414-\u04123-300x191.jpg 300w, https:\/\/carebearbg.com\/wp-content\/uploads\/2023\/08\/\u041d\u0418\u0410\u0426\u0418\u041d\u0410\u041c\u0418\u0414-\u04123-1024x652.jpg 1024w, https:\/\/carebearbg.com\/wp-content\/uploads\/2023\/08\/\u041d\u0418\u0410\u0426\u0418\u041d\u0410\u041c\u0418\u0414-\u04123-150x96.jpg 150w, https:\/\/carebearbg.com\/wp-content\/uploads\/2023\/08\/\u041d\u0418\u0410\u0426\u0418\u041d\u0410\u041c\u0418\u0414-\u04123-768x489.jpg 768w, https:\/\/carebearbg.com\/wp-content\/uploads\/2023\/08\/\u041d\u0418\u0410\u0426\u0418\u041d\u0410\u041c\u0418\u0414-\u04123-1536x978.jpg 1536w, https:\/\/carebearbg.com\/wp-content\/uploads\/2023\/08\/\u041d\u0418\u0410\u0426\u0418\u041d\u0410\u041c\u0418\u0414-\u04123-2048x1304.jpg 2048w, https:\/\/carebearbg.com\/wp-content\/uploads\/2023\/08\/\u041d\u0418\u0410\u0426\u0418\u041d\u0410\u041c\u0418\u0414-\u04123-1260x802.jpg 1260w\" sizes=\"auto, (max-width: 2560px) 100vw, 2560px\" \/>\t\t\t\t\t\t\t\t\t\t\t<\/div>\n\t\t\t\t\t<\/div>\n\n\t\t<div class=\"box-text text-center\" >\n\t\t\t<div class=\"box-text-inner\">\n\t\t\t\t\n<h4>NIACINAMID\u0102 (VITAMINA B3)<\/h4>\n<h4>Stimuleaz\u0103 produc\u021bia de colagen pentru a \u00eembun\u0103t\u0103\u021bi textura pielii, inclusiv netezimea. Niacinamida ajut\u0103 pielea s\u0103 construiasc\u0103 o barier\u0103 de ceramide (lipide), care, la r\u00e2ndul s\u0103u, contribuie la men\u021binerea hidrat\u0103rii.<\/h4>\n\t\t\t<\/div>\n\t\t<\/div>\n\t<\/div>\n\t\n\t\t<\/div>\n\t\t\t\t\t<\/div>\n\n\t\n<\/div>\n\t\t<\/div>\n\n\t\t\n<style>\n#section_818830469 {\n  padding-top: 30px;\n  padding-bottom: 30px;\n}\n<\/style>\n\t<\/section>\n\t\n<p>&nbsp;<\/p>\n<p><strong>INCI \/Ingrediente\/\u0421\u044a\u0441\u0442\u0430\u0432:<\/strong><br \/>\nAqua, Triglicerid Caprilic\/Capric, Ulei de Semin\u021be de Helianthus Annuus, Glicerin\u0103, Parfum, Ulei de Semin\u021be de Ribes Nigrum, Copolimer de Acrila\u021bi de Sodiu, Extract de Floare Opuntia Ficus-indica, Extract de Fructe Tasmannia Lanceolata, Extract de Fructe Syzygium Luehmannii, Extract de Fructe Kunzea Pomifera, Lecitin\u0103, Alcool Benzilic, Acid Salicilic, Acid Sorbic, Carbomer, Niacinamid\u0103, Fitat de Sodiu, Alcool, CI 16035, Alpha Isomethyl Ionone, Benzoat de Benzil, Cinnamat de Benzil, Coumarin, Geraniol, Hexyl Cinnamal, Linalool<\/p>\n<p>&nbsp;<\/p>\n","protected":false},"excerpt":{"rendered":"<p><span lang=\"ro-RO\">Crem\u0103 hidratant\u0103 de corp pentru utilizare zilnic\u0103 cu EXTRACT AUSTRALIAN DE \u201eSUPER FRUCTE DE P\u0102DURE\u201d.<\/span><\/p>\n<p><span lang=\"ro-RO\">Formula bogat\u0103 a acestei creme se absoarbe u\u0219or, nu este lipicioas\u0103, ofer\u0103 hidratare intens\u0103 \u0219i protec\u021bie natural\u0103 \u00eempotriva razelor UV, datorit\u0103 extractului de RIBERRY. Uleiul hr\u0103nitor de NUC\u0102 DE COCOS, uleiurile regenerante din COAC\u0102Z NEGRU \u0219i SMOCHINUL DE DE\u0218ERT \u0219i extractul antioxidant de MUNTRIE BERRY hr\u0103nesc \u0219i \u00eengrijesc pielea, l\u0103s\u00e2nd-o moale \u0219i catifelat\u0103. Propriet\u0103\u021bile revigorante \u0219i de stimulare a produc\u021biei de colagen ale produsului se datoreaz\u0103 extractului de PEPPERBERRY.<\/span><\/p>\n<p><span lang=\"ro-RO\">O formul\u0103 modern\u0103, f\u0103r\u0103 parabeni, siliconi, cear\u0103 \u0219i parafine, respect\u00e2nd natura.<\/span><\/p>\n<p><span lang=\"ro-RO\">Un miros FLORAL INTENS cu note de PATCHOULI, MANDARIN\u0102, IASOMIE \u0219i YLANG-YLANG.<\/span><\/p>\n<p><span lang=\"ro-RO\">Cantitate: 220ml<\/span><\/p>\n<p><span lang=\"ro-RO\">POTRIVIT PENTRU TOATE TIPURILE DE PIELE.<\/span><\/p>\n","protected":false},"featured_media":7787,"comment_status":"open","ping_status":"closed","template":"","meta":[],"product_brand":[],"product_cat":[53],"product_tag":[],"class_list":{"0":"post-4462","1":"product","2":"type-product","3":"status-publish","4":"has-post-thumbnail","6":"product_cat-crema-de-corp","8":"first","9":"instock","10":"sale","11":"shipping-taxable","12":"purchasable","13":"product-type-simple"},"_links":{"self":[{"href":"https:\/\/carebearbg.com\/ro\/wp-json\/wp\/v2\/product\/4462","targetHints":{"allow":["GET"]}}],"collection":[{"href":"https:\/\/carebearbg.com\/ro\/wp-json\/wp\/v2\/product"}],"about":[{"href":"https:\/\/carebearbg.com\/ro\/wp-json\/wp\/v2\/types\/product"}],"replies":[{"embeddable":true,"href":"https:\/\/carebearbg.com\/ro\/wp-json\/wp\/v2\/comments?post=4462"}],"wp:featuredmedia":[{"embeddable":true,"href":"https:\/\/carebearbg.com\/ro\/wp-json\/wp\/v2\/media\/7787"}],"wp:attachment":[{"href":"https:\/\/carebearbg.com\/ro\/wp-json\/wp\/v2\/media?parent=4462"}],"wp:term":[{"taxonomy":"product_brand","embeddable":true,"href":"https:\/\/carebearbg.com\/ro\/wp-json\/wp\/v2\/product_brand?post=4462"},{"taxonomy":"product_cat","embeddable":true,"href":"https:\/\/carebearbg.com\/ro\/wp-json\/wp\/v2\/product_cat?post=4462"},{"taxonomy":"product_tag","embeddable":true,"href":"https:\/\/carebearbg.com\/ro\/wp-json\/wp\/v2\/product_tag?post=4462"}],"curies":[{"name":"wp","href":"https:\/\/api.w.org\/{rel}","templated":true}]}}