{"id":4466,"date":"2023-06-30T16:12:37","date_gmt":"2023-06-30T13:12:37","guid":{"rendered":"https:\/\/carebearbg.com\/produkt\/glow-body-oil-silver\/"},"modified":"2026-03-10T16:34:16","modified_gmt":"2026-03-10T14:34:16","slug":"glow-body-oil-silver","status":"publish","type":"product","link":"https:\/\/carebearbg.com\/ro\/produkt\/glow-body-oil-silver\/","title":{"rendered":"GLOW BODY OIL SILVER"},"content":{"rendered":"\n\t<section class=\"section\" id=\"section_1858883005\">\n\t\t<div class=\"section-bg fill\" >\n\t\t\t\t\t\t\t\t\t\n\t\t\t\n\n\t\t<\/div>\n\n\t\t\n\n\t\t<div class=\"section-content relative\">\n\t\t\t\n<div class=\"row\"  id=\"row-222888383\">\n\n\t<div id=\"col-247093696\" class=\"col medium-6 small-12 large-6\"  >\n\t\t\t\t<div class=\"col-inner\"  >\n\t\t\t\n\t\t\t\n\t<div class=\"box has-hover   has-hover box-text-bottom\" >\n\n\t\t<div class=\"box-image\" >\n\t\t\t\t\t\t<div class=\"\" >\n\t\t\t\t<img loading=\"lazy\" decoding=\"async\" width=\"624\" height=\"400\" src=\"https:\/\/carebearbg.com\/wp-content\/uploads\/2023\/07\/\u043a\u043e\u043a\u043e\u0441-removebg-preview-1.png\" class=\"attachment- size-\" alt=\"\" srcset=\"https:\/\/carebearbg.com\/wp-content\/uploads\/2023\/07\/\u043a\u043e\u043a\u043e\u0441-removebg-preview-1.png 624w, https:\/\/carebearbg.com\/wp-content\/uploads\/2023\/07\/\u043a\u043e\u043a\u043e\u0441-removebg-preview-1-300x192.png 300w, https:\/\/carebearbg.com\/wp-content\/uploads\/2023\/07\/\u043a\u043e\u043a\u043e\u0441-removebg-preview-1-150x96.png 150w\" sizes=\"auto, (max-width: 624px) 100vw, 624px\" \/>\t\t\t\t\t\t\t\t\t\t\t<\/div>\n\t\t\t\t\t<\/div>\n\n\t\t<div class=\"box-text text-center\" >\n\t\t\t<div class=\"box-text-inner\">\n\t\t\t\t\n<h4>COCOS<\/h4>\n<h4>Numeroasele beneficii ale uleiului de nuc\u0103 de cocos includ hidratarea \u0219i propriet\u0103\u021bi antioxidante, antibacteriene \u0219i dezinfectante. Acest proces elimin\u0103 o \u201eparte\u201d din ulei, f\u0103c\u00e2ndu-l complet saturat, astfel \u00eenc\u00e2t s\u0103 dureze mai mult \u0219i s\u0103 concentreze acizii naturali ai uleiului, sporindu-i beneficiile antioxidante.<\/h4>\n\t\t\t<\/div>\n\t\t<\/div>\n\t<\/div>\n\t\n\t\t<\/div>\n\t\t\t\t\t<\/div>\n\n\t\n\n\t<div id=\"col-850112376\" class=\"col medium-6 small-12 large-6\"  >\n\t\t\t\t<div class=\"col-inner\"  >\n\t\t\t\n\t\t\t\n\t<div class=\"box has-hover   has-hover box-text-bottom\" >\n\n\t\t<div class=\"box-image\" >\n\t\t\t\t\t\t<div class=\"\" >\n\t\t\t\t<img loading=\"lazy\" decoding=\"async\" width=\"500\" height=\"500\" src=\"https:\/\/carebearbg.com\/wp-content\/uploads\/2023\/07\/\u0437\u0435\u043c\u0435\u043d_\u0447\u0430\u0439-removebg-preview.png\" class=\"attachment- size-\" alt=\"\" srcset=\"https:\/\/carebearbg.com\/wp-content\/uploads\/2023\/07\/\u0437\u0435\u043c\u0435\u043d_\u0447\u0430\u0439-removebg-preview.png 500w, https:\/\/carebearbg.com\/wp-content\/uploads\/2023\/07\/\u0437\u0435\u043c\u0435\u043d_\u0447\u0430\u0439-removebg-preview-300x300.png 300w, https:\/\/carebearbg.com\/wp-content\/uploads\/2023\/07\/\u0437\u0435\u043c\u0435\u043d_\u0447\u0430\u0439-removebg-preview-150x150.png 150w, https:\/\/carebearbg.com\/wp-content\/uploads\/2023\/07\/\u0437\u0435\u043c\u0435\u043d_\u0447\u0430\u0439-removebg-preview-100x100.png 100w\" sizes=\"auto, (max-width: 500px) 100vw, 500px\" \/>\t\t\t\t\t\t\t\t\t\t\t<\/div>\n\t\t\t\t\t<\/div>\n\n\t\t<div class=\"box-text text-center\" >\n\t\t\t<div class=\"box-text-inner\">\n\t\t\t\t\n<h4>CEAI VERDE<\/h4>\n<h4>Cunoscut pentru propriet\u0103\u021bile sale hidratante \u0219i hr\u0103nitoare, ofer\u0103 pielii o hidratare excelent\u0103, p\u0103trunz\u00e2nd \u00een profunzime.<\/h4>\n\t\t\t<\/div>\n\t\t<\/div>\n\t<\/div>\n\t\n\t\t<\/div>\n\t\t\t\t\t<\/div>\n\n\t\n<\/div>\n<div class=\"row\"  id=\"row-1418627033\">\n\n\t<div id=\"col-932557116\" class=\"col medium-6 small-12 large-6\"  >\n\t\t\t\t<div class=\"col-inner\"  >\n\t\t\t\n\t\t\t\n\t<div class=\"box has-hover   has-hover box-text-bottom\" >\n\n\t\t<div class=\"box-image\" >\n\t\t\t\t\t\t<div class=\"\" >\n\t\t\t\t<img loading=\"lazy\" decoding=\"async\" width=\"500\" height=\"500\" src=\"https:\/\/carebearbg.com\/wp-content\/uploads\/2023\/07\/\u043b\u0438\u0432\u0430\u0434\u043d\u0430_\u043f\u044f\u043d\u0430-removebg-preview.png\" class=\"attachment- size-\" alt=\"\" srcset=\"https:\/\/carebearbg.com\/wp-content\/uploads\/2023\/07\/\u043b\u0438\u0432\u0430\u0434\u043d\u0430_\u043f\u044f\u043d\u0430-removebg-preview.png 500w, https:\/\/carebearbg.com\/wp-content\/uploads\/2023\/07\/\u043b\u0438\u0432\u0430\u0434\u043d\u0430_\u043f\u044f\u043d\u0430-removebg-preview-300x300.png 300w, https:\/\/carebearbg.com\/wp-content\/uploads\/2023\/07\/\u043b\u0438\u0432\u0430\u0434\u043d\u0430_\u043f\u044f\u043d\u0430-removebg-preview-150x150.png 150w, https:\/\/carebearbg.com\/wp-content\/uploads\/2023\/07\/\u043b\u0438\u0432\u0430\u0434\u043d\u0430_\u043f\u044f\u043d\u0430-removebg-preview-100x100.png 100w\" sizes=\"auto, (max-width: 500px) 100vw, 500px\" \/>\t\t\t\t\t\t\t\t\t\t\t<\/div>\n\t\t\t\t\t<\/div>\n\n\t\t<div class=\"box-text text-center\" >\n\t\t\t<div class=\"box-text-inner\">\n\t\t\t\t\n<h4>SPUM\u0102 DE P\u0102\u0218UNE<\/h4>\n<h4>Un ulei emolient cu textur\u0103 u\u0219oar\u0103, care con\u021bine componente naturale anti-\u00eemb\u0103tr\u00e2nire ce lucreaz\u0103 \u00eempreun\u0103 pentru a stimula flexibilitatea \u0219i elasticitatea pielii. Uleiul de spum\u0103 de p\u0103\u0219une p\u0103trunde ad\u00e2nc \u00een piele, desfunda porii bloca\u021bi \u0219i elimin\u0103 bacteriile acumulate.<\/h4>\n\t\t\t<\/div>\n\t\t<\/div>\n\t<\/div>\n\t\n\t<div class=\"box has-hover   has-hover box-text-bottom\" >\n\n\t\t<div class=\"box-image\" >\n\t\t\t\t\t\t<div class=\"\" >\n\t\t\t\t<img loading=\"lazy\" decoding=\"async\" width=\"497\" height=\"497\" src=\"https:\/\/carebearbg.com\/wp-content\/uploads\/2023\/07\/\u0432\u0438\u0442\u0430\u043c\u0438\u043d_\u0435-removebg-preview.png\" class=\"attachment- size-\" alt=\"\" srcset=\"https:\/\/carebearbg.com\/wp-content\/uploads\/2023\/07\/\u0432\u0438\u0442\u0430\u043c\u0438\u043d_\u0435-removebg-preview.png 497w, https:\/\/carebearbg.com\/wp-content\/uploads\/2023\/07\/\u0432\u0438\u0442\u0430\u043c\u0438\u043d_\u0435-removebg-preview-300x300.png 300w, https:\/\/carebearbg.com\/wp-content\/uploads\/2023\/07\/\u0432\u0438\u0442\u0430\u043c\u0438\u043d_\u0435-removebg-preview-150x150.png 150w, https:\/\/carebearbg.com\/wp-content\/uploads\/2023\/07\/\u0432\u0438\u0442\u0430\u043c\u0438\u043d_\u0435-removebg-preview-100x100.png 100w\" sizes=\"auto, (max-width: 497px) 100vw, 497px\" \/>\t\t\t\t\t\t\t\t\t\t\t<\/div>\n\t\t\t\t\t<\/div>\n\n\t\t<div class=\"box-text text-center\" >\n\t\t\t<div class=\"box-text-inner\">\n\t\t\t\t\n<h4>VITAMINA E<\/h4>\n<h4>Uleiul cu vitamina E este derivat \u00een mod natural din surse vegetale f\u0103r\u0103 OMG: uleiul nostru cu vitamina E este bogat \u00een d-alfa-tocoferol, un antioxidant puternic care ajut\u0103 la neutralizarea radicalilor liberi, hidrateaz\u0103 pielea \u0219i \u00eembun\u0103t\u0103\u021be\u0219te aspectul acesteia. Prin absorb\u021bia energiei din razele ultraviolete, uleiul cu vitamina E ofer\u0103 fotoprotec\u021bie, prevenind deteriorarea provocat\u0103 de radicalii liberi genera\u021bi de expunerea la UV.<\/h4>\n\t\t\t<\/div>\n\t\t<\/div>\n\t<\/div>\n\t\n\t\t<\/div>\n\t\t\t\t\t<\/div>\n\n\t\n\n\t<div id=\"col-1053688244\" class=\"col medium-6 small-12 large-6\"  >\n\t\t\t\t<div class=\"col-inner\"  >\n\t\t\t\n\t\t\t\n\t<div class=\"box has-hover   has-hover box-text-bottom\" >\n\n\t\t<div class=\"box-image\" >\n\t\t\t\t\t\t<div class=\"\" >\n\t\t\t\t<img loading=\"lazy\" decoding=\"async\" width=\"500\" height=\"500\" src=\"https:\/\/carebearbg.com\/wp-content\/uploads\/2023\/07\/\u0430\u0431\u0438\u0441\u0438\u043d\u0441\u043a\u043e_-removebg-preview.png\" class=\"attachment- size-\" alt=\"\" srcset=\"https:\/\/carebearbg.com\/wp-content\/uploads\/2023\/07\/\u0430\u0431\u0438\u0441\u0438\u043d\u0441\u043a\u043e_-removebg-preview.png 500w, https:\/\/carebearbg.com\/wp-content\/uploads\/2023\/07\/\u0430\u0431\u0438\u0441\u0438\u043d\u0441\u043a\u043e_-removebg-preview-300x300.png 300w, https:\/\/carebearbg.com\/wp-content\/uploads\/2023\/07\/\u0430\u0431\u0438\u0441\u0438\u043d\u0441\u043a\u043e_-removebg-preview-150x150.png 150w, https:\/\/carebearbg.com\/wp-content\/uploads\/2023\/07\/\u0430\u0431\u0438\u0441\u0438\u043d\u0441\u043a\u043e_-removebg-preview-100x100.png 100w\" sizes=\"auto, (max-width: 500px) 100vw, 500px\" \/>\t\t\t\t\t\t\t\t\t\t\t<\/div>\n\t\t\t\t\t<\/div>\n\n\t\t<div class=\"box-text text-center\" >\n\t\t\t<div class=\"box-text-inner\">\n\t\t\t\t\n<h4>ULEI DE ABISINIA<\/h4>\n<h4>Uleiul de Abisinia este u\u0219or \u0219i non-gras, bogat \u00een antioxidan\u021bi \u0219i vitamine precum A, B1, B2, B6, C, E, proteine \u0219i minerale, care contribuie la o piele mai s\u0103n\u0103toas\u0103. Este recomandat pentru toate tipurile de piele. Con\u021bine acid linoleic \u0219i linolenic, acizi gra\u0219i omega care stimuleaz\u0103 produc\u021bia de colagen \u0219i protejeaz\u0103 pielea de c\u0103ldura excesiv\u0103 \u0219i de deteriorarea cauzat\u0103 de razele UV.<\/h4>\n\t\t\t<\/div>\n\t\t<\/div>\n\t<\/div>\n\t\n\t\t<\/div>\n\t\t\t\t\t<\/div>\n\n\t\n<\/div>\n\t\t<\/div>\n\n\t\t\n<style>\n#section_1858883005 {\n  padding-top: 30px;\n  padding-bottom: 30px;\n}\n<\/style>\n\t<\/section>\n\t\n<p>INCI \/ Ingrediente:<br \/>\nUlei de semin\u021be de Crambe Abyssinica, Trigliceride caprilice\/caprice, Isononil Isononanoat, Ulei de semin\u021be de Camellia Sinensis, Ulei de semin\u021be de Limnanthes alba, Fluoroflogopit, Mica, Undecan, Parfum, Tridecan, Silica Dimetilsililat, Acetat de tocoferil, Dioxid de titan, Borosilicat de calciu-aluminiu, Oxid de staniu, Benzoat de benzil, Salicilat de benzil, Citronelol, Geraniol, Hexil Cinnamal, Linalool, Amil Cinnamal, Eugenol, D-Limonen.<\/p>\n","protected":false},"excerpt":{"rendered":"<p><span lang=\"ro-RO\">Ulei parfumat intens pentru corp cu particule str\u0103lucitoare, care te va \u00eenv\u0103lui \u00eentr-un luciu argintiu atr\u0103g\u0103tor, \u00een timp ce \u00ee\u021bi acoper\u0103 corpul cu un parfum floral divin \u0219i de lung\u0103 durat\u0103. \u00cembog\u0103\u021bit cu uleiuri din CEAI VERDE, MEADOWFOAM, COCOS \u0219i CRAMBE (ULEI ABISINIAN), hr\u0103ne\u0219te pielea, men\u021bin\u00e2nd-o moale, str\u0103lucitoare \u0219i radiant\u0103<\/span>.<span lang=\"ro-RO\">Combina\u021bia perfect\u0103 de str\u0103lucire argintie \u00ee\u021bi eviden\u021biaz\u0103 tenul \u0219i ofer\u0103 pielii un luciu argintiu atr\u0103g\u0103tor. Textura sa u\u0219oar\u0103 se absoarbe rapid \u00een piele f\u0103r\u0103 a l\u0103sa urme grase. Face pielea delicat\u0103, neted\u0103 \u0219i parfumat\u0103. Potrivit pentru toate tipurile de piele, inclusiv cea sensibil\u0103.<\/span><\/p>\n<p><span lang=\"ro-RO\">Cu note aromatice de FLOARE DE PORTOCAL, IASOMIE, MOSC \u0219i FLORI ALBE.<\/span><\/p>\n<p><span lang=\"ro-RO\">Produsul se absoarbe rapid \u00een piele \u0219i nu las\u0103 urme grase pe haine!<\/span><\/p>\n<p><span lang=\"ro-RO\">Cantitate: 50 ml<\/span><\/p>\n<p><span lang=\"ro-RO\">Mod de utilizare: Masa\u021bi u\u0219or c\u00e2teva pic\u0103turi pe piele cu mi\u0219c\u0103ri circulare lejere.<\/span><\/p>\n","protected":false},"featured_media":7982,"comment_status":"open","ping_status":"closed","template":"","meta":[],"product_brand":[],"product_cat":[49],"product_tag":[],"class_list":{"0":"post-4466","1":"product","2":"type-product","3":"status-publish","4":"has-post-thumbnail","6":"product_cat-ulei-stralucitor-pentru-corp","8":"first","9":"instock","10":"shipping-taxable","11":"purchasable","12":"product-type-simple"},"_links":{"self":[{"href":"https:\/\/carebearbg.com\/ro\/wp-json\/wp\/v2\/product\/4466","targetHints":{"allow":["GET"]}}],"collection":[{"href":"https:\/\/carebearbg.com\/ro\/wp-json\/wp\/v2\/product"}],"about":[{"href":"https:\/\/carebearbg.com\/ro\/wp-json\/wp\/v2\/types\/product"}],"replies":[{"embeddable":true,"href":"https:\/\/carebearbg.com\/ro\/wp-json\/wp\/v2\/comments?post=4466"}],"wp:featuredmedia":[{"embeddable":true,"href":"https:\/\/carebearbg.com\/ro\/wp-json\/wp\/v2\/media\/7982"}],"wp:attachment":[{"href":"https:\/\/carebearbg.com\/ro\/wp-json\/wp\/v2\/media?parent=4466"}],"wp:term":[{"taxonomy":"product_brand","embeddable":true,"href":"https:\/\/carebearbg.com\/ro\/wp-json\/wp\/v2\/product_brand?post=4466"},{"taxonomy":"product_cat","embeddable":true,"href":"https:\/\/carebearbg.com\/ro\/wp-json\/wp\/v2\/product_cat?post=4466"},{"taxonomy":"product_tag","embeddable":true,"href":"https:\/\/carebearbg.com\/ro\/wp-json\/wp\/v2\/product_tag?post=4466"}],"curies":[{"name":"wp","href":"https:\/\/api.w.org\/{rel}","templated":true}]}}