{"id":4475,"date":"2023-06-30T16:07:39","date_gmt":"2023-06-30T13:07:39","guid":{"rendered":"https:\/\/carebearbg.com\/produkt\/body-bath-glaze-blue-butterfly\/"},"modified":"2025-03-04T18:29:20","modified_gmt":"2025-03-04T16:29:20","slug":"body-bath-glaze-blue-butterfly","status":"publish","type":"product","link":"https:\/\/carebearbg.com\/ro\/produkt\/body-bath-glaze-blue-butterfly\/","title":{"rendered":"BODY BATH GLAZE BLUE BUTTERFLY"},"content":{"rendered":"\n\t<section class=\"section\" id=\"section_947939410\">\n\t\t<div class=\"section-bg fill\" >\n\t\t\t\t\t\t\t\t\t\n\t\t\t\n\n\t\t<\/div>\n\n\t\t\n\n\t\t<div class=\"section-content relative\">\n\t\t\t\n<div class=\"row\"  id=\"row-2145074439\">\n\n\t<div id=\"col-1069305830\" class=\"col medium-6 small-12 large-6\"  >\n\t\t\t\t<div class=\"col-inner\"  >\n\t\t\t\n\t\t\t\n\t<div class=\"box has-hover   has-hover box-text-bottom\" >\n\n\t\t<div class=\"box-image\" >\n\t\t\t\t\t\t<div class=\"\" >\n\t\t\t\t<img loading=\"lazy\" decoding=\"async\" width=\"624\" height=\"400\" src=\"https:\/\/carebearbg.com\/wp-content\/uploads\/2023\/07\/\u043a\u043e\u043a\u043e\u0441-removebg-preview-1.png\" class=\"attachment- size-\" alt=\"\" srcset=\"https:\/\/carebearbg.com\/wp-content\/uploads\/2023\/07\/\u043a\u043e\u043a\u043e\u0441-removebg-preview-1.png 624w, https:\/\/carebearbg.com\/wp-content\/uploads\/2023\/07\/\u043a\u043e\u043a\u043e\u0441-removebg-preview-1-300x192.png 300w, https:\/\/carebearbg.com\/wp-content\/uploads\/2023\/07\/\u043a\u043e\u043a\u043e\u0441-removebg-preview-1-150x96.png 150w\" sizes=\"auto, (max-width: 624px) 100vw, 624px\" \/>\t\t\t\t\t\t\t\t\t\t\t<\/div>\n\t\t\t\t\t<\/div>\n\n\t\t<div class=\"box-text text-center\" >\n\t\t\t<div class=\"box-text-inner\">\n\t\t\t\t\n<h4>NUC\u0102 DE COCOS<\/h4>\n<h4>Uleiul de cocos este bogat \u00een substan\u021be care influen\u021beaz\u0103 pozitiv starea pielii. Contribuie la men\u021binerea hidrat\u0103rii pielii \u0219i la restabilirea func\u021biilor de protec\u021bie. Protejeaz\u0103 \u00eempotriva usc\u0103ciunii \u0219i exfolierii, ajut\u00e2nd la restabilirea echilibrului normal al pH-ului pielii. Con\u021bine componente care re\u021bin umiditatea, precum vitamina E, acid hialuronic, acid caprilic \u0219i acid oleic.<\/h4>\n\t\t\t<\/div>\n\t\t<\/div>\n\t<\/div>\n\t\n\t\t<\/div>\n\t\t\t\t\t<\/div>\n\n\t\n\n\t<div id=\"col-626836499\" class=\"col medium-6 small-12 large-6\"  >\n\t\t\t\t<div class=\"col-inner\"  >\n\t\t\t\n\t\t\t\n\t<div class=\"box has-hover   has-hover box-text-bottom\" >\n\n\t\t<div class=\"box-image\" >\n\t\t\t\t\t\t<div class=\"\" >\n\t\t\t\t<img loading=\"lazy\" decoding=\"async\" width=\"420\" height=\"320\" src=\"https:\/\/carebearbg.com\/wp-content\/uploads\/2023\/06\/\u043a\u0440\u0430\u0441\u0442\u0430\u0432\u0438\u0446\u0430-removebg-preview.png\" class=\"attachment- size-\" alt=\"\" srcset=\"https:\/\/carebearbg.com\/wp-content\/uploads\/2023\/06\/\u043a\u0440\u0430\u0441\u0442\u0430\u0432\u0438\u0446\u0430-removebg-preview.png 420w, https:\/\/carebearbg.com\/wp-content\/uploads\/2023\/06\/\u043a\u0440\u0430\u0441\u0442\u0430\u0432\u0438\u0446\u0430-removebg-preview-300x229.png 300w, https:\/\/carebearbg.com\/wp-content\/uploads\/2023\/06\/\u043a\u0440\u0430\u0441\u0442\u0430\u0432\u0438\u0446\u0430-removebg-preview-150x114.png 150w\" sizes=\"auto, (max-width: 420px) 100vw, 420px\" \/>\t\t\t\t\t\t\t\t\t\t\t<\/div>\n\t\t\t\t\t<\/div>\n\n\t\t<div class=\"box-text text-center\" >\n\t\t\t<div class=\"box-text-inner\">\n\t\t\t\t\n<h4>CASTRAVETE<\/h4>\n<h4>Uleiul de castravete are propriet\u0103\u021bi puternice de vindecare. Con\u021bine un procent semnificativ de acid oleic Omega-9 \u0219i acid linoleic Omega-6. Favorizeaz\u0103 regenerarea celular\u0103, f\u0103c\u00e2ndu-l o alegere excelent\u0103 pentru toate tipurile de piele.<\/h4>\n\t\t\t<\/div>\n\t\t<\/div>\n\t<\/div>\n\t\n\t\t<\/div>\n\t\t\t\t\t<\/div>\n\n\t\n<\/div>\n\t\t<\/div>\n\n\t\t\n<style>\n#section_947939410 {\n  padding-top: 30px;\n  padding-bottom: 30px;\n}\n<\/style>\n\t<\/section>\n\t\n\n\t<section class=\"section\" id=\"section_327670656\">\n\t\t<div class=\"section-bg fill\" >\n\t\t\t\t\t\t\t\t\t\n\t\t\t\n\n\t\t<\/div>\n\n\t\t\n\n\t\t<div class=\"section-content relative\">\n\t\t\t\n<div class=\"row\"  id=\"row-484690789\">\n\n\t<div id=\"col-1365780928\" class=\"col medium-6 small-12 large-6\"  >\n\t\t\t\t<div class=\"col-inner\"  >\n\t\t\t\n\t\t\t\n\t<div class=\"box has-hover   has-hover box-text-bottom\" >\n\n\t\t<div class=\"box-image\" >\n\t\t\t\t\t\t<div class=\"\" >\n\t\t\t\t<img loading=\"lazy\" decoding=\"async\" width=\"577\" height=\"433\" src=\"https:\/\/carebearbg.com\/wp-content\/uploads\/2023\/06\/\u043a\u0430\u0441\u0438\u0441-removebg-preview.png\" class=\"attachment- size-\" alt=\"\" srcset=\"https:\/\/carebearbg.com\/wp-content\/uploads\/2023\/06\/\u043a\u0430\u0441\u0438\u0441-removebg-preview.png 577w, https:\/\/carebearbg.com\/wp-content\/uploads\/2023\/06\/\u043a\u0430\u0441\u0438\u0441-removebg-preview-300x225.png 300w, https:\/\/carebearbg.com\/wp-content\/uploads\/2023\/06\/\u043a\u0430\u0441\u0438\u0441-removebg-preview-150x113.png 150w\" sizes=\"auto, (max-width: 577px) 100vw, 577px\" \/>\t\t\t\t\t\t\t\t\t\t\t<\/div>\n\t\t\t\t\t<\/div>\n\n\t\t<div class=\"box-text text-center\" >\n\t\t\t<div class=\"box-text-inner\">\n\t\t\t\t\n<h4>COACAZE NEGRE<\/h4>\n<h4>Uleiul de coac\u0103ze negre aduce umiditate \u00een piele \u0219i o \u00eenchide, protej\u00e2nd-o de efectele d\u0103un\u0103toare ale expunerii la soare. Regleaz\u0103 produc\u021bia de sebum \u0219i men\u021bine elasticitatea pielii. Poate fi utilizat \u0219i pe pielea predispus\u0103 la acnee sau sensibil\u0103 la usc\u0103ciune.<\/h4>\n\t\t\t<\/div>\n\t\t<\/div>\n\t<\/div>\n\t\n\t\t<\/div>\n\t\t\t\t\t<\/div>\n\n\t\n\n\t<div id=\"col-26339579\" class=\"col medium-6 small-12 large-6\"  >\n\t\t\t\t<div class=\"col-inner\"  >\n\t\t\t\n\t\t\t\n\t<div class=\"box has-hover   has-hover box-text-bottom\" >\n\n\t\t<div class=\"box-image\" >\n\t\t\t\t\t\t<div class=\"\" >\n\t\t\t\t<img loading=\"lazy\" decoding=\"async\" width=\"867\" height=\"288\" src=\"https:\/\/carebearbg.com\/wp-content\/uploads\/2023\/06\/\u0436\u043e\u0436\u043e\u0431\u0430-removebg-preview.png\" class=\"attachment- size-\" alt=\"\" srcset=\"https:\/\/carebearbg.com\/wp-content\/uploads\/2023\/06\/\u0436\u043e\u0436\u043e\u0431\u0430-removebg-preview.png 867w, https:\/\/carebearbg.com\/wp-content\/uploads\/2023\/06\/\u0436\u043e\u0436\u043e\u0431\u0430-removebg-preview-300x100.png 300w, https:\/\/carebearbg.com\/wp-content\/uploads\/2023\/06\/\u0436\u043e\u0436\u043e\u0431\u0430-removebg-preview-150x50.png 150w, https:\/\/carebearbg.com\/wp-content\/uploads\/2023\/06\/\u0436\u043e\u0436\u043e\u0431\u0430-removebg-preview-768x255.png 768w\" sizes=\"auto, (max-width: 867px) 100vw, 867px\" \/>\t\t\t\t\t\t\t\t\t\t\t<\/div>\n\t\t\t\t\t<\/div>\n\n\t\t<div class=\"box-text text-center\" >\n\t\t\t<div class=\"box-text-inner\">\n\t\t\t\t\n<h4>JOJOBA<\/h4>\n<h4>Uleiul de jojoba, provenind din de\u0219ertul Sonora din Arizona, nordul Mexicului \u0219i California uscat\u0103, este bogat \u00een vitamine A, E \u0219i D, care \u00eembun\u0103t\u0103\u021besc frumuse\u021bea, precum \u0219i \u00een antioxidan\u021bi \u0219i acizi gra\u0219i. Uleiul de jojoba p\u0103trunde ad\u00e2nc, ajung\u00e2nd sub stratul superior al pielii pentru o hr\u0103nire maxim\u0103.<\/h4>\n\t\t\t<\/div>\n\t\t<\/div>\n\t<\/div>\n\t\n\t\t<\/div>\n\t\t\t\t\t<\/div>\n\n\t\n<\/div>\n\t\t<\/div>\n\n\t\t\n<style>\n#section_327670656 {\n  padding-top: 30px;\n  padding-bottom: 30px;\n}\n<\/style>\n\t<\/section>\n\t\n<h4>SCI<\/h4>\n<p>Un surfactant f\u0103r\u0103 sulfat pe baz\u0103 de ulei de cocos. Este o resurs\u0103 natural\u0103 \u0219i regenerabil\u0103, complet biodegradabil\u0103. Cu o bl\u00e2nde\u021be deosebit\u0103, ofer\u0103 o senza\u021bie luxoas\u0103 \u0219i m\u0103t\u0103soas\u0103 pielii dup\u0103 sp\u0103lare. Creeaz\u0103 o spum\u0103 bogat\u0103 \u0219i dens\u0103.<\/p>\n<h4>COCO-Betaine<\/h4>\n<p>Un surfactant f\u0103r\u0103 sulfat, special, pe baz\u0103 de ulei de cocos care cur\u0103\u021b\u0103 delicat \u0219i ofer\u0103 propriet\u0103\u021bi pl\u0103cute \u0219i grijulii pentru piele. Este foarte bl\u00e2nd cu pielea \u0219i \u00eei confer\u0103 un plus de moliciune.<\/p>\n<h4>INCI \/ Ingrediente:<\/h4>\n<p>Sucroz\u0103, Sodium Cocoyl Isethionate, Ap\u0103, Glicerina, Cocamidopropyl Betaine, Ulei din semin\u021be de Ribes Nigrum, Acid Stearic, Ulei din semin\u021be de Simmondsia Chinensis, Ulei de Cocos Nucifera, Ulei de Cucumis Sativus, Parfum, Alcool Benzilic, Acid Salicilic, Acid Sorbic, CI 42090, D-Limonene.<\/p>\n","protected":false},"excerpt":{"rendered":"<p><span lang=\"ro-RO\">Un scrub<\/span> <span lang=\"ro-RO\">pentru corp cremos, u\u0219or, delicat \u0219i parfumat. Formulat cu CRISTALE DE ZAH\u0102R EXFOLIANTE \u0219i uleiuri din CASTRAVE\u021a, <\/span>COAC\u0102ZE NEGRE<span lang=\"ro-RO\">, COCOS \u0219i JOJOBA, bogate \u00een vitamina B1, C \u0219i omega-6. Surfactan\u021bii sunt pe baz\u0103 de ULEI DE COCOS. Ac\u021bioneaz\u0103 minunat pentru toate tipurile de piele, inclusiv pentru pielea uscat\u0103 \u0219i sensibil\u0103.<\/span><\/p>\n<p><span lang=\"ro-RO\">Cu miros de \u00ceNGHE\u021aAT\u0102 DE VANILIE.<\/span><\/p>\n<p><span lang=\"ro-RO\">**Cantitate:** 150 grame<\/span><\/p>\n<p><span lang=\"ro-RO\">Aplica\u021bi generos cu mi\u0219c\u0103ri de masaj \u0219i apoi cl\u0103ti\u021bi.<\/span><\/p>\n<p><span lang=\"ro-RO\">Nu con\u021bine parabeni, SLS \u0219i SLES.<\/span><\/p>\n","protected":false},"featured_media":7952,"comment_status":"open","ping_status":"closed","template":"","meta":[],"product_brand":[],"product_cat":[55],"product_tag":[],"class_list":{"0":"post-4475","1":"product","2":"type-product","3":"status-publish","4":"has-post-thumbnail","6":"product_cat-scruburi-si-exfolianti-pentru-corp","8":"first","9":"instock","10":"shipping-taxable","11":"purchasable","12":"product-type-simple"},"_links":{"self":[{"href":"https:\/\/carebearbg.com\/ro\/wp-json\/wp\/v2\/product\/4475","targetHints":{"allow":["GET"]}}],"collection":[{"href":"https:\/\/carebearbg.com\/ro\/wp-json\/wp\/v2\/product"}],"about":[{"href":"https:\/\/carebearbg.com\/ro\/wp-json\/wp\/v2\/types\/product"}],"replies":[{"embeddable":true,"href":"https:\/\/carebearbg.com\/ro\/wp-json\/wp\/v2\/comments?post=4475"}],"wp:featuredmedia":[{"embeddable":true,"href":"https:\/\/carebearbg.com\/ro\/wp-json\/wp\/v2\/media\/7952"}],"wp:attachment":[{"href":"https:\/\/carebearbg.com\/ro\/wp-json\/wp\/v2\/media?parent=4475"}],"wp:term":[{"taxonomy":"product_brand","embeddable":true,"href":"https:\/\/carebearbg.com\/ro\/wp-json\/wp\/v2\/product_brand?post=4475"},{"taxonomy":"product_cat","embeddable":true,"href":"https:\/\/carebearbg.com\/ro\/wp-json\/wp\/v2\/product_cat?post=4475"},{"taxonomy":"product_tag","embeddable":true,"href":"https:\/\/carebearbg.com\/ro\/wp-json\/wp\/v2\/product_tag?post=4475"}],"curies":[{"name":"wp","href":"https:\/\/api.w.org\/{rel}","templated":true}]}}