{"id":4479,"date":"2023-06-30T16:01:24","date_gmt":"2023-06-30T13:01:24","guid":{"rendered":"https:\/\/carebearbg.com\/produkt\/body-bath-glaze-rainbow\/"},"modified":"2026-03-05T17:09:31","modified_gmt":"2026-03-05T15:09:31","slug":"body-bath-glaze-rainbow","status":"publish","type":"product","link":"https:\/\/carebearbg.com\/ro\/produkt\/body-bath-glaze-rainbow\/","title":{"rendered":"BODY BATH GLAZE RAINBOW"},"content":{"rendered":"\n\t<section class=\"section\" id=\"section_1308131092\">\n\t\t<div class=\"section-bg fill\" >\n\t\t\t\t\t\t\t\t\t\n\t\t\t\n\n\t\t<\/div>\n\n\t\t\n\n\t\t<div class=\"section-content relative\">\n\t\t\t\n<div class=\"row\"  id=\"row-964906342\">\n\n\t<div id=\"col-226525316\" class=\"col medium-6 small-12 large-6\"  >\n\t\t\t\t<div class=\"col-inner\"  >\n\t\t\t\n\t\t\t\n\t<div class=\"box has-hover   has-hover box-text-bottom\" >\n\n\t\t<div class=\"box-image\" >\n\t\t\t\t\t\t<div class=\"\" >\n\t\t\t\t<img loading=\"lazy\" decoding=\"async\" width=\"707\" height=\"353\" src=\"https:\/\/carebearbg.com\/wp-content\/uploads\/2023\/07\/\u0433\u0440\u043e\u0437\u0434\u0435-removebg-preview.png\" class=\"attachment- size-\" alt=\"\" srcset=\"https:\/\/carebearbg.com\/wp-content\/uploads\/2023\/07\/\u0433\u0440\u043e\u0437\u0434\u0435-removebg-preview.png 707w, https:\/\/carebearbg.com\/wp-content\/uploads\/2023\/07\/\u0433\u0440\u043e\u0437\u0434\u0435-removebg-preview-300x150.png 300w, https:\/\/carebearbg.com\/wp-content\/uploads\/2023\/07\/\u0433\u0440\u043e\u0437\u0434\u0435-removebg-preview-150x75.png 150w\" sizes=\"auto, (max-width: 707px) 100vw, 707px\" \/>\t\t\t\t\t\t\t\t\t\t\t<\/div>\n\t\t\t\t\t<\/div>\n\n\t\t<div class=\"box-text text-center\" >\n\t\t\t<div class=\"box-text-inner\">\n\t\t\t\t\n<h4>STRUGURE<\/h4>\n<h4>Uleiul din semin\u021be de struguri este bogat \u00een polifenoli, \u00een special complexe oligomerice de proantocianidine (OPCs) \u2013 considerate unele dintre cei mai puternici antioxidan\u021bi din natur\u0103. Nivelurile ridicate de acid linoleic omega-6 contribuie la formarea ceramidelor pe suprafa\u021ba pielii.<\/h4>\n\t\t\t<\/div>\n\t\t<\/div>\n\t<\/div>\n\t\n\t\t<\/div>\n\t\t\t\t\t<\/div>\n\n\t\n\n\t<div id=\"col-22520337\" class=\"col medium-6 small-12 large-6\"  >\n\t\t\t\t<div class=\"col-inner\"  >\n\t\t\t\n\t\t\t\n\t<div class=\"box has-hover   has-hover box-text-bottom\" >\n\n\t\t<div class=\"box-image\" >\n\t\t\t\t\t\t<div class=\"\" >\n\t\t\t\t<img loading=\"lazy\" decoding=\"async\" width=\"246\" height=\"204\" src=\"https:\/\/carebearbg.com\/wp-content\/uploads\/2023\/07\/\u043d\u0430\u0440-removebg-preview.png\" class=\"attachment- size-\" alt=\"\" srcset=\"https:\/\/carebearbg.com\/wp-content\/uploads\/2023\/07\/\u043d\u0430\u0440-removebg-preview.png 246w, https:\/\/carebearbg.com\/wp-content\/uploads\/2023\/07\/\u043d\u0430\u0440-removebg-preview-150x124.png 150w\" sizes=\"auto, (max-width: 246px) 100vw, 246px\" \/>\t\t\t\t\t\t\t\t\t\t\t<\/div>\n\t\t\t\t\t<\/div>\n\n\t\t<div class=\"box-text text-center\" >\n\t\t\t<div class=\"box-text-inner\">\n\t\t\t\t\n<h4>RODIE<\/h4>\n<h4>Ulei din frumoasele fructe ro\u0219u-purpurii de *Punica granatum*, cultivate \u00een livezi \u00eensorite din subcontinentul indian. Bogat \u00een vitamina E, uleiul de rodie protejeaz\u0103 celulele pielii de deterior\u0103rile oxidative datorit\u0103 propriet\u0103\u021bilor sale antioxidante excelente, oferind pielii un aspect t\u00e2n\u0103r \u0219i frumos.<\/h4>\n\t\t\t<\/div>\n\t\t<\/div>\n\t<\/div>\n\t\n\t\t<\/div>\n\t\t\t\t\t<\/div>\n\n\t\n<\/div>\n<div class=\"row\"  id=\"row-72250382\">\n\n\t<div id=\"col-933235565\" class=\"col medium-6 small-12 large-6\"  >\n\t\t\t\t<div class=\"col-inner\"  >\n\t\t\t\n\t\t\t\n\t<div class=\"box has-hover   has-hover box-text-bottom\" >\n\n\t\t<div class=\"box-image\" >\n\t\t\t\t\t\t<div class=\"\" >\n\t\t\t\t<img loading=\"lazy\" decoding=\"async\" width=\"867\" height=\"288\" src=\"https:\/\/carebearbg.com\/wp-content\/uploads\/2023\/06\/\u0436\u043e\u0436\u043e\u0431\u0430-removebg-preview.png\" class=\"attachment- size-\" alt=\"\" srcset=\"https:\/\/carebearbg.com\/wp-content\/uploads\/2023\/06\/\u0436\u043e\u0436\u043e\u0431\u0430-removebg-preview.png 867w, https:\/\/carebearbg.com\/wp-content\/uploads\/2023\/06\/\u0436\u043e\u0436\u043e\u0431\u0430-removebg-preview-300x100.png 300w, https:\/\/carebearbg.com\/wp-content\/uploads\/2023\/06\/\u0436\u043e\u0436\u043e\u0431\u0430-removebg-preview-150x50.png 150w, https:\/\/carebearbg.com\/wp-content\/uploads\/2023\/06\/\u0436\u043e\u0436\u043e\u0431\u0430-removebg-preview-768x255.png 768w\" sizes=\"auto, (max-width: 867px) 100vw, 867px\" \/>\t\t\t\t\t\t\t\t\t\t\t<\/div>\n\t\t\t\t\t<\/div>\n\n\t\t<div class=\"box-text text-center\" >\n\t\t\t<div class=\"box-text-inner\">\n\t\t\t\t\n<h4>JOJOBA<\/h4>\n<h4>Uleiul de jojoba, originar din de\u0219ertul Sonora din Arizona, nordul Mexicului \u0219i California arid\u0103, este bogat \u00een vitaminele A, E \u0219i D, care sporesc frumuse\u021bea, precum \u0219i \u00een antioxidan\u021bi \u0219i acizi gra\u0219i. Uleiul de jojoba poate p\u0103trunde ad\u00e2nc, ajung\u00e2nd sub stratul superior al pielii pentru o hr\u0103nire maxim\u0103.<\/h4>\n\t\t\t<\/div>\n\t\t<\/div>\n\t<\/div>\n\t\n\t\t<\/div>\n\t\t\t\t\t<\/div>\n\n\t\n<\/div>\n\t\t<\/div>\n\n\t\t\n<style>\n#section_1308131092 {\n  padding-top: 30px;\n  padding-bottom: 30px;\n}\n<\/style>\n\t<\/section>\n\t\n<h4>SCI<\/h4>\n<p>Agent tensioactiv f\u0103r\u0103 sulfa\u021bi pe baz\u0103 de ulei de cocos. O resurs\u0103 natural\u0103 \u0219i regenerabil\u0103, complet biodegradabil\u0103. Cu o moliciune excep\u021bional\u0103. Ofer\u0103 o senza\u021bie luxoas\u0103 \u0219i m\u0103t\u0103soas\u0103 pielii dup\u0103 sp\u0103lare. Creeaz\u0103 o spum\u0103 bogat\u0103 \u0219i dens\u0103.<\/p>\n<h4>COCO-Betaine<\/h4>\n<p>Agent tensioactiv special f\u0103r\u0103 sulfa\u021bi pe baz\u0103 de ulei de cocos, care cur\u0103\u021b\u0103 delicat \u0219i ofer\u0103 propriet\u0103\u021bi pl\u0103cute \u0219i prietenoase cu pielea. Foarte delicat cu pielea, conferindu-i moliciune.<\/p>\n<h4>INCI \/Ingrediente\/\u0421\u044a\u0441\u0442\u0430\u0432:<\/h4>\n<p>Sucroz\u0103, Sodium Cocoyl Isethionate, Ap\u0103, Glicerin\u0103, Cocamidopropyl Betaine, Ulei de Semin\u021be de Vitis Vinifera, Acid Stearic, Ulei de Semin\u021be de Citrullus Lanatus, Parfum, Ulei de Semin\u021be de Simmondsia Chinensis, Extract de Semin\u021be de Punica Granatum, Extract de Frunze de Rosmarinus Officinalis, Alcool Benzilic, Acid Salicilic, Acid Sorbic, CI 16035, CI 42090, CI 10020, CI 19140, Coumarin, D-Limonen, Linalool<\/p>\n","protected":false},"excerpt":{"rendered":"<p><span lang=\"ro-RO\">Un scrub corporal cremos, u\u0219or, delicat \u0219i parfumat. Formulat cu CRISTALE DE ZAH\u0102R EXFOLIANTE \u0219i uleiuri din GRANAT\u0102, STRUGURI \u0219i JOJOBA, bogate \u00een vitaminele B1, C \u0219i omega-6. Surfactan\u021bii sunt pe baz\u0103 de ULEI DE COCOS. Ac\u021bioneaz\u0103 minunat pentru toate tipurile de piele, inclusiv pentru pielea uscat\u0103 \u0219i sensibil\u0103.<\/span><\/p>\n<p><span lang=\"ro-RO\">Cu miros de MANGO \u0219i VATA DE ZAH\u0102R.<\/span><\/p>\n<p><span lang=\"ro-RO\">**Cantitate:** 150g<\/span><\/p>\n<p><span lang=\"ro-RO\">Aplica\u021bi generos cu mi\u0219c\u0103ri de masaj \u0219i apoi cl\u0103ti\u021bi.<\/span><\/p>\n<p><span lang=\"ro-RO\">Nu con\u021bine parabeni, SLS \u0219i SLES.<\/span><\/p>\n","protected":false},"featured_media":7961,"comment_status":"open","ping_status":"closed","template":"","meta":[],"product_brand":[],"product_cat":[55],"product_tag":[],"class_list":{"0":"post-4479","1":"product","2":"type-product","3":"status-publish","4":"has-post-thumbnail","6":"product_cat-scruburi-si-exfolianti-pentru-corp","8":"first","9":"instock","10":"shipping-taxable","11":"purchasable","12":"product-type-simple"},"_links":{"self":[{"href":"https:\/\/carebearbg.com\/ro\/wp-json\/wp\/v2\/product\/4479","targetHints":{"allow":["GET"]}}],"collection":[{"href":"https:\/\/carebearbg.com\/ro\/wp-json\/wp\/v2\/product"}],"about":[{"href":"https:\/\/carebearbg.com\/ro\/wp-json\/wp\/v2\/types\/product"}],"replies":[{"embeddable":true,"href":"https:\/\/carebearbg.com\/ro\/wp-json\/wp\/v2\/comments?post=4479"}],"wp:featuredmedia":[{"embeddable":true,"href":"https:\/\/carebearbg.com\/ro\/wp-json\/wp\/v2\/media\/7961"}],"wp:attachment":[{"href":"https:\/\/carebearbg.com\/ro\/wp-json\/wp\/v2\/media?parent=4479"}],"wp:term":[{"taxonomy":"product_brand","embeddable":true,"href":"https:\/\/carebearbg.com\/ro\/wp-json\/wp\/v2\/product_brand?post=4479"},{"taxonomy":"product_cat","embeddable":true,"href":"https:\/\/carebearbg.com\/ro\/wp-json\/wp\/v2\/product_cat?post=4479"},{"taxonomy":"product_tag","embeddable":true,"href":"https:\/\/carebearbg.com\/ro\/wp-json\/wp\/v2\/product_tag?post=4479"}],"curies":[{"name":"wp","href":"https:\/\/api.w.org\/{rel}","templated":true}]}}