{"id":4483,"date":"2023-06-30T15:45:32","date_gmt":"2023-06-30T12:45:32","guid":{"rendered":"https:\/\/carebearbg.com\/produkt\/body-bath-glaze-strawberry-cheesecake\/"},"modified":"2026-03-05T17:08:32","modified_gmt":"2026-03-05T15:08:32","slug":"body-bath-glaze-strawberry-cheesecake","status":"publish","type":"product","link":"https:\/\/carebearbg.com\/ro\/produkt\/body-bath-glaze-strawberry-cheesecake\/","title":{"rendered":"BODY BATH GLAZE STRAWBERRY CHEESECAKE"},"content":{"rendered":"\n\t<section class=\"section\" id=\"section_811307089\">\n\t\t<div class=\"section-bg fill\" >\n\t\t\t\t\t\t\t\t\t\n\t\t\t\n\n\t\t<\/div>\n\n\t\t\n\n\t\t<div class=\"section-content relative\">\n\t\t\t\n<div class=\"row\"  id=\"row-1197246346\">\n\n\t<div id=\"col-798341450\" class=\"col medium-6 small-12 large-6\"  >\n\t\t\t\t<div class=\"col-inner\"  >\n\t\t\t\n\t\t\t\n\t<div class=\"box has-hover   has-hover box-text-bottom\" >\n\n\t\t<div class=\"box-image\" >\n\t\t\t\t\t\t<div class=\"\" >\n\t\t\t\t<img loading=\"lazy\" decoding=\"async\" width=\"500\" height=\"500\" src=\"https:\/\/carebearbg.com\/wp-content\/uploads\/2023\/07\/\u043c\u0430\u0440\u0430\u043a\u0443\u044f-removebg-preview.png\" class=\"attachment- size-\" alt=\"\" srcset=\"https:\/\/carebearbg.com\/wp-content\/uploads\/2023\/07\/\u043c\u0430\u0440\u0430\u043a\u0443\u044f-removebg-preview.png 500w, https:\/\/carebearbg.com\/wp-content\/uploads\/2023\/07\/\u043c\u0430\u0440\u0430\u043a\u0443\u044f-removebg-preview-300x300.png 300w, https:\/\/carebearbg.com\/wp-content\/uploads\/2023\/07\/\u043c\u0430\u0440\u0430\u043a\u0443\u044f-removebg-preview-150x150.png 150w, https:\/\/carebearbg.com\/wp-content\/uploads\/2023\/07\/\u043c\u0430\u0440\u0430\u043a\u0443\u044f-removebg-preview-100x100.png 100w\" sizes=\"auto, (max-width: 500px) 100vw, 500px\" \/>\t\t\t\t\t\t\t\t\t\t\t<\/div>\n\t\t\t\t\t<\/div>\n\n\t\t<div class=\"box-text text-center\" >\n\t\t\t<div class=\"box-text-inner\">\n\t\t\t\t\n<h4>MARACUJA<\/h4>\n<h4>Uleiul de maracuja provine din p\u0103durile tropicale luxuriante ale Americii de Sud. Este cunoscut pentru textura sa u\u0219oar\u0103 \u0219i negrasoas\u0103, absorb\u021bia rapid\u0103 \u0219i compozi\u021bia sa de acizi gra\u0219i, inclusiv acizii gra\u0219i esen\u021biali Omega-3 \u0219i Omega-6.<\/h4>\n\t\t\t<\/div>\n\t\t<\/div>\n\t<\/div>\n\t\n\t\t<\/div>\n\t\t\t\t\t<\/div>\n\n\t\n\n\t<div id=\"col-881010007\" class=\"col medium-6 small-12 large-6\"  >\n\t\t\t\t<div class=\"col-inner\"  >\n\t\t\t\n\t\t\t\n\t<div class=\"box has-hover   has-hover box-text-bottom\" >\n\n\t\t<div class=\"box-image\" >\n\t\t\t\t\t\t<div class=\"\" >\n\t\t\t\t<img loading=\"lazy\" decoding=\"async\" width=\"500\" height=\"500\" src=\"https:\/\/carebearbg.com\/wp-content\/uploads\/2023\/07\/\u0441\u0438\u043d\u044f_\u0441\u043b\u0438\u0432\u0430\u0430\u0430-removebg-preview.png\" class=\"attachment- size-\" alt=\"\" srcset=\"https:\/\/carebearbg.com\/wp-content\/uploads\/2023\/07\/\u0441\u0438\u043d\u044f_\u0441\u043b\u0438\u0432\u0430\u0430\u0430-removebg-preview.png 500w, https:\/\/carebearbg.com\/wp-content\/uploads\/2023\/07\/\u0441\u0438\u043d\u044f_\u0441\u043b\u0438\u0432\u0430\u0430\u0430-removebg-preview-300x300.png 300w, https:\/\/carebearbg.com\/wp-content\/uploads\/2023\/07\/\u0441\u0438\u043d\u044f_\u0441\u043b\u0438\u0432\u0430\u0430\u0430-removebg-preview-150x150.png 150w, https:\/\/carebearbg.com\/wp-content\/uploads\/2023\/07\/\u0441\u0438\u043d\u044f_\u0441\u043b\u0438\u0432\u0430\u0430\u0430-removebg-preview-100x100.png 100w\" sizes=\"auto, (max-width: 500px) 100vw, 500px\" \/>\t\t\t\t\t\t\t\t\t\t\t<\/div>\n\t\t\t\t\t<\/div>\n\n\t\t<div class=\"box-text text-center\" >\n\t\t\t<div class=\"box-text-inner\">\n\t\t\t\t\n<h4>PRUN\u0102 ALBASTR\u0102<\/h4>\n<h4>Uleiul este versatil \u0219i bogat \u00een acizi gra\u0219i esen\u021biali (oleic \u0219i linoleic), \u0219i con\u021bine, de asemenea, nivele ridicate de vitaminele A \u0219i E \u2013 o adev\u0103rat\u0103 binecuv\u00e2ntare pentru pielea uscat\u0103 \u0219i deshidratat\u0103.<\/h4>\n\t\t\t<\/div>\n\t\t<\/div>\n\t<\/div>\n\t\n\t\t<\/div>\n\t\t\t\t\t<\/div>\n\n\t\n<\/div>\n<div class=\"row\"  id=\"row-1021008121\">\n\n\t<div id=\"col-244413577\" class=\"col medium-6 small-12 large-6\"  >\n\t\t\t\t<div class=\"col-inner\"  >\n\t\t\t\n\t\t\t\n\t<div class=\"box has-hover   has-hover box-text-bottom\" >\n\n\t\t<div class=\"box-image\" >\n\t\t\t\t\t\t<div class=\"\" >\n\t\t\t\t<img loading=\"lazy\" decoding=\"async\" width=\"500\" height=\"351\" src=\"https:\/\/carebearbg.com\/wp-content\/uploads\/2023\/07\/\u043a\u0430\u0439\u0441\u0438\u044f-removebg-preview.png\" class=\"attachment- size-\" alt=\"\" srcset=\"https:\/\/carebearbg.com\/wp-content\/uploads\/2023\/07\/\u043a\u0430\u0439\u0441\u0438\u044f-removebg-preview.png 500w, https:\/\/carebearbg.com\/wp-content\/uploads\/2023\/07\/\u043a\u0430\u0439\u0441\u0438\u044f-removebg-preview-300x211.png 300w, https:\/\/carebearbg.com\/wp-content\/uploads\/2023\/07\/\u043a\u0430\u0439\u0441\u0438\u044f-removebg-preview-150x105.png 150w\" sizes=\"auto, (max-width: 500px) 100vw, 500px\" \/>\t\t\t\t\t\t\t\t\t\t\t<\/div>\n\t\t\t\t\t<\/div>\n\n\t\t<div class=\"box-text text-center\" >\n\t\t\t<div class=\"box-text-inner\">\n\t\t\t\t\n<h4>CAIS\u0102<\/h4>\n<h4>Un ulei extrem de delicat pentru piele, apreciat pentru propriet\u0103\u021bile sale hidratante, hr\u0103nitoare \u0219i regenerative. Ajut\u0103 la regenerarea celular\u0103, oferind tenului un luciu s\u0103n\u0103tos. Face pielea moale, elastic\u0103 \u0219i mai str\u0103lucitoare.<\/h4>\n\t\t\t<\/div>\n\t\t<\/div>\n\t<\/div>\n\t\n\t\t<\/div>\n\t\t\t\t\t<\/div>\n\n\t\n\n\t<div id=\"col-1958511437\" class=\"col medium-6 small-12 large-6\"  >\n\t\t\t\t<div class=\"col-inner\"  >\n\t\t\t\n\t\t\t\n\t<div class=\"box has-hover   has-hover box-text-bottom\" >\n\n\t\t<div class=\"box-image\" >\n\t\t\t\t\t\t<div class=\"\" >\n\t\t\t\t<img loading=\"lazy\" decoding=\"async\" width=\"599\" height=\"416\" src=\"https:\/\/carebearbg.com\/wp-content\/uploads\/2023\/07\/\u0434\u0438\u043d\u044f-removebg-preview-1.png\" class=\"attachment- size-\" alt=\"\" srcset=\"https:\/\/carebearbg.com\/wp-content\/uploads\/2023\/07\/\u0434\u0438\u043d\u044f-removebg-preview-1.png 599w, https:\/\/carebearbg.com\/wp-content\/uploads\/2023\/07\/\u0434\u0438\u043d\u044f-removebg-preview-1-300x208.png 300w, https:\/\/carebearbg.com\/wp-content\/uploads\/2023\/07\/\u0434\u0438\u043d\u044f-removebg-preview-1-150x104.png 150w\" sizes=\"auto, (max-width: 599px) 100vw, 599px\" \/>\t\t\t\t\t\t\t\t\t\t\t<\/div>\n\t\t\t\t\t<\/div>\n\n\t\t<div class=\"box-text text-center\" >\n\t\t\t<div class=\"box-text-inner\">\n\t\t\t\t\n<h4>PEPENE VERDE<\/h4>\n<h4>Uleiul de pepene verde ac\u021bioneaz\u0103 ca o barier\u0103 protectoare pentru a men\u021bine umiditatea \u0219i \u00eempiedica uscarea pielii. Nu lasa urme grase. Uleiul de pepene verde ac\u021bioneaz\u0103 ca o barier\u0103 eficient\u0103 pentru pielea, pentru a men\u021bine umiditatea \u0219i a \u00eempiedica uscarea.<\/h4>\n\t\t\t<\/div>\n\t\t<\/div>\n\t<\/div>\n\t\n\t\t<\/div>\n\t\t\t\t\t<\/div>\n\n\t\n<\/div>\n\t\t<\/div>\n\n\t\t\n<style>\n#section_811307089 {\n  padding-top: 30px;\n  padding-bottom: 30px;\n}\n<\/style>\n\t<\/section>\n\t\n<h4>SCI<\/h4>\n<p>Un surfactant f\u0103r\u0103 sulfat pe baz\u0103 de ulei de cocos. Este o resurs\u0103 natural\u0103 \u0219i regenerabil\u0103, complet biodegradabil\u0103. Cu o bl\u00e2nde\u021be deosebit\u0103, ofer\u0103 o senza\u021bie luxoas\u0103 \u0219i m\u0103t\u0103soas\u0103 pielii dup\u0103 sp\u0103lare. Creeaz\u0103 o spum\u0103 bogat\u0103 \u0219i dens\u0103.<\/p>\n<h4>COCO-Betaine<\/h4>\n<p>Un surfactant f\u0103r\u0103 sulfat, special, pe baz\u0103 de ulei de cocos care cur\u0103\u021b\u0103 delicat \u0219i ofer\u0103 propriet\u0103\u021bi pl\u0103cute \u0219i grijulii pentru piele. Foarte bl\u00e2nd cu pielea \u0219i \u00eei confer\u0103 moliciune.<\/p>\n<h4>INCI \/ Ingrediente:<\/h4>\n<p>Sucroz\u0103, Sodium Cocoyl Isethionate, Ap\u0103, Glicerina, Cocamidopropyl Betaine, Ulei din semin\u021be de Citrullus Lanatus, Acid Stearic, Ulei din miezul de Prunus Armeniaca, Ulei din semin\u021be de Passiflora Edulis, Ulei din semin\u021be de Prunus Domestica, Parfum, Alcool Benzilic, Acid Salicilic, Acid Sorbic, CI 16035, Cinnamal, Coumarin\u0103, Eugenol.<\/p>\n","protected":false},"excerpt":{"rendered":"<p>Scrub cremos delicat \u0219i parfumat pentru corp. Formulat cu CRISTALE EXFOLIANTE DE ZAH\u0102R \u0219i uleiuri din PRUN\u0102 ALBASTR\u0102, L\u0102M\u00c2IE, MARACUJA \u0219i CAISE, bogate \u00een Vitamina B1, C \u0219i Omega-6. Agen\u021bii de spumare sunt pe baz\u0103 de ULEI DE COCOS. Ac\u021bioneaz\u0103 minunat pentru toate tipurile de piele, inclusiv pielea uscat\u0103, descuamat\u0103 \u0219i sensibil\u0103.<br \/>\nCu un miros de C\u0102P\u0218UNI DE MUNTE \u0219i CHEESECAKE.<\/p>\n<p>Cantitate:\u00a0150g<\/p>\n<p>Aplica\u021bi generos cu mi\u0219c\u0103ri de masaj \u0219i apoi cl\u0103ti\u021bi.<\/p>\n<p>Nu con\u021bine parabeni, SLS sau SLES.<\/p>\n","protected":false},"featured_media":7973,"comment_status":"open","ping_status":"closed","template":"","meta":[],"product_brand":[],"product_cat":[55],"product_tag":[],"class_list":{"0":"post-4483","1":"product","2":"type-product","3":"status-publish","4":"has-post-thumbnail","6":"product_cat-scruburi-si-exfolianti-pentru-corp","8":"first","9":"instock","10":"shipping-taxable","11":"purchasable","12":"product-type-simple"},"_links":{"self":[{"href":"https:\/\/carebearbg.com\/ro\/wp-json\/wp\/v2\/product\/4483","targetHints":{"allow":["GET"]}}],"collection":[{"href":"https:\/\/carebearbg.com\/ro\/wp-json\/wp\/v2\/product"}],"about":[{"href":"https:\/\/carebearbg.com\/ro\/wp-json\/wp\/v2\/types\/product"}],"replies":[{"embeddable":true,"href":"https:\/\/carebearbg.com\/ro\/wp-json\/wp\/v2\/comments?post=4483"}],"wp:featuredmedia":[{"embeddable":true,"href":"https:\/\/carebearbg.com\/ro\/wp-json\/wp\/v2\/media\/7973"}],"wp:attachment":[{"href":"https:\/\/carebearbg.com\/ro\/wp-json\/wp\/v2\/media?parent=4483"}],"wp:term":[{"taxonomy":"product_brand","embeddable":true,"href":"https:\/\/carebearbg.com\/ro\/wp-json\/wp\/v2\/product_brand?post=4483"},{"taxonomy":"product_cat","embeddable":true,"href":"https:\/\/carebearbg.com\/ro\/wp-json\/wp\/v2\/product_cat?post=4483"},{"taxonomy":"product_tag","embeddable":true,"href":"https:\/\/carebearbg.com\/ro\/wp-json\/wp\/v2\/product_tag?post=4483"}],"curies":[{"name":"wp","href":"https:\/\/api.w.org\/{rel}","templated":true}]}}