{"id":4487,"date":"2023-06-30T15:36:43","date_gmt":"2023-06-30T12:36:43","guid":{"rendered":"https:\/\/carebearbg.com\/produkt\/body-bath-butter-strawberry-cheesecake\/"},"modified":"2025-08-16T21:41:00","modified_gmt":"2025-08-16T18:41:00","slug":"body-bath-butter-strawberry-cheesecake","status":"publish","type":"product","link":"https:\/\/carebearbg.com\/ro\/produkt\/body-bath-butter-strawberry-cheesecake\/","title":{"rendered":"BODY BATH BUTTER STRAWBERRY CHEESECAKE"},"content":{"rendered":"\n\t<section class=\"section\" id=\"section_1145056264\">\n\t\t<div class=\"section-bg fill\" >\n\t\t\t\t\t\t\t\t\t\n\t\t\t\n\n\t\t<\/div>\n\n\t\t\n\n\t\t<div class=\"section-content relative\">\n\t\t\t\n<div class=\"row\"  id=\"row-816917125\">\n\n\t<div id=\"col-717245715\" class=\"col medium-6 small-12 large-6\"  >\n\t\t\t\t<div class=\"col-inner\"  >\n\t\t\t\n\t\t\t\n\t<div class=\"box has-hover   has-hover box-text-bottom\" >\n\n\t\t<div class=\"box-image\" >\n\t\t\t\t\t\t<div class=\"\" >\n\t\t\t\t<img loading=\"lazy\" decoding=\"async\" width=\"500\" height=\"500\" src=\"https:\/\/carebearbg.com\/wp-content\/uploads\/2023\/07\/\u043c\u0430\u0440\u0430\u043a\u0443\u044f-removebg-preview.png\" class=\"attachment- size-\" alt=\"\" srcset=\"https:\/\/carebearbg.com\/wp-content\/uploads\/2023\/07\/\u043c\u0430\u0440\u0430\u043a\u0443\u044f-removebg-preview.png 500w, https:\/\/carebearbg.com\/wp-content\/uploads\/2023\/07\/\u043c\u0430\u0440\u0430\u043a\u0443\u044f-removebg-preview-300x300.png 300w, https:\/\/carebearbg.com\/wp-content\/uploads\/2023\/07\/\u043c\u0430\u0440\u0430\u043a\u0443\u044f-removebg-preview-150x150.png 150w, https:\/\/carebearbg.com\/wp-content\/uploads\/2023\/07\/\u043c\u0430\u0440\u0430\u043a\u0443\u044f-removebg-preview-100x100.png 100w\" sizes=\"auto, (max-width: 500px) 100vw, 500px\" \/>\t\t\t\t\t\t\t\t\t\t\t<\/div>\n\t\t\t\t\t<\/div>\n\n\t\t<div class=\"box-text text-center\" >\n\t\t\t<div class=\"box-text-inner\">\n\t\t\t\t\n<h4>FRUCTUL PASIUNII<\/h4>\n<h4>Uleiul de fructul pasiunii provine din p\u0103durile tropicale ale Americii de Sud \u0219i este apreciat pentru textura sa u\u0219oar\u0103 \u0219i non-gras\u0103, care se absoarbe rapid \u00een piele. Bogat \u00een acizi gra\u0219i esen\u021biali, inclusiv Omega-3 \u0219i Omega-6, care hr\u0103nesc \u0219i protejeaz\u0103 pielea \u00een profunzime.<\/h4>\n\t\t\t<\/div>\n\t\t<\/div>\n\t<\/div>\n\t\n\t\t<\/div>\n\t\t\t\t\t<\/div>\n\n\t\n\n\t<div id=\"col-1841641854\" class=\"col medium-6 small-12 large-6\"  >\n\t\t\t\t<div class=\"col-inner\"  >\n\t\t\t\n\t\t\t\n\t<div class=\"box has-hover   has-hover box-text-bottom\" >\n\n\t\t<div class=\"box-image\" >\n\t\t\t\t\t\t<div class=\"\" >\n\t\t\t\t<img loading=\"lazy\" decoding=\"async\" width=\"500\" height=\"500\" src=\"https:\/\/carebearbg.com\/wp-content\/uploads\/2023\/07\/\u0441\u0438\u043d\u044f_\u0441\u043b\u0438\u0432\u0430\u0430\u0430-removebg-preview.png\" class=\"attachment- size-\" alt=\"\" srcset=\"https:\/\/carebearbg.com\/wp-content\/uploads\/2023\/07\/\u0441\u0438\u043d\u044f_\u0441\u043b\u0438\u0432\u0430\u0430\u0430-removebg-preview.png 500w, https:\/\/carebearbg.com\/wp-content\/uploads\/2023\/07\/\u0441\u0438\u043d\u044f_\u0441\u043b\u0438\u0432\u0430\u0430\u0430-removebg-preview-300x300.png 300w, https:\/\/carebearbg.com\/wp-content\/uploads\/2023\/07\/\u0441\u0438\u043d\u044f_\u0441\u043b\u0438\u0432\u0430\u0430\u0430-removebg-preview-150x150.png 150w, https:\/\/carebearbg.com\/wp-content\/uploads\/2023\/07\/\u0441\u0438\u043d\u044f_\u0441\u043b\u0438\u0432\u0430\u0430\u0430-removebg-preview-100x100.png 100w\" sizes=\"auto, (max-width: 500px) 100vw, 500px\" \/>\t\t\t\t\t\t\t\t\t\t\t<\/div>\n\t\t\t\t\t<\/div>\n\n\t\t<div class=\"box-text text-center\" >\n\t\t\t<div class=\"box-text-inner\">\n\t\t\t\t\n<h4>PRUN\u0102 ALBASTR\u0102<\/h4>\n<h4>Uleiul este versatil \u0219i bogat \u00een acizi gra\u0219i esen\u021biali (oleic \u0219i linoleic), \u0219i con\u021bine, de asemenea, nivele ridicate de vitaminele A \u0219i E \u2013 o adev\u0103rat\u0103 binecuv\u00e2ntare pentru pielea uscat\u0103 \u0219i deshidratat\u0103.<\/h4>\n\t\t\t<\/div>\n\t\t<\/div>\n\t<\/div>\n\t\n\t\t<\/div>\n\t\t\t\t\t<\/div>\n\n\t\n<\/div>\n<div class=\"row\"  id=\"row-157764416\">\n\n\t<div id=\"col-1490601210\" class=\"col medium-6 small-12 large-6\"  >\n\t\t\t\t<div class=\"col-inner\"  >\n\t\t\t\n\t\t\t\n\t<div class=\"box has-hover   has-hover box-text-bottom\" >\n\n\t\t<div class=\"box-image\" >\n\t\t\t\t\t\t<div class=\"\" >\n\t\t\t\t<img loading=\"lazy\" decoding=\"async\" width=\"500\" height=\"351\" src=\"https:\/\/carebearbg.com\/wp-content\/uploads\/2023\/07\/\u043a\u0430\u0439\u0441\u0438\u044f-removebg-preview.png\" class=\"attachment- size-\" alt=\"\" srcset=\"https:\/\/carebearbg.com\/wp-content\/uploads\/2023\/07\/\u043a\u0430\u0439\u0441\u0438\u044f-removebg-preview.png 500w, https:\/\/carebearbg.com\/wp-content\/uploads\/2023\/07\/\u043a\u0430\u0439\u0441\u0438\u044f-removebg-preview-300x211.png 300w, https:\/\/carebearbg.com\/wp-content\/uploads\/2023\/07\/\u043a\u0430\u0439\u0441\u0438\u044f-removebg-preview-150x105.png 150w\" sizes=\"auto, (max-width: 500px) 100vw, 500px\" \/>\t\t\t\t\t\t\t\t\t\t\t<\/div>\n\t\t\t\t\t<\/div>\n\n\t\t<div class=\"box-text text-center\" >\n\t\t\t<div class=\"box-text-inner\">\n\t\t\t\t\n<h4>CAIS\u0102<\/h4>\n<h4>Un ulei extrem de delicat pentru piele, apreciat pentru propriet\u0103\u021bile sale hidratante, hr\u0103nitoare \u0219i regenerative. Ajut\u0103 la regenerarea celular\u0103, oferind tenului un luciu s\u0103n\u0103tos. Face pielea moale, elastic\u0103 \u0219i mai str\u0103lucitoare.<\/h4>\n\t\t\t<\/div>\n\t\t<\/div>\n\t<\/div>\n\t\n\t\t<\/div>\n\t\t\t\t\t<\/div>\n\n\t\n\n\t<div id=\"col-824426194\" class=\"col medium-6 small-12 large-6\"  >\n\t\t\t\t<div class=\"col-inner\"  >\n\t\t\t\n\t\t\t\n\t<div class=\"box has-hover   has-hover box-text-bottom\" >\n\n\t\t<div class=\"box-image\" >\n\t\t\t\t\t\t<div class=\"\" >\n\t\t\t\t<img loading=\"lazy\" decoding=\"async\" width=\"599\" height=\"416\" src=\"https:\/\/carebearbg.com\/wp-content\/uploads\/2023\/07\/\u0434\u0438\u043d\u044f-removebg-preview-1.png\" class=\"attachment- size-\" alt=\"\" srcset=\"https:\/\/carebearbg.com\/wp-content\/uploads\/2023\/07\/\u0434\u0438\u043d\u044f-removebg-preview-1.png 599w, https:\/\/carebearbg.com\/wp-content\/uploads\/2023\/07\/\u0434\u0438\u043d\u044f-removebg-preview-1-300x208.png 300w, https:\/\/carebearbg.com\/wp-content\/uploads\/2023\/07\/\u0434\u0438\u043d\u044f-removebg-preview-1-150x104.png 150w\" sizes=\"auto, (max-width: 599px) 100vw, 599px\" \/>\t\t\t\t\t\t\t\t\t\t\t<\/div>\n\t\t\t\t\t<\/div>\n\n\t\t<div class=\"box-text text-center\" >\n\t\t\t<div class=\"box-text-inner\">\n\t\t\t\t\n<h4>PEPENE VERDE<\/h4>\n<h4>Uleiul de pepene verde ac\u021bioneaz\u0103 ca o barier\u0103 protectoare pentru a men\u021bine umiditatea \u0219i \u00eempiedica uscarea pielii. Nu lasa urme grase. Uleiul de pepene verde ac\u021bioneaz\u0103 ca o barier\u0103 eficient\u0103 pentru pielea, pentru a men\u021bine umiditatea \u0219i a \u00eempiedica uscarea.<\/h4>\n\t\t\t<\/div>\n\t\t<\/div>\n\t<\/div>\n\t\n\t\t<\/div>\n\t\t\t\t\t<\/div>\n\n\t\n<\/div>\n\t\t<\/div>\n\n\t\t\n<style>\n#section_1145056264 {\n  padding-top: 30px;\n  padding-bottom: 30px;\n}\n<\/style>\n\t<\/section>\n\t\n<h4>SCI<\/h4>\n<p>Un surfactant f\u0103r\u0103 sulfat pe baz\u0103 de ulei de cocos. Este o resurs\u0103 natural\u0103 \u0219i regenerabil\u0103, complet biodegradabil\u0103. Cu o bl\u00e2nde\u021be deosebit\u0103, ofer\u0103 o senza\u021bie luxoas\u0103 \u0219i m\u0103t\u0103soas\u0103 pielii dup\u0103 sp\u0103lare. Creeaz\u0103 o spum\u0103 bogat\u0103 \u0219i dens\u0103.<\/p>\n<h4>COCO-Betaine<\/h4>\n<p>Un surfactant f\u0103r\u0103 sulfat, special, pe baz\u0103 de ulei de cocos care cur\u0103\u021b\u0103 delicat \u0219i ofer\u0103 propriet\u0103\u021bi pl\u0103cute \u0219i grijulii pentru piele. Foarte bl\u00e2nd cu pielea \u0219i \u00eei confer\u0103 moliciune. Complet biodegradabil.<\/p>\n<h4>INCI \/ Ingrediente:<\/h4>\n<p>Sodium Cocoyl Isethionate, Ap\u0103, Glicerina, Cocamidopropyl Betaine, Acid Stearic, Ulei din semin\u021be de Citrullus Lanatus, Ulei din miezul de Prunus Armeniaca, Ulei din semin\u021be de Passiflora Edulis, Parfum, Ulei din semin\u021be de Prunus Domestica, Alcool Benzilic, Acid Salicilic, Acid Sorbic, CI 16035, Cinnamal, Coumarin\u0103, Eugenol.<\/p>\n","protected":false},"excerpt":{"rendered":"<p><span lang=\"ro-RO\">Spum\u0103 pufoas\u0103 combinat\u0103 cu uleiuri din L\u0102M\u00c2IE VERDE, FRUCTUL PASIUNII, CAIS\u0102 \u0219i PRUN\u0102 ALBASTR\u0102 las\u0103 pielea moale \u0219i hidratat\u0103 dup\u0103 baie. Crema de baie \u00eembog\u0103\u021bit\u0103 cu uleiuri este de asemenea potrivit\u0103 \u0219i ca spum\u0103 de ras, cur\u0103\u021b\u00e2nd ad\u00e2nc porii \u0219i l\u0103s\u00e2nd pielea moale. Surfactan\u021bii sunt pe baz\u0103 de ULEI DE COCOS. Ca \u00eentotdeauna, produsele noastre sunt f\u0103r\u0103 parabeni, SLS \u0219i SLES \u0219i f\u0103r\u0103 cruzime fa\u021b\u0103 de animale. R\u0103sf\u0103\u021ba\u021bi-v\u0103 complet cu cea mai nou\u0103 delectare pentru cur\u0103\u021bare \u0219i hr\u0103nirea pielii!<\/span><\/p>\n<p><span lang=\"ro-RO\">Cu miros de C\u0102P\u0218UNI DE P\u0102DURE \u0219i CHEESECAKE.<\/span><\/p>\n<p><span lang=\"ro-RO\">**Cantitate:** 120g<\/span><\/p>\n<p><span lang=\"ro-RO\">**Mod de utilizare:** Lua\u021bi o cantitate mic\u0103 de ulei de baie, amesteca\u021bi cu ap\u0103 pentru a crea o spum\u0103 frumoas\u0103. Masa\u021bi cu mi\u0219c\u0103ri circulare \u0219i cl\u0103ti\u021bi.<\/span><\/p>\n","protected":false},"featured_media":7841,"comment_status":"open","ping_status":"closed","template":"","meta":[],"product_brand":[],"product_cat":[56],"product_tag":[],"class_list":{"0":"post-4487","1":"product","2":"type-product","3":"status-publish","4":"has-post-thumbnail","6":"product_cat-crema-pentru-dus","8":"first","9":"instock","10":"shipping-taxable","11":"purchasable","12":"product-type-simple"},"_links":{"self":[{"href":"https:\/\/carebearbg.com\/ro\/wp-json\/wp\/v2\/product\/4487","targetHints":{"allow":["GET"]}}],"collection":[{"href":"https:\/\/carebearbg.com\/ro\/wp-json\/wp\/v2\/product"}],"about":[{"href":"https:\/\/carebearbg.com\/ro\/wp-json\/wp\/v2\/types\/product"}],"replies":[{"embeddable":true,"href":"https:\/\/carebearbg.com\/ro\/wp-json\/wp\/v2\/comments?post=4487"}],"wp:featuredmedia":[{"embeddable":true,"href":"https:\/\/carebearbg.com\/ro\/wp-json\/wp\/v2\/media\/7841"}],"wp:attachment":[{"href":"https:\/\/carebearbg.com\/ro\/wp-json\/wp\/v2\/media?parent=4487"}],"wp:term":[{"taxonomy":"product_brand","embeddable":true,"href":"https:\/\/carebearbg.com\/ro\/wp-json\/wp\/v2\/product_brand?post=4487"},{"taxonomy":"product_cat","embeddable":true,"href":"https:\/\/carebearbg.com\/ro\/wp-json\/wp\/v2\/product_cat?post=4487"},{"taxonomy":"product_tag","embeddable":true,"href":"https:\/\/carebearbg.com\/ro\/wp-json\/wp\/v2\/product_tag?post=4487"}],"curies":[{"name":"wp","href":"https:\/\/api.w.org\/{rel}","templated":true}]}}