{"id":4491,"date":"2023-06-30T15:12:12","date_gmt":"2023-06-30T12:12:12","guid":{"rendered":"https:\/\/carebearbg.com\/produkt\/body-bath-butter-rainbow\/"},"modified":"2025-03-04T18:24:29","modified_gmt":"2025-03-04T16:24:29","slug":"body-bath-butter-rainbow","status":"publish","type":"product","link":"https:\/\/carebearbg.com\/ro\/produkt\/body-bath-butter-rainbow\/","title":{"rendered":"BODY BATH BUTTER RAINBOW"},"content":{"rendered":"<div class=\"row\"  id=\"row-845930564\">\n\n\t<div id=\"col-282661274\" class=\"col medium-6 small-12 large-6\"  >\n\t\t\t\t<div class=\"col-inner\"  >\n\t\t\t\n\t\t\t\n\t<div class=\"box has-hover   has-hover box-text-bottom\" >\n\n\t\t<div class=\"box-image\" >\n\t\t\t\t\t\t<div class=\"\" >\n\t\t\t\t<img loading=\"lazy\" decoding=\"async\" width=\"599\" height=\"416\" src=\"https:\/\/carebearbg.com\/wp-content\/uploads\/2023\/07\/\u0434\u0438\u043d\u044f-removebg-preview.png\" class=\"attachment- size-\" alt=\"\" srcset=\"https:\/\/carebearbg.com\/wp-content\/uploads\/2023\/07\/\u0434\u0438\u043d\u044f-removebg-preview.png 599w, https:\/\/carebearbg.com\/wp-content\/uploads\/2023\/07\/\u0434\u0438\u043d\u044f-removebg-preview-300x208.png 300w, https:\/\/carebearbg.com\/wp-content\/uploads\/2023\/07\/\u0434\u0438\u043d\u044f-removebg-preview-150x104.png 150w\" sizes=\"auto, (max-width: 599px) 100vw, 599px\" \/>\t\t\t\t\t\t\t\t\t\t\t<\/div>\n\t\t\t\t\t<\/div>\n\n\t\t<div class=\"box-text text-center\" >\n\t\t\t<div class=\"box-text-inner\">\n\t\t\t\t\n<h4>PEPENE VERDE<\/h4>\n<h4>Uleiul de pepene verde ac\u021bioneaz\u0103 ca o barier\u0103 protectoare pentru a men\u021bine umiditatea \u0219i \u00eempiedica uscarea pielii. Nu lasa urme grase. Uleiul de pepene verde ac\u021bioneaz\u0103 ca o barier\u0103 eficient\u0103 pentru pielea, pentru a men\u021bine umiditatea \u0219i a \u00eempiedica uscarea.<\/h4>\n\t\t\t<\/div>\n\t\t<\/div>\n\t<\/div>\n\t\n\t\t<\/div>\n\t\t\t\t\t<\/div>\n\n\t\n\n\t<div id=\"col-1564799119\" class=\"col medium-6 small-12 large-6\"  >\n\t\t\t\t<div class=\"col-inner\"  >\n\t\t\t\n\t\t\t\n\t<div class=\"box has-hover   has-hover box-text-bottom\" >\n\n\t\t<div class=\"box-image\" >\n\t\t\t\t\t\t<div class=\"\" >\n\t\t\t\t<img loading=\"lazy\" decoding=\"async\" width=\"707\" height=\"353\" src=\"https:\/\/carebearbg.com\/wp-content\/uploads\/2023\/07\/\u0433\u0440\u043e\u0437\u0434\u0435-removebg-preview.png\" class=\"attachment- size-\" alt=\"\" srcset=\"https:\/\/carebearbg.com\/wp-content\/uploads\/2023\/07\/\u0433\u0440\u043e\u0437\u0434\u0435-removebg-preview.png 707w, https:\/\/carebearbg.com\/wp-content\/uploads\/2023\/07\/\u0433\u0440\u043e\u0437\u0434\u0435-removebg-preview-300x150.png 300w, https:\/\/carebearbg.com\/wp-content\/uploads\/2023\/07\/\u0433\u0440\u043e\u0437\u0434\u0435-removebg-preview-150x75.png 150w\" sizes=\"auto, (max-width: 707px) 100vw, 707px\" \/>\t\t\t\t\t\t\t\t\t\t\t<\/div>\n\t\t\t\t\t<\/div>\n\n\t\t<div class=\"box-text text-center\" >\n\t\t\t<div class=\"box-text-inner\">\n\t\t\t\t\n<h4>STRUGURE<\/h4>\n<h4>Uleiul din semin\u021be de struguri este bogat \u00een polifenoli, \u00een special complexe oligomerice de proantocianidine (OPCs) \u2013 considerate unele dintre cei mai puternici antioxidan\u021bi din natur\u0103. Nivelurile ridicate de acid linoleic omega-6 contribuie la formarea ceramidelor pe suprafa\u021ba pielii.<\/h4>\n\t\t\t<\/div>\n\t\t<\/div>\n\t<\/div>\n\t\n\t\t<\/div>\n\t\t\t\t\t<\/div>\n\n\t\n<\/div>\n<div class=\"row\"  id=\"row-326521103\">\n\n\t<div id=\"col-811807401\" class=\"col medium-6 small-12 large-6\"  >\n\t\t\t\t<div class=\"col-inner\"  >\n\t\t\t\n\t\t\t\n\t<div class=\"box has-hover   has-hover box-text-bottom\" >\n\n\t\t<div class=\"box-image\" >\n\t\t\t\t\t\t<div class=\"\" >\n\t\t\t\t<img loading=\"lazy\" decoding=\"async\" width=\"246\" height=\"204\" src=\"https:\/\/carebearbg.com\/wp-content\/uploads\/2023\/07\/\u043d\u0430\u0440-removebg-preview.png\" class=\"attachment- size-\" alt=\"\" srcset=\"https:\/\/carebearbg.com\/wp-content\/uploads\/2023\/07\/\u043d\u0430\u0440-removebg-preview.png 246w, https:\/\/carebearbg.com\/wp-content\/uploads\/2023\/07\/\u043d\u0430\u0440-removebg-preview-150x124.png 150w\" sizes=\"auto, (max-width: 246px) 100vw, 246px\" \/>\t\t\t\t\t\t\t\t\t\t\t<\/div>\n\t\t\t\t\t<\/div>\n\n\t\t<div class=\"box-text text-center\" >\n\t\t\t<div class=\"box-text-inner\">\n\t\t\t\t\n<h4>RODIE<\/h4>\n<h4>Ulei din frumoasele fructe de *Punica granatum*, cultivate \u00een livezi \u00eensorite din subcontinentul indian. Bogat \u00een vitamina E, uleiul de rodie protejeaz\u0103 celulele pielii de deterior\u0103rile oxidative datorit\u0103 propriet\u0103\u021bilor sale antioxidante excelente, oferind pielii un aspect t\u00e2n\u0103r \u0219i frumos.<\/h4>\n\t\t\t<\/div>\n\t\t<\/div>\n\t<\/div>\n\t\n\t\t<\/div>\n\t\t\t\t\t<\/div>\n\n\t\n\n\t<div id=\"col-439417837\" class=\"col medium-6 small-12 large-6\"  >\n\t\t\t\t<div class=\"col-inner\"  >\n\t\t\t\n\t\t\t\n\t<div class=\"box has-hover   has-hover box-text-bottom\" >\n\n\t\t<div class=\"box-image\" >\n\t\t\t\t\t\t<div class=\"\" >\n\t\t\t\t<img loading=\"lazy\" decoding=\"async\" width=\"867\" height=\"288\" src=\"https:\/\/carebearbg.com\/wp-content\/uploads\/2023\/06\/\u0436\u043e\u0436\u043e\u0431\u0430-removebg-preview.png\" class=\"attachment- size-\" alt=\"\" srcset=\"https:\/\/carebearbg.com\/wp-content\/uploads\/2023\/06\/\u0436\u043e\u0436\u043e\u0431\u0430-removebg-preview.png 867w, https:\/\/carebearbg.com\/wp-content\/uploads\/2023\/06\/\u0436\u043e\u0436\u043e\u0431\u0430-removebg-preview-300x100.png 300w, https:\/\/carebearbg.com\/wp-content\/uploads\/2023\/06\/\u0436\u043e\u0436\u043e\u0431\u0430-removebg-preview-150x50.png 150w, https:\/\/carebearbg.com\/wp-content\/uploads\/2023\/06\/\u0436\u043e\u0436\u043e\u0431\u0430-removebg-preview-768x255.png 768w\" sizes=\"auto, (max-width: 867px) 100vw, 867px\" \/>\t\t\t\t\t\t\t\t\t\t\t<\/div>\n\t\t\t\t\t<\/div>\n\n\t\t<div class=\"box-text text-center\" >\n\t\t\t<div class=\"box-text-inner\">\n\t\t\t\t\n<h4>JOJOBA<\/h4>\n<h4>Uleiul de jojoba, originar din de\u0219ertul Sonora din Arizona, nordul Mexicului \u0219i California arid\u0103, este bogat \u00een vitaminele A, E \u0219i D, care sporesc frumuse\u021bea, precum \u0219i \u00een antioxidan\u021bi \u0219i acizi gra\u0219i. Uleiul de jojoba poate p\u0103trunde ad\u00e2nc, ajung\u00e2nd sub stratul superior al pielii pentru o hr\u0103nire maxim\u0103.<\/h4>\n\t\t\t<\/div>\n\t\t<\/div>\n\t<\/div>\n\t\n\t\t<\/div>\n\t\t\t\t\t<\/div>\n\n\t\n<\/div>\n<p>&nbsp;<\/p>\n<h4>SCI<\/h4>\n<p>Agent tensioactiv f\u0103r\u0103 sulfa\u021bi pe baz\u0103 de ulei de cocos. O resurs\u0103 natural\u0103 \u0219i regenerabil\u0103, complet biodegradabil\u0103. Cu o moliciune excep\u021bional\u0103. Ofer\u0103 o senza\u021bie luxoas\u0103 \u0219i m\u0103t\u0103soas\u0103 pielii dup\u0103 sp\u0103lare. Creeaz\u0103 o spum\u0103 bogat\u0103 \u0219i dens\u0103.<\/p>\n<h4>COCO-Betaine<\/h4>\n<p>Agent tensioactiv special f\u0103r\u0103 sulfa\u021bi pe baz\u0103 de ulei de cocos, care cur\u0103\u021b\u0103 delicat \u0219i ofer\u0103 propriet\u0103\u021bi pl\u0103cute \u0219i prietenoase cu pielea. Foarte delicat cu pielea, conferindu-i moliciune.<\/p>\n<h4>INCI \/Ingrediente\/\u0421\u044a\u0441\u0442\u0430\u0432:<\/h4>\n<p>Sodium Cocoyl Isethionate, Ap\u0103, Glicerin\u0103, Cocamidopropyl Betaine, Acid Stearic, Ulei de Semin\u021be de Vitis Vinifera, Ulei de Semin\u021be de Citrullus Lanatus, Parfum, Ulei de Semin\u021be de Simmondsia Chinensis, Extract de Semin\u021be de Punica Granatum, Alcool Benzilic, Extract de Frunze de Rosmarinus Officinalis, Acid Salicilic, Acid Sorbic, CI 16035, CI 42090, CI 10020, CI 19140, Coumarin, D-Limonen, Linalool<\/p>\n<p>&nbsp;<\/p>\n","protected":false},"excerpt":{"rendered":"<p>Spum\u0103 pufoas\u0103 combinat\u0103 cu uleiuri din L\u0102M\u00c2IE VERDE, FRUCTUL PASIUNII, CAIS\u0102 \u0219i JOJOBA las\u0103 pielea moale \u0219i hidratat\u0103 dup\u0103 baie. Crema de baie \u00eembog\u0103\u021bit\u0103 cu uleiuri este de asemenea potrivit\u0103 \u0219i ca spum\u0103 de ras, cur\u0103\u021b\u00e2nd ad\u00e2nc porii \u0219i l\u0103s\u00e2nd pielea moale. Surfactan\u021bii sunt pe baz\u0103 de ULEI DE COCOS. Ca \u00eentotdeauna, produsele noastre sunt f\u0103r\u0103 parabeni, SLS \u0219i SLES \u0219i f\u0103r\u0103 cruzime fa\u021b\u0103 de animale. R\u0103sf\u0103\u021ba\u021bi-v\u0103 complet cu cea mai nou\u0103 delectare pentru cur\u0103\u021bare \u0219i hr\u0103nirea pielii!<\/p>\n<p>Cu parfum de MANGO \u0219i VATA DE ZAH\u0102R.<\/p>\n<p>**Cantitate:** 120g<\/p>\n<p>**Mod de utilizare:** Lua\u021bi o cantitate mic\u0103 de ulei de baie, amesteca\u021bi cu ap\u0103 pentru a crea o spum\u0103 frumoas\u0103. Masa\u021bi cu mi\u0219c\u0103ri circulare \u0219i cl\u0103ti\u021bi.<\/p>\n","protected":false},"featured_media":7871,"comment_status":"open","ping_status":"closed","template":"","meta":[],"product_brand":[],"product_cat":[56],"product_tag":[],"class_list":{"0":"post-4491","1":"product","2":"type-product","3":"status-publish","4":"has-post-thumbnail","6":"product_cat-crema-pentru-dus","8":"first","9":"instock","10":"shipping-taxable","11":"purchasable","12":"product-type-simple"},"_links":{"self":[{"href":"https:\/\/carebearbg.com\/ro\/wp-json\/wp\/v2\/product\/4491","targetHints":{"allow":["GET"]}}],"collection":[{"href":"https:\/\/carebearbg.com\/ro\/wp-json\/wp\/v2\/product"}],"about":[{"href":"https:\/\/carebearbg.com\/ro\/wp-json\/wp\/v2\/types\/product"}],"replies":[{"embeddable":true,"href":"https:\/\/carebearbg.com\/ro\/wp-json\/wp\/v2\/comments?post=4491"}],"wp:featuredmedia":[{"embeddable":true,"href":"https:\/\/carebearbg.com\/ro\/wp-json\/wp\/v2\/media\/7871"}],"wp:attachment":[{"href":"https:\/\/carebearbg.com\/ro\/wp-json\/wp\/v2\/media?parent=4491"}],"wp:term":[{"taxonomy":"product_brand","embeddable":true,"href":"https:\/\/carebearbg.com\/ro\/wp-json\/wp\/v2\/product_brand?post=4491"},{"taxonomy":"product_cat","embeddable":true,"href":"https:\/\/carebearbg.com\/ro\/wp-json\/wp\/v2\/product_cat?post=4491"},{"taxonomy":"product_tag","embeddable":true,"href":"https:\/\/carebearbg.com\/ro\/wp-json\/wp\/v2\/product_tag?post=4491"}],"curies":[{"name":"wp","href":"https:\/\/api.w.org\/{rel}","templated":true}]}}