{"id":4499,"date":"2023-06-30T14:22:37","date_gmt":"2023-06-30T11:22:37","guid":{"rendered":"https:\/\/carebearbg.com\/produkt\/body-butter-strawberry-cheesecake\/"},"modified":"2026-03-10T16:34:17","modified_gmt":"2026-03-10T14:34:17","slug":"body-butter-strawberry-cheesecake","status":"publish","type":"product","link":"https:\/\/carebearbg.com\/ro\/produkt\/body-butter-strawberry-cheesecake\/","title":{"rendered":"BODY BUTTER STRAWBERRY CHEESECAKE"},"content":{"rendered":"\n\t<section class=\"section\" id=\"section_8425953\">\n\t\t<div class=\"section-bg fill\" >\n\t\t\t\t\t\t\t\t\t\n\t\t\t\n\n\t\t<\/div>\n\n\t\t\n\n\t\t<div class=\"section-content relative\">\n\t\t\t\n<div class=\"row\"  id=\"row-132337635\">\n\n\t<div id=\"col-508558503\" class=\"col medium-6 small-12 large-6\"  >\n\t\t\t\t<div class=\"col-inner\"  >\n\t\t\t\n\t\t\t\n\t<div class=\"box has-hover   has-hover box-text-bottom\" >\n\n\t\t<div class=\"box-image\" >\n\t\t\t\t\t\t<div class=\"\" >\n\t\t\t\t<img loading=\"lazy\" decoding=\"async\" width=\"612\" height=\"408\" src=\"https:\/\/carebearbg.com\/wp-content\/uploads\/2023\/07\/\u0448\u0435\u0430-removebg-preview.png\" class=\"attachment- size-\" alt=\"\" srcset=\"https:\/\/carebearbg.com\/wp-content\/uploads\/2023\/07\/\u0448\u0435\u0430-removebg-preview.png 612w, https:\/\/carebearbg.com\/wp-content\/uploads\/2023\/07\/\u0448\u0435\u0430-removebg-preview-300x200.png 300w, https:\/\/carebearbg.com\/wp-content\/uploads\/2023\/07\/\u0448\u0435\u0430-removebg-preview-150x100.png 150w\" sizes=\"auto, (max-width: 612px) 100vw, 612px\" \/>\t\t\t\t\t\t\t\t\t\t\t<\/div>\n\t\t\t\t\t<\/div>\n\n\t\t<div class=\"box-text text-center\" >\n\t\t\t<div class=\"box-text-inner\">\n\t\t\t\t\n<h4>SHEA<\/h4>\n<h4>Extras din nucile *Vitellaria paradoxa*, cunoscut sub numele de arbore de shea (karite), originar din Africa. Untul de Shea se absoarbe u\u0219or \u00een piele pentru a oferi o hidratare intens\u0103, f\u0103r\u0103 a irita \u0219i a las\u0103 reziduuri grase. Nu \u00eenfunda porii. Acest lucru \u00eel face ideal pentru pielea gras\u0103, sensibil\u0103 \u0219i matur\u0103.<\/h4>\n\t\t\t<\/div>\n\t\t<\/div>\n\t<\/div>\n\t\n\t\t<\/div>\n\t\t\t\t\t<\/div>\n\n\t\n\n\t<div id=\"col-2048040774\" class=\"col medium-6 small-12 large-6\"  >\n\t\t\t\t<div class=\"col-inner\"  >\n\t\t\t\n\t\t\t\n\t<div class=\"box has-hover   has-hover box-text-bottom\" >\n\n\t\t<div class=\"box-image\" >\n\t\t\t\t\t\t<div class=\"\" >\n\t\t\t\t<img loading=\"lazy\" decoding=\"async\" width=\"450\" height=\"450\" src=\"https:\/\/carebearbg.com\/wp-content\/uploads\/2023\/07\/\u043c\u0443\u0440\u0443\u043c\u0443\u0440\u0443-removebg-preview.png\" class=\"attachment- size-\" alt=\"\" srcset=\"https:\/\/carebearbg.com\/wp-content\/uploads\/2023\/07\/\u043c\u0443\u0440\u0443\u043c\u0443\u0440\u0443-removebg-preview.png 450w, https:\/\/carebearbg.com\/wp-content\/uploads\/2023\/07\/\u043c\u0443\u0440\u0443\u043c\u0443\u0440\u0443-removebg-preview-300x300.png 300w, https:\/\/carebearbg.com\/wp-content\/uploads\/2023\/07\/\u043c\u0443\u0440\u0443\u043c\u0443\u0440\u0443-removebg-preview-150x150.png 150w, https:\/\/carebearbg.com\/wp-content\/uploads\/2023\/07\/\u043c\u0443\u0440\u0443\u043c\u0443\u0440\u0443-removebg-preview-100x100.png 100w\" sizes=\"auto, (max-width: 450px) 100vw, 450px\" \/>\t\t\t\t\t\t\t\t\t\t\t<\/div>\n\t\t\t\t\t<\/div>\n\n\t\t<div class=\"box-text text-center\" >\n\t\t\t<div class=\"box-text-inner\">\n\t\t\t\t\n<h4>MURU MURU<\/h4>\n<h4>Se extrage din semin\u021bele fructelor ro\u0219ii-portocalii ale palmierului Astrocaryum murumuru, originar din Brazilia \u0219i alte regiuni ale Amazonului. Uleiul de Murumuru este un aditiv calmant, protector \u0219i hr\u0103nitor pentru produsele de \u00eengrijire a pielii, destinat s\u0103 hidrateze \u0219i s\u0103 protejeze toate tipurile de piele, \u00een special pielea uscat\u0103, cr\u0103pat\u0103 \u0219i problematic\u0103. Este \u00eenc\u0103rcat cu vitamine \u0219i are un con\u021binut ridicat de acizi gra\u0219i esen\u021biali pentru o hidratare profund\u0103.<\/h4>\n\t\t\t<\/div>\n\t\t<\/div>\n\t<\/div>\n\t\n\t\t<\/div>\n\t\t\t\t\t<\/div>\n\n\t\n<\/div>\n<div class=\"row\"  id=\"row-1439176383\">\n\n\t<div id=\"col-2010170277\" class=\"col medium-6 small-12 large-6\"  >\n\t\t\t\t<div class=\"col-inner\"  >\n\t\t\t\n\t\t\t\n\t<div class=\"box has-hover   has-hover box-text-bottom\" >\n\n\t\t<div class=\"box-image\" >\n\t\t\t\t\t\t<div class=\"\" >\n\t\t\t\t<img loading=\"lazy\" decoding=\"async\" width=\"500\" height=\"500\" src=\"https:\/\/carebearbg.com\/wp-content\/uploads\/2023\/07\/\u043c\u0430\u043d\u0433\u043f-removebg-preview.png\" class=\"attachment- size-\" alt=\"\" srcset=\"https:\/\/carebearbg.com\/wp-content\/uploads\/2023\/07\/\u043c\u0430\u043d\u0433\u043f-removebg-preview.png 500w, https:\/\/carebearbg.com\/wp-content\/uploads\/2023\/07\/\u043c\u0430\u043d\u0433\u043f-removebg-preview-300x300.png 300w, https:\/\/carebearbg.com\/wp-content\/uploads\/2023\/07\/\u043c\u0430\u043d\u0433\u043f-removebg-preview-150x150.png 150w, https:\/\/carebearbg.com\/wp-content\/uploads\/2023\/07\/\u043c\u0430\u043d\u0433\u043f-removebg-preview-100x100.png 100w\" sizes=\"auto, (max-width: 500px) 100vw, 500px\" \/>\t\t\t\t\t\t\t\t\t\t\t<\/div>\n\t\t\t\t\t<\/div>\n\n\t\t<div class=\"box-text text-center\" >\n\t\t\t<div class=\"box-text-inner\">\n\t\t\t\t\n<h4>MANGO<\/h4>\n<h4>Extras din semin\u021bele fructului de mango. Fructul arborelui Mangifera indica provine din Asia de Sud. Uleiul din semin\u021be de mango este bogat \u00een compus polifenolic numit mangiferin\u0103, cunoscut pentru propriet\u0103\u021bile sale emoliente \u0219i antioxidante. Acest ulei rafinat prezint\u0103 calit\u0103\u021bi excelente de penetrarea a pielii. Este un ulei hr\u0103nitor, restabile\u0219te nivelurile de lipide, \u00eembun\u0103t\u0103\u021be\u0219te elasticitatea, re\u021bine umiditatea \u0219i protejeaz\u0103 pielea de factorii de mediu.<\/h4>\n\t\t\t<\/div>\n\t\t<\/div>\n\t<\/div>\n\t\n\t\t<\/div>\n\t\t\t\t\t<\/div>\n\n\t\n\n\t<div id=\"col-1602657270\" class=\"col medium-6 small-12 large-6\"  >\n\t\t\t\t<div class=\"col-inner\"  >\n\t\t\t\n\t\t\t\n\t<div class=\"box has-hover   has-hover box-text-bottom\" >\n\n\t\t<div class=\"box-image\" >\n\t\t\t\t\t\t<div class=\"\" >\n\t\t\t\t<img loading=\"lazy\" decoding=\"async\" width=\"599\" height=\"416\" src=\"https:\/\/carebearbg.com\/wp-content\/uploads\/2023\/07\/\u0434\u0438\u043d\u044f-removebg-preview.png\" class=\"attachment- size-\" alt=\"\" srcset=\"https:\/\/carebearbg.com\/wp-content\/uploads\/2023\/07\/\u0434\u0438\u043d\u044f-removebg-preview.png 599w, https:\/\/carebearbg.com\/wp-content\/uploads\/2023\/07\/\u0434\u0438\u043d\u044f-removebg-preview-300x208.png 300w, https:\/\/carebearbg.com\/wp-content\/uploads\/2023\/07\/\u0434\u0438\u043d\u044f-removebg-preview-150x104.png 150w\" sizes=\"auto, (max-width: 599px) 100vw, 599px\" \/>\t\t\t\t\t\t\t\t\t\t\t<\/div>\n\t\t\t\t\t<\/div>\n\n\t\t<div class=\"box-text text-center\" >\n\t\t\t<div class=\"box-text-inner\">\n\t\t\t\t\n<h4>PEPENE VERDE<\/h4>\n<h4>Uleiul de pepene verde ac\u021bioneaz\u0103 ca o barier\u0103 protectoare pentru a men\u021bine umiditatea \u0219i \u00eempiedica uscarea pielii. Nu lasa urme grase. Uleiul de pepene verde ac\u021bioneaz\u0103 ca o barier\u0103 eficient\u0103 pentru pielea, pentru a men\u021bine umiditatea \u0219i a \u00eempiedica uscarea.<\/h4>\n\t\t\t<\/div>\n\t\t<\/div>\n\t<\/div>\n\t\n\t\t<\/div>\n\t\t\t\t\t<\/div>\n\n\t\n<\/div>\n<div class=\"row\"  id=\"row-507477640\">\n\n\t<div id=\"col-525833781\" class=\"col medium-6 small-12 large-6\"  >\n\t\t\t\t<div class=\"col-inner\"  >\n\t\t\t\n\t\t\t\n\t<div class=\"box has-hover   has-hover box-text-bottom\" >\n\n\t\t<div class=\"box-image\" >\n\t\t\t\t\t\t<div class=\"\" >\n\t\t\t\t<img loading=\"lazy\" decoding=\"async\" width=\"500\" height=\"500\" src=\"https:\/\/carebearbg.com\/wp-content\/uploads\/2023\/07\/\u043c\u0430\u0440\u0430\u043a\u0443\u044f-removebg-preview.png\" class=\"attachment- size-\" alt=\"\" srcset=\"https:\/\/carebearbg.com\/wp-content\/uploads\/2023\/07\/\u043c\u0430\u0440\u0430\u043a\u0443\u044f-removebg-preview.png 500w, https:\/\/carebearbg.com\/wp-content\/uploads\/2023\/07\/\u043c\u0430\u0440\u0430\u043a\u0443\u044f-removebg-preview-300x300.png 300w, https:\/\/carebearbg.com\/wp-content\/uploads\/2023\/07\/\u043c\u0430\u0440\u0430\u043a\u0443\u044f-removebg-preview-150x150.png 150w, https:\/\/carebearbg.com\/wp-content\/uploads\/2023\/07\/\u043c\u0430\u0440\u0430\u043a\u0443\u044f-removebg-preview-100x100.png 100w\" sizes=\"auto, (max-width: 500px) 100vw, 500px\" \/>\t\t\t\t\t\t\t\t\t\t\t<\/div>\n\t\t\t\t\t<\/div>\n\n\t\t<div class=\"box-text text-center\" >\n\t\t\t<div class=\"box-text-inner\">\n\t\t\t\t\n<h4>FRUCTUL PASIUNII<\/h4>\n<h4>Uleiul de fructul pasiunii provine din p\u0103durile tropicale ale Americii de Sud \u0219i este apreciat pentru textura sa u\u0219oar\u0103 \u0219i non-gras\u0103, care se absoarbe rapid \u00een piele. Bogat \u00een acizi gra\u0219i esen\u021biali, inclusiv Omega-3 \u0219i Omega-6, care hr\u0103nesc \u0219i protejeaz\u0103 pielea \u00een profunzime.<\/h4>\n\t\t\t<\/div>\n\t\t<\/div>\n\t<\/div>\n\t\n\t\t<\/div>\n\t\t\t\t\t<\/div>\n\n\t\n\n\t<div id=\"col-1601866365\" class=\"col medium-6 small-12 large-6\"  >\n\t\t\t\t<div class=\"col-inner\"  >\n\t\t\t\n\t\t\t\n\t<div class=\"box has-hover   has-hover box-text-bottom\" >\n\n\t\t<div class=\"box-image\" >\n\t\t\t\t\t\t<div class=\"\" >\n\t\t\t\t<img loading=\"lazy\" decoding=\"async\" width=\"500\" height=\"500\" src=\"https:\/\/carebearbg.com\/wp-content\/uploads\/2023\/07\/\u0441\u0438\u043d\u044f_\u0441\u043b\u0438\u0432\u0430\u0430\u0430-removebg-preview.png\" class=\"attachment- size-\" alt=\"\" srcset=\"https:\/\/carebearbg.com\/wp-content\/uploads\/2023\/07\/\u0441\u0438\u043d\u044f_\u0441\u043b\u0438\u0432\u0430\u0430\u0430-removebg-preview.png 500w, https:\/\/carebearbg.com\/wp-content\/uploads\/2023\/07\/\u0441\u0438\u043d\u044f_\u0441\u043b\u0438\u0432\u0430\u0430\u0430-removebg-preview-300x300.png 300w, https:\/\/carebearbg.com\/wp-content\/uploads\/2023\/07\/\u0441\u0438\u043d\u044f_\u0441\u043b\u0438\u0432\u0430\u0430\u0430-removebg-preview-150x150.png 150w, https:\/\/carebearbg.com\/wp-content\/uploads\/2023\/07\/\u0441\u0438\u043d\u044f_\u0441\u043b\u0438\u0432\u0430\u0430\u0430-removebg-preview-100x100.png 100w\" sizes=\"auto, (max-width: 500px) 100vw, 500px\" \/>\t\t\t\t\t\t\t\t\t\t\t<\/div>\n\t\t\t\t\t<\/div>\n\n\t\t<div class=\"box-text text-center\" >\n\t\t\t<div class=\"box-text-inner\">\n\t\t\t\t\n<h4>PRUN\u0102 ALBASTR\u0102<\/h4>\n<h4>Uleiul este versatil \u0219i bogat \u00een acizi gra\u0219i esen\u021biali (oleic \u0219i linoleic), \u0219i con\u021bine, de asemenea, nivele ridicate de vitaminele A \u0219i E \u2013 o adev\u0103rat\u0103 binecuv\u00e2ntare pentru pielea uscat\u0103 \u0219i deshidratat\u0103.<\/h4>\n\t\t\t<\/div>\n\t\t<\/div>\n\t<\/div>\n\t\n\t\t<\/div>\n\t\t\t\t\t<\/div>\n\n\t\n<\/div>\n<div class=\"row\"  id=\"row-1899641522\">\n\n\t<div id=\"col-577427045\" class=\"col medium-6 small-12 large-6\"  >\n\t\t\t\t<div class=\"col-inner\"  >\n\t\t\t\n\t\t\t\n\t<div class=\"box has-hover   has-hover box-text-bottom\" >\n\n\t\t<div class=\"box-image\" >\n\t\t\t\t\t\t<div class=\"\" >\n\t\t\t\t<img loading=\"lazy\" decoding=\"async\" width=\"500\" height=\"351\" src=\"https:\/\/carebearbg.com\/wp-content\/uploads\/2023\/07\/\u043a\u0430\u0439\u0441\u0438\u044f-removebg-preview.png\" class=\"attachment- size-\" alt=\"\" srcset=\"https:\/\/carebearbg.com\/wp-content\/uploads\/2023\/07\/\u043a\u0430\u0439\u0441\u0438\u044f-removebg-preview.png 500w, https:\/\/carebearbg.com\/wp-content\/uploads\/2023\/07\/\u043a\u0430\u0439\u0441\u0438\u044f-removebg-preview-300x211.png 300w, https:\/\/carebearbg.com\/wp-content\/uploads\/2023\/07\/\u043a\u0430\u0439\u0441\u0438\u044f-removebg-preview-150x105.png 150w\" sizes=\"auto, (max-width: 500px) 100vw, 500px\" \/>\t\t\t\t\t\t\t\t\t\t\t<\/div>\n\t\t\t\t\t<\/div>\n\n\t\t<div class=\"box-text text-center\" >\n\t\t\t<div class=\"box-text-inner\">\n\t\t\t\t\n<h4>CAIS\u0102<\/h4>\n<h4>Un ulei extrem de delicat pentru piele, apreciat pentru propriet\u0103\u021bile sale hidratante, hr\u0103nitoare \u0219i regenerative. Ajut\u0103 la regenerarea celular\u0103, oferind tenului un luciu s\u0103n\u0103tos. Face pielea moale, elastic\u0103 \u0219i mai str\u0103lucitoare.<\/h4>\n\t\t\t<\/div>\n\t\t<\/div>\n\t<\/div>\n\t\n\t\t<\/div>\n\t\t\t\t\t<\/div>\n\n\t\n\n\t<div id=\"col-1529731703\" class=\"col medium-6 small-12 large-6\"  >\n\t\t\t\t<div class=\"col-inner\"  >\n\t\t\t\n\t\t\t\n\t<div class=\"box has-hover   has-hover box-text-bottom\" >\n\n\t\t<div class=\"box-image\" >\n\t\t\t\t\t\t<div class=\"\" >\n\t\t\t\t<img loading=\"lazy\" decoding=\"async\" width=\"497\" height=\"497\" src=\"https:\/\/carebearbg.com\/wp-content\/uploads\/2023\/07\/\u0432\u0438\u0442\u0430\u043c\u0438\u043d_\u0435-removebg-preview.png\" class=\"attachment- size-\" alt=\"\" srcset=\"https:\/\/carebearbg.com\/wp-content\/uploads\/2023\/07\/\u0432\u0438\u0442\u0430\u043c\u0438\u043d_\u0435-removebg-preview.png 497w, https:\/\/carebearbg.com\/wp-content\/uploads\/2023\/07\/\u0432\u0438\u0442\u0430\u043c\u0438\u043d_\u0435-removebg-preview-300x300.png 300w, https:\/\/carebearbg.com\/wp-content\/uploads\/2023\/07\/\u0432\u0438\u0442\u0430\u043c\u0438\u043d_\u0435-removebg-preview-150x150.png 150w, https:\/\/carebearbg.com\/wp-content\/uploads\/2023\/07\/\u0432\u0438\u0442\u0430\u043c\u0438\u043d_\u0435-removebg-preview-100x100.png 100w\" sizes=\"auto, (max-width: 497px) 100vw, 497px\" \/>\t\t\t\t\t\t\t\t\t\t\t<\/div>\n\t\t\t\t\t<\/div>\n\n\t\t<div class=\"box-text text-center\" >\n\t\t\t<div class=\"box-text-inner\">\n\t\t\t\t\n<h4>VITAMINA E<\/h4>\n<h4>Uleiul de Vitamina E este derivat natural din surse vegetale non-OMG: uleiul nostru de Vitamina E este bogat \u00een d-alpha-tocoferol, un antioxidant puternic care ajut\u0103 la neutralizarea radicalilor liberi, hidrateaz\u0103 pielea \u0219i \u00eembun\u0103t\u0103\u021be\u0219te aspectul acesteia.<\/h4>\n\t\t\t<\/div>\n\t\t<\/div>\n\t<\/div>\n\t\n\t\t<\/div>\n\t\t\t\t\t<\/div>\n\n\t\n<\/div>\n\t\t<\/div>\n\n\t\t\n<style>\n#section_8425953 {\n  padding-top: 30px;\n  padding-bottom: 30px;\n}\n<\/style>\n\t<\/section>\n\t\n<p>&nbsp;<\/p>\n<h4>INCI \/ Ingrediente:<\/h4>\n<p>Unt de Butyrospermum Parkii, Ulei din semin\u021be de Citrullus Lanatus, Alcool cetilic, Unt de semin\u021be de Mangifera Indica, Parfum, Unt de semin\u021be de Astrocaryum Murumuru, Ulei din semin\u021be de Passiflora Edulis, Ulei din semin\u021be de Prunus Domestica, Pudr\u0103 din r\u0103d\u0103cina Maranta Arundinacea, Ulei din miezul de Prunus Armeniaca, Tocoferol, Ulei din semin\u021be de Helianthus Annuus, CI 16035, Cinnamal, Coumarin\u0103, Eugenol.<\/p>\n<p>&nbsp;<\/p>\n","protected":false},"excerpt":{"rendered":"<p>Uleiurile de corp combinate din SHEA, MANGO \u0219i MURUMURU sunt utilizate ca hidratant zilnic pentru o piele s\u0103n\u0103toas\u0103, str\u0103lucitoare \u0219i radiant\u0103. \u00cembog\u0103\u021bite cu Vitamina E \u0219i uleiuri atent combinate din L\u0102M\u00c2IE VERDE, FRUCTUL PASIUNII, CAIS\u0102 \u0219i PRUN\u0102 ALBASTR\u0102, bogate \u00een vitamine \u0219i minerale, hidrateaz\u0103 instantaneu \u0219i readuc str\u0103lucirea \u0219i elasticitatea pielii. Textura moale \u0219i parfumat\u0103 se aplic\u0103 u\u0219or, se absoarbe rapid \u0219i calmeaz\u0103, asigur\u00e2nd hidratare de lung\u0103 durat\u0103. Cre\u0219te produc\u021bia de colagen \u0219i elastin\u0103.<\/p>\n<p>Cu un miros seduc\u0103tor \u0219i proasp\u0103t de C\u0102P\u0218UNI DE P\u0102DURE \u0219i CHEESECAKE.<\/p>\n<p>POTRIVIT PENTRU TOATE TIPURILE DE PIELE.<\/p>\n<p>POTRIVIT \u0218I PENTRU VERGETURI, \u00ceN TIMPUL SARCINII \u0218I DUP\u0102 NA\u0218TERE.<\/p>\n<p>**Cantitate:** 100g<\/p>\n<p>**ATEN\u021aIE!** PESTE 27\u00b0C, PRODUSUL \u00ce\u0218I MODIFIC\u0102 CONSISTEN\u021aA, DAR \u00ce\u0218I P\u0102STREAZ\u0102 PROPRIET\u0102\u021aILE \u0218I CALIT\u0102\u021aILE!<\/p>\n<p>**Mod de utilizare:** Aplica\u021bi zilnic pentru rezultate optime pe pielea uscat\u0103 sau umed\u0103.<\/p>\n","protected":false},"featured_media":7731,"comment_status":"open","ping_status":"closed","template":"","meta":[],"product_brand":[],"product_cat":[39],"product_tag":[],"class_list":{"0":"post-4499","1":"product","2":"type-product","3":"status-publish","4":"has-post-thumbnail","6":"product_cat-unt-pentru-corp","8":"first","9":"instock","10":"shipping-taxable","11":"purchasable","12":"product-type-simple"},"_links":{"self":[{"href":"https:\/\/carebearbg.com\/ro\/wp-json\/wp\/v2\/product\/4499","targetHints":{"allow":["GET"]}}],"collection":[{"href":"https:\/\/carebearbg.com\/ro\/wp-json\/wp\/v2\/product"}],"about":[{"href":"https:\/\/carebearbg.com\/ro\/wp-json\/wp\/v2\/types\/product"}],"replies":[{"embeddable":true,"href":"https:\/\/carebearbg.com\/ro\/wp-json\/wp\/v2\/comments?post=4499"}],"wp:featuredmedia":[{"embeddable":true,"href":"https:\/\/carebearbg.com\/ro\/wp-json\/wp\/v2\/media\/7731"}],"wp:attachment":[{"href":"https:\/\/carebearbg.com\/ro\/wp-json\/wp\/v2\/media?parent=4499"}],"wp:term":[{"taxonomy":"product_brand","embeddable":true,"href":"https:\/\/carebearbg.com\/ro\/wp-json\/wp\/v2\/product_brand?post=4499"},{"taxonomy":"product_cat","embeddable":true,"href":"https:\/\/carebearbg.com\/ro\/wp-json\/wp\/v2\/product_cat?post=4499"},{"taxonomy":"product_tag","embeddable":true,"href":"https:\/\/carebearbg.com\/ro\/wp-json\/wp\/v2\/product_tag?post=4499"}],"curies":[{"name":"wp","href":"https:\/\/api.w.org\/{rel}","templated":true}]}}