{"id":4507,"date":"2023-02-23T17:04:50","date_gmt":"2023-02-23T15:04:50","guid":{"rendered":"https:\/\/carebearbg.com\/produkt\/body-butter-blue-butterfly\/"},"modified":"2026-02-15T22:00:01","modified_gmt":"2026-02-15T20:00:01","slug":"body-butter-blue-butterfly","status":"publish","type":"product","link":"https:\/\/carebearbg.com\/ro\/produkt\/body-butter-blue-butterfly\/","title":{"rendered":"BODY BUTTER BLUE BUTTERFLY"},"content":{"rendered":"\n\t<section class=\"section\" id=\"section_1652444518\">\n\t\t<div class=\"section-bg fill\" >\n\t\t\t\t\t\t\t\t\t\n\t\t\t\n\n\t\t<\/div>\n\n\t\t\n\n\t\t<div class=\"section-content relative\">\n\t\t\t\n<div class=\"row\"  id=\"row-848065214\">\n\n\t<div id=\"col-1524204588\" class=\"col medium-6 small-12 large-6\"  >\n\t\t\t\t<div class=\"col-inner\"  >\n\t\t\t\n\t\t\t\n\t<div class=\"box has-hover   has-hover box-text-bottom\" >\n\n\t\t<div class=\"box-image\" >\n\t\t\t\t\t\t<div class=\"\" >\n\t\t\t\t<img loading=\"lazy\" decoding=\"async\" width=\"612\" height=\"408\" src=\"https:\/\/carebearbg.com\/wp-content\/uploads\/2023\/07\/\u0448\u0435\u0430-removebg-preview.png\" class=\"attachment- size-\" alt=\"\" srcset=\"https:\/\/carebearbg.com\/wp-content\/uploads\/2023\/07\/\u0448\u0435\u0430-removebg-preview.png 612w, https:\/\/carebearbg.com\/wp-content\/uploads\/2023\/07\/\u0448\u0435\u0430-removebg-preview-300x200.png 300w, https:\/\/carebearbg.com\/wp-content\/uploads\/2023\/07\/\u0448\u0435\u0430-removebg-preview-150x100.png 150w\" sizes=\"auto, (max-width: 612px) 100vw, 612px\" \/>\t\t\t\t\t\t\t\t\t\t\t<\/div>\n\t\t\t\t\t<\/div>\n\n\t\t<div class=\"box-text text-center\" >\n\t\t\t<div class=\"box-text-inner\">\n\t\t\t\t\n<h4>SHEA<\/h4>\n<h4>Extras din nucile *Vitellaria paradoxa*, cunoscut sub numele de arbore de shea (karite), originar din Africa. Untul de Shea se absoarbe u\u0219or \u00een piele pentru a oferi o hidratare intens\u0103, f\u0103r\u0103 a irita \u0219i a las\u0103 reziduuri grase. Nu \u00eenfunda porii. Acest lucru \u00eel face ideal pentru pielea gras\u0103, sensibil\u0103 \u0219i matur\u0103.<\/h4>\n\t\t\t<\/div>\n\t\t<\/div>\n\t<\/div>\n\t\n\t\t<\/div>\n\t\t\t\t\t<\/div>\n\n\t\n\n\t<div id=\"col-1249296677\" class=\"col medium-6 small-12 large-6\"  >\n\t\t\t\t<div class=\"col-inner\"  >\n\t\t\t\n\t\t\t\n\t<div class=\"box has-hover   has-hover box-text-bottom\" >\n\n\t\t<div class=\"box-image\" >\n\t\t\t\t\t\t<div class=\"\" >\n\t\t\t\t<img loading=\"lazy\" decoding=\"async\" width=\"450\" height=\"450\" src=\"https:\/\/carebearbg.com\/wp-content\/uploads\/2023\/07\/\u043c\u0443\u0440\u0443\u043c\u0443\u0440\u0443-removebg-preview.png\" class=\"attachment- size-\" alt=\"\" srcset=\"https:\/\/carebearbg.com\/wp-content\/uploads\/2023\/07\/\u043c\u0443\u0440\u0443\u043c\u0443\u0440\u0443-removebg-preview.png 450w, https:\/\/carebearbg.com\/wp-content\/uploads\/2023\/07\/\u043c\u0443\u0440\u0443\u043c\u0443\u0440\u0443-removebg-preview-300x300.png 300w, https:\/\/carebearbg.com\/wp-content\/uploads\/2023\/07\/\u043c\u0443\u0440\u0443\u043c\u0443\u0440\u0443-removebg-preview-150x150.png 150w, https:\/\/carebearbg.com\/wp-content\/uploads\/2023\/07\/\u043c\u0443\u0440\u0443\u043c\u0443\u0440\u0443-removebg-preview-100x100.png 100w\" sizes=\"auto, (max-width: 450px) 100vw, 450px\" \/>\t\t\t\t\t\t\t\t\t\t\t<\/div>\n\t\t\t\t\t<\/div>\n\n\t\t<div class=\"box-text text-center\" >\n\t\t\t<div class=\"box-text-inner\">\n\t\t\t\t\n<h4>MURU MURU<\/h4>\n<h4>Se extrage din semin\u021bele fructelor ro\u0219ii-portocalii ale palmierului Astrocaryum murumuru, originar din Brazilia \u0219i alte regiuni ale Amazonului. Uleiul de Murumuru este un aditiv calmant, protector \u0219i hr\u0103nitor pentru produsele de \u00eengrijire a pielii, destinat s\u0103 hidrateze \u0219i s\u0103 protejeze toate tipurile de piele, \u00een special pielea uscat\u0103, cr\u0103pat\u0103 \u0219i problematic\u0103. Este \u00eenc\u0103rcat cu vitamine \u0219i are un con\u021binut ridicat de acizi gra\u0219i esen\u021biali pentru o hidratare profund\u0103.<\/h4>\n\t\t\t<\/div>\n\t\t<\/div>\n\t<\/div>\n\t\n\t\t<\/div>\n\t\t\t\t\t<\/div>\n\n\t\n<\/div>\n<div class=\"row\"  id=\"row-236033364\">\n\n\t<div id=\"col-286151792\" class=\"col medium-6 small-12 large-6\"  >\n\t\t\t\t<div class=\"col-inner\"  >\n\t\t\t\n\t\t\t\n\t<div class=\"box has-hover   has-hover box-text-bottom\" >\n\n\t\t<div class=\"box-image\" >\n\t\t\t\t\t\t<div class=\"\" >\n\t\t\t\t<img loading=\"lazy\" decoding=\"async\" width=\"500\" height=\"500\" src=\"https:\/\/carebearbg.com\/wp-content\/uploads\/2023\/07\/\u043c\u0430\u043d\u0433\u043f-removebg-preview.png\" class=\"attachment- size-\" alt=\"\" srcset=\"https:\/\/carebearbg.com\/wp-content\/uploads\/2023\/07\/\u043c\u0430\u043d\u0433\u043f-removebg-preview.png 500w, https:\/\/carebearbg.com\/wp-content\/uploads\/2023\/07\/\u043c\u0430\u043d\u0433\u043f-removebg-preview-300x300.png 300w, https:\/\/carebearbg.com\/wp-content\/uploads\/2023\/07\/\u043c\u0430\u043d\u0433\u043f-removebg-preview-150x150.png 150w, https:\/\/carebearbg.com\/wp-content\/uploads\/2023\/07\/\u043c\u0430\u043d\u0433\u043f-removebg-preview-100x100.png 100w\" sizes=\"auto, (max-width: 500px) 100vw, 500px\" \/>\t\t\t\t\t\t\t\t\t\t\t<\/div>\n\t\t\t\t\t<\/div>\n\n\t\t<div class=\"box-text text-center\" >\n\t\t\t<div class=\"box-text-inner\">\n\t\t\t\t\n<h4>MANGO<\/h4>\n<h4>Extras din semin\u021bele fructului de mango. Fructul arborelui Mangifera indica provine din Asia de Sud. Uleiul din semin\u021be de mango este bogat \u00een compus polifenolic numit mangiferin\u0103, cunoscut pentru propriet\u0103\u021bile sale emoliente \u0219i antioxidante. Acest ulei rafinat prezint\u0103 calit\u0103\u021bi excelente de penetrarea a pielii. Este un ulei hr\u0103nitor, restabile\u0219te nivelurile de lipide, \u00eembun\u0103t\u0103\u021be\u0219te elasticitatea, re\u021bine umiditatea \u0219i protejeaz\u0103 pielea de factorii de mediu.<\/h4>\n\t\t\t<\/div>\n\t\t<\/div>\n\t<\/div>\n\t\n\t\t<\/div>\n\t\t\t\t\t<\/div>\n\n\t\n\n\t<div id=\"col-953688366\" class=\"col medium-6 small-12 large-6\"  >\n\t\t\t\t<div class=\"col-inner\"  >\n\t\t\t\n\t\t\t\n\t<div class=\"box has-hover   has-hover box-text-bottom\" >\n\n\t\t<div class=\"box-image\" >\n\t\t\t\t\t\t<div class=\"\" >\n\t\t\t\t<img loading=\"lazy\" decoding=\"async\" width=\"497\" height=\"497\" src=\"https:\/\/carebearbg.com\/wp-content\/uploads\/2023\/07\/\u0432\u0438\u0442\u0430\u043c\u0438\u043d_\u0435-removebg-preview.png\" class=\"attachment- size-\" alt=\"\" srcset=\"https:\/\/carebearbg.com\/wp-content\/uploads\/2023\/07\/\u0432\u0438\u0442\u0430\u043c\u0438\u043d_\u0435-removebg-preview.png 497w, https:\/\/carebearbg.com\/wp-content\/uploads\/2023\/07\/\u0432\u0438\u0442\u0430\u043c\u0438\u043d_\u0435-removebg-preview-300x300.png 300w, https:\/\/carebearbg.com\/wp-content\/uploads\/2023\/07\/\u0432\u0438\u0442\u0430\u043c\u0438\u043d_\u0435-removebg-preview-150x150.png 150w, https:\/\/carebearbg.com\/wp-content\/uploads\/2023\/07\/\u0432\u0438\u0442\u0430\u043c\u0438\u043d_\u0435-removebg-preview-100x100.png 100w\" sizes=\"auto, (max-width: 497px) 100vw, 497px\" \/>\t\t\t\t\t\t\t\t\t\t\t<\/div>\n\t\t\t\t\t<\/div>\n\n\t\t<div class=\"box-text text-center\" >\n\t\t\t<div class=\"box-text-inner\">\n\t\t\t\t\n<h4>VITAMIN E<\/h4>\n<h4>Uleiul de Vitamina E este derivat natural din surse vegetale non-OMG: uleiul nostru de Vitamina E este bogat \u00een d-alpha-tocoferol, un antioxidant puternic care ajut\u0103 la neutralizarea radicalilor liberi, hidrateaz\u0103 pielea \u0219i \u00eembun\u0103t\u0103\u021be\u0219te aspectul acesteia.<\/h4>\n\t\t\t<\/div>\n\t\t<\/div>\n\t<\/div>\n\t\n\t\t<\/div>\n\t\t\t\t\t<\/div>\n\n\t\n<\/div>\n<div class=\"row\"  id=\"row-352241338\">\n\n\t<div id=\"col-755179125\" class=\"col medium-6 small-12 large-6\"  >\n\t\t\t\t<div class=\"col-inner\"  >\n\t\t\t\n\t\t\t\n\t<div class=\"box has-hover   has-hover box-text-bottom\" >\n\n\t\t<div class=\"box-image\" >\n\t\t\t\t\t\t<div class=\"\" >\n\t\t\t\t<img loading=\"lazy\" decoding=\"async\" width=\"624\" height=\"400\" src=\"https:\/\/carebearbg.com\/wp-content\/uploads\/2023\/07\/\u043a\u043e\u043a\u043e\u0441-removebg-preview-1.png\" class=\"attachment- size-\" alt=\"\" srcset=\"https:\/\/carebearbg.com\/wp-content\/uploads\/2023\/07\/\u043a\u043e\u043a\u043e\u0441-removebg-preview-1.png 624w, https:\/\/carebearbg.com\/wp-content\/uploads\/2023\/07\/\u043a\u043e\u043a\u043e\u0441-removebg-preview-1-300x192.png 300w, https:\/\/carebearbg.com\/wp-content\/uploads\/2023\/07\/\u043a\u043e\u043a\u043e\u0441-removebg-preview-1-150x96.png 150w\" sizes=\"auto, (max-width: 624px) 100vw, 624px\" \/>\t\t\t\t\t\t\t\t\t\t\t<\/div>\n\t\t\t\t\t<\/div>\n\n\t\t<div class=\"box-text text-center\" >\n\t\t\t<div class=\"box-text-inner\">\n\t\t\t\t\n<h4>NUC\u0102 DE COCOS<\/h4>\n<h4>Uleiul de coac\u0103ze negre aduce umiditate \u00een piele, protej\u00e2nd-o de efectele d\u0103un\u0103toare ale expunerii la soare. Regleaz\u0103 produc\u021bia de sebum \u0219i men\u021bine elasticitatea. Poate fi utilizat \u0219i pe pielea predispus\u0103 la acnee sau sensibil\u0103 la usc\u0103ciune.<\/h4>\n\t\t\t<\/div>\n\t\t<\/div>\n\t<\/div>\n\t\n\t\t<\/div>\n\t\t\t\t\t<\/div>\n\n\t\n\n\t<div id=\"col-311170128\" class=\"col medium-6 small-12 large-6\"  >\n\t\t\t\t<div class=\"col-inner\"  >\n\t\t\t\n\t\t\t\n\t<div class=\"box has-hover   has-hover box-text-bottom\" >\n\n\t\t<div class=\"box-image\" >\n\t\t\t\t\t\t<div class=\"\" >\n\t\t\t\t<img loading=\"lazy\" decoding=\"async\" width=\"420\" height=\"320\" src=\"https:\/\/carebearbg.com\/wp-content\/uploads\/2023\/06\/\u043a\u0440\u0430\u0441\u0442\u0430\u0432\u0438\u0446\u0430-removebg-preview.png\" class=\"attachment- size-\" alt=\"\" srcset=\"https:\/\/carebearbg.com\/wp-content\/uploads\/2023\/06\/\u043a\u0440\u0430\u0441\u0442\u0430\u0432\u0438\u0446\u0430-removebg-preview.png 420w, https:\/\/carebearbg.com\/wp-content\/uploads\/2023\/06\/\u043a\u0440\u0430\u0441\u0442\u0430\u0432\u0438\u0446\u0430-removebg-preview-300x229.png 300w, https:\/\/carebearbg.com\/wp-content\/uploads\/2023\/06\/\u043a\u0440\u0430\u0441\u0442\u0430\u0432\u0438\u0446\u0430-removebg-preview-150x114.png 150w\" sizes=\"auto, (max-width: 420px) 100vw, 420px\" \/>\t\t\t\t\t\t\t\t\t\t\t<\/div>\n\t\t\t\t\t<\/div>\n\n\t\t<div class=\"box-text text-center\" >\n\t\t\t<div class=\"box-text-inner\">\n\t\t\t\t\n<h4>CASTRAVETE<\/h4>\n<h4>Uleiul de castravete are propriet\u0103\u021bi puternice de vindecare. Con\u021bine un procent semnificativ de acid oleic Omega-9 \u0219i acid linoleic Omega-6. Favorizeaz\u0103 regenerarea celular\u0103, f\u0103c\u00e2ndu-l o alegere excelent\u0103 pentru toate tipurile de piele.<\/h4>\n\t\t\t<\/div>\n\t\t<\/div>\n\t<\/div>\n\t\n\t\t<\/div>\n\t\t\t\t\t<\/div>\n\n\t\n<\/div>\n<div class=\"row\"  id=\"row-837268656\">\n\n\t<div id=\"col-1285631415\" class=\"col medium-6 small-12 large-6\"  >\n\t\t\t\t<div class=\"col-inner\"  >\n\t\t\t\n\t\t\t\n\t<div class=\"box has-hover   has-hover box-text-bottom\" >\n\n\t\t<div class=\"box-image\" >\n\t\t\t\t\t\t<div class=\"\" >\n\t\t\t\t<img loading=\"lazy\" decoding=\"async\" width=\"577\" height=\"433\" src=\"https:\/\/carebearbg.com\/wp-content\/uploads\/2023\/06\/\u043a\u0430\u0441\u0438\u0441-removebg-preview.png\" class=\"attachment- size-\" alt=\"\" srcset=\"https:\/\/carebearbg.com\/wp-content\/uploads\/2023\/06\/\u043a\u0430\u0441\u0438\u0441-removebg-preview.png 577w, https:\/\/carebearbg.com\/wp-content\/uploads\/2023\/06\/\u043a\u0430\u0441\u0438\u0441-removebg-preview-300x225.png 300w, https:\/\/carebearbg.com\/wp-content\/uploads\/2023\/06\/\u043a\u0430\u0441\u0438\u0441-removebg-preview-150x113.png 150w\" sizes=\"auto, (max-width: 577px) 100vw, 577px\" \/>\t\t\t\t\t\t\t\t\t\t\t<\/div>\n\t\t\t\t\t<\/div>\n\n\t\t<div class=\"box-text text-center\" >\n\t\t\t<div class=\"box-text-inner\">\n\t\t\t\t\n<h4>COACAZE NEGRE<\/h4>\n<h4>Uleiul de coac\u0103ze negre aduce umiditate \u00een piele \u0219i o \u00eenchide, protej\u00e2nd-o de efectele d\u0103un\u0103toare ale expunerii la soare. Regleaz\u0103 produc\u021bia de sebum \u0219i men\u021bine elasticitatea pielii. Poate fi utilizat \u0219i pe pielea predispus\u0103 la acnee sau sensibil\u0103 la usc\u0103ciune.<\/h4>\n\t\t\t<\/div>\n\t\t<\/div>\n\t<\/div>\n\t\n\t\t<\/div>\n\t\t\t\t\t<\/div>\n\n\t\n\n\t<div id=\"col-1735173400\" class=\"col medium-6 small-12 large-6\"  >\n\t\t\t\t<div class=\"col-inner\"  >\n\t\t\t\n\t\t\t\n\t<div class=\"box has-hover   has-hover box-text-bottom\" >\n\n\t\t<div class=\"box-image\" >\n\t\t\t\t\t\t<div class=\"\" >\n\t\t\t\t<img loading=\"lazy\" decoding=\"async\" width=\"867\" height=\"288\" src=\"https:\/\/carebearbg.com\/wp-content\/uploads\/2023\/06\/\u0436\u043e\u0436\u043e\u0431\u0430-removebg-preview.png\" class=\"attachment- size-\" alt=\"\" srcset=\"https:\/\/carebearbg.com\/wp-content\/uploads\/2023\/06\/\u0436\u043e\u0436\u043e\u0431\u0430-removebg-preview.png 867w, https:\/\/carebearbg.com\/wp-content\/uploads\/2023\/06\/\u0436\u043e\u0436\u043e\u0431\u0430-removebg-preview-300x100.png 300w, https:\/\/carebearbg.com\/wp-content\/uploads\/2023\/06\/\u0436\u043e\u0436\u043e\u0431\u0430-removebg-preview-150x50.png 150w, https:\/\/carebearbg.com\/wp-content\/uploads\/2023\/06\/\u0436\u043e\u0436\u043e\u0431\u0430-removebg-preview-768x255.png 768w\" sizes=\"auto, (max-width: 867px) 100vw, 867px\" \/>\t\t\t\t\t\t\t\t\t\t\t<\/div>\n\t\t\t\t\t<\/div>\n\n\t\t<div class=\"box-text text-center\" >\n\t\t\t<div class=\"box-text-inner\">\n\t\t\t\t\n<h4>JOJOBA<\/h4>\n<h4>Uleiul de jojoba, provenind din de\u0219ertul Sonora din Arizona, nordul Mexicului \u0219i California, este bogat \u00een vitamine A, E \u0219i D, care \u00eembun\u0103t\u0103\u021besc frumuse\u021bea, precum \u0219i \u00een antioxidan\u021bi \u0219i acizi gra\u0219i. Uleiul de jojoba p\u0103trunde ad\u00e2nc, ajung\u00e2nd sub stratul superior al pielii pentru o hr\u0103nire maxim\u0103.<\/h4>\n\t\t\t<\/div>\n\t\t<\/div>\n\t<\/div>\n\t\n\t\t<\/div>\n\t\t\t\t\t<\/div>\n\n\t\n<\/div>\n\t\t<\/div>\n\n\t\t\n<style>\n#section_1652444518 {\n  padding-top: 30px;\n  padding-bottom: 30px;\n}\n<\/style>\n\t<\/section>\n\t\n<h4>INCI \/ Ingrediente:<\/h4>\n<p>Unt de Butyrospermum Parkii, Ulei de Cocos Nucifera, Alcool cetilic, Ulei din semin\u021be de Simmondsia Chinensis, Unt de semin\u021be de Mangifera Indica, Ulei din semin\u021be de Ribes Nigrum, Unt de semin\u021be de Astrocaryum Murumuru, Parfum, Ulei de Cucumis Sativus, Pudr\u0103 din r\u0103d\u0103cina Maranta Arundinacea, Tocoferol, Ulei din semin\u021be de Helianthus Annuus, CI 42090, Cinnamal, Citronellol, Geraniol, D-Limonene, Linalool.&#8221;<\/p>\n","protected":false},"excerpt":{"rendered":"<p>Uleiurile de corp combinate din SHEA, MANGO \u0219i MURUMURU sunt utilizate ca hidratant zilnic pentru o piele s\u0103n\u0103toas\u0103, str\u0103lucitoare \u0219i radiant\u0103. \u00cembog\u0103\u021bite cu Vitamina E \u0219i uleiuri atent combinate din COAC\u0102ZE NEGRE, CASTRAVETE, COCOS \u0219i JOJOBA, bogate \u00een vitamine \u0219i minerale, hidrateaz\u0103 instantaneu \u0219i readuc str\u0103lucirea \u0219i elasticitatea pielii. Textura moale \u0219i parfumat\u0103 se aplic\u0103 u\u0219or, se absoarbe rapid, asigur\u00e2nd hidratare de lung\u0103 durat\u0103. Cre\u0219te produc\u021bia de colagen \u0219i elastin\u0103.<br \/>\nCu un miros seduc\u0103tor \u0219i proasp\u0103t de \u00ceNGHE\u021aAT\u0102 DE VANILIE<\/p>\n<p>POTRIVIT PENTRU TOATE TIPURILE DE PIELE.<\/p>\n<p>POTRIVIT \u0218I PENTRU VERGETURI, \u00ceN TIMPUL SARCINII \u0218I DUP\u0102 NA\u0218TERE.<\/p>\n<p>**Cantitate:** 100g<\/p>\n<p>**ATEN\u021aIE!** PESTE 27\u00b0C, PRODUSUL \u00ce\u0218I MODIFIC\u0102 CONSISTEN\u021aA, DAR \u00ce\u0218I P\u0102STREAZ\u0102 PROPRIET\u0102\u021aILE \u0218I CALIT\u0102\u021aILE!<\/p>\n<p>**Mod de utilizare:** Aplica\u021bi zilnic pentru rezultate optime pe pielea uscat\u0103 sau umed\u0103.<\/p>\n","protected":false},"featured_media":7749,"comment_status":"open","ping_status":"closed","template":"","meta":[],"product_brand":[],"product_cat":[39],"product_tag":[],"class_list":{"0":"post-4507","1":"product","2":"type-product","3":"status-publish","4":"has-post-thumbnail","6":"product_cat-unt-pentru-corp","8":"first","9":"instock","10":"shipping-taxable","11":"purchasable","12":"product-type-simple"},"_links":{"self":[{"href":"https:\/\/carebearbg.com\/ro\/wp-json\/wp\/v2\/product\/4507","targetHints":{"allow":["GET"]}}],"collection":[{"href":"https:\/\/carebearbg.com\/ro\/wp-json\/wp\/v2\/product"}],"about":[{"href":"https:\/\/carebearbg.com\/ro\/wp-json\/wp\/v2\/types\/product"}],"replies":[{"embeddable":true,"href":"https:\/\/carebearbg.com\/ro\/wp-json\/wp\/v2\/comments?post=4507"}],"wp:featuredmedia":[{"embeddable":true,"href":"https:\/\/carebearbg.com\/ro\/wp-json\/wp\/v2\/media\/7749"}],"wp:attachment":[{"href":"https:\/\/carebearbg.com\/ro\/wp-json\/wp\/v2\/media?parent=4507"}],"wp:term":[{"taxonomy":"product_brand","embeddable":true,"href":"https:\/\/carebearbg.com\/ro\/wp-json\/wp\/v2\/product_brand?post=4507"},{"taxonomy":"product_cat","embeddable":true,"href":"https:\/\/carebearbg.com\/ro\/wp-json\/wp\/v2\/product_cat?post=4507"},{"taxonomy":"product_tag","embeddable":true,"href":"https:\/\/carebearbg.com\/ro\/wp-json\/wp\/v2\/product_tag?post=4507"}],"curies":[{"name":"wp","href":"https:\/\/api.w.org\/{rel}","templated":true}]}}