{"id":5662,"date":"2025-06-24T11:10:18","date_gmt":"2025-06-24T08:10:18","guid":{"rendered":"https:\/\/carebearbg.com\/produkt\/ulei-pentru-bronzare-rapida-si-intensa-pentru-soare-si-solariu-brownie-kiss-oil\/"},"modified":"2025-06-30T11:26:14","modified_gmt":"2025-06-30T08:26:14","slug":"ulei-pentru-bronzare-rapida-si-intensa-pentru-soare-si-solariu-brownie-kiss-oil","status":"publish","type":"product","link":"https:\/\/carebearbg.com\/ro\/produkt\/ulei-pentru-bronzare-rapida-si-intensa-pentru-soare-si-solariu-brownie-kiss-oil\/","title":{"rendered":"Ulei bronzare rapida si intensa pentru plaja si solar"},"content":{"rendered":"\n\t<section class=\"section\" id=\"section_1022229726\">\n\t\t<div class=\"section-bg fill\" >\n\t\t\t\t\t\t\t\t\t\n\t\t\t\n\n\t\t<\/div>\n\n\t\t\n\n\t\t<div class=\"section-content relative\">\n\t\t\t\n<div class=\"row\"  id=\"row-1414481638\">\n\n\t<div id=\"col-42435035\" class=\"col medium-6 small-12 large-6\"  >\n\t\t\t\t<div class=\"col-inner\"  >\n\t\t\t\n\t\t\t\n\t<div class=\"box has-hover   has-hover box-text-bottom\" >\n\n\t\t<div class=\"box-image\" >\n\t\t\t\t\t\t<div class=\"image-cover\" style=\"padding-top:400px;\">\n\t\t\t\t<img loading=\"lazy\" decoding=\"async\" width=\"512\" height=\"512\" src=\"https:\/\/carebearbg.com\/wp-content\/uploads\/2025\/06\/nurserylive-seeds-pongamia-pinnata-karanj-seeds-1_512x512.webp\" class=\"attachment- size-\" alt=\"\" srcset=\"https:\/\/carebearbg.com\/wp-content\/uploads\/2025\/06\/nurserylive-seeds-pongamia-pinnata-karanj-seeds-1_512x512.webp 512w, https:\/\/carebearbg.com\/wp-content\/uploads\/2025\/06\/nurserylive-seeds-pongamia-pinnata-karanj-seeds-1_512x512-300x300.webp 300w, https:\/\/carebearbg.com\/wp-content\/uploads\/2025\/06\/nurserylive-seeds-pongamia-pinnata-karanj-seeds-1_512x512-150x150.webp 150w, https:\/\/carebearbg.com\/wp-content\/uploads\/2025\/06\/nurserylive-seeds-pongamia-pinnata-karanj-seeds-1_512x512-100x100.webp 100w\" sizes=\"auto, (max-width: 512px) 100vw, 512px\" \/>\t\t\t\t\t\t\t\t\t\t\t<\/div>\n\t\t\t\t\t<\/div>\n\n\t\t<div class=\"box-text text-center\" >\n\t\t\t<div class=\"box-text-inner\">\n\t\t\t\t\n<h4>KARANJA<\/h4>\n<h4>Uleiul de karanja \u2013 Bogat \u00een flavonoide. Ofer\u0103 protec\u021bie natural\u0103 UV \u0219i este cunoscut pentru capacitatea sa de a absorbi o parte din razele UV \u0219i de a preveni \u00eemb\u0103tr\u00e2nirea pielii cauzat\u0103 de lumin\u0103.<br \/>\nUlei extrem de activ, utilizat \u0219i \u00een caz de eczeme, psoriazis, ulcera\u021bii cutanate \u0219i pentru accelerarea vindec\u0103rii r\u0103nilor.<br \/>\n\u2022 absoarbe o parte din razele UV<br \/>\n\u2022 fotoprotector, anti-radicali liberi<br \/>\n\u2022 antioxidant<br \/>\n\u2022 regenerator al pielii<br \/>\n\u2022 antimicrobian<br \/>\n\u2022 u\u0219or astringent<br \/>\n\u2022 emolient<br \/>\n\u2022 anti-\u00eemb\u0103tr\u00e2nire<\/h4>\n\t\t\t<\/div>\n\t\t<\/div>\n\t<\/div>\n\t\n\t\t<\/div>\n\t\t\t\t\t<\/div>\n\n\t\n\n\t<div id=\"col-277953293\" class=\"col medium-6 small-12 large-6\"  >\n\t\t\t\t<div class=\"col-inner\"  >\n\t\t\t\n\t\t\t\n\t<div class=\"box has-hover   has-hover box-text-bottom\" >\n\n\t\t<div class=\"box-image\" >\n\t\t\t\t\t\t<div class=\"image-cover\" style=\"padding-top:400px;\">\n\t\t\t\t<img loading=\"lazy\" decoding=\"async\" width=\"920\" height=\"708\" src=\"https:\/\/carebearbg.com\/wp-content\/uploads\/2025\/06\/viber_\u0438\u0437\u043e\u0431\u0440\u0430\u0436\u0435\u043d\u0438\u0435_2025-06-24_11-54-37-537.webp\" class=\"attachment- size-\" alt=\"\" srcset=\"https:\/\/carebearbg.com\/wp-content\/uploads\/2025\/06\/viber_\u0438\u0437\u043e\u0431\u0440\u0430\u0436\u0435\u043d\u0438\u0435_2025-06-24_11-54-37-537.webp 920w, https:\/\/carebearbg.com\/wp-content\/uploads\/2025\/06\/viber_\u0438\u0437\u043e\u0431\u0440\u0430\u0436\u0435\u043d\u0438\u0435_2025-06-24_11-54-37-537-300x231.webp 300w, https:\/\/carebearbg.com\/wp-content\/uploads\/2025\/06\/viber_\u0438\u0437\u043e\u0431\u0440\u0430\u0436\u0435\u043d\u0438\u0435_2025-06-24_11-54-37-537-150x115.webp 150w, https:\/\/carebearbg.com\/wp-content\/uploads\/2025\/06\/viber_\u0438\u0437\u043e\u0431\u0440\u0430\u0436\u0435\u043d\u0438\u0435_2025-06-24_11-54-37-537-768x591.webp 768w\" sizes=\"auto, (max-width: 920px) 100vw, 920px\" \/>\t\t\t\t\t\t\t\t\t\t\t<\/div>\n\t\t\t\t\t<\/div>\n\n\t\t<div class=\"box-text text-center\" >\n\t\t\t<div class=\"box-text-inner\">\n\t\t\t\t\n<h4>MORCOV<\/h4>\n<h4>Acizi gra\u0219i Omega-3 \u2013 acid alfa-linolenic (ALA)<br \/>\nAcizi gra\u0219i Omega-6 \u2013 acid linoleic<br \/>\nAcid oleic (Omega-9)<br \/>\nVitamine \u2013 \u00een special vitamina E (tocoferoli)<br \/>\nHr\u0103ne\u0219te \u0219i catifeleaz\u0103 pielea \u2013 este u\u0219or, se absoarbe rapid, f\u0103r\u0103 s\u0103 lase senza\u021bie de gras.<br \/>\nProtec\u021bie antioxidant\u0103 \u2013 \u00eencetine\u0219te procesele de \u00eemb\u0103tr\u00e2nire.<br \/>\nEfect antiinflamator \u2013 potrivit pentru piele sensibil\u0103 sau iritat\u0103.<br \/>\nAjut\u0103 la regenerare.<\/h4>\n\t\t\t<\/div>\n\t\t<\/div>\n\t<\/div>\n\t\n\t\t<\/div>\n\t\t\t\t\t<\/div>\n\n\t\n<\/div>\n<div class=\"row\"  id=\"row-92264786\">\n\n\t<div id=\"col-2080554114\" class=\"col medium-6 small-12 large-6\"  >\n\t\t\t\t<div class=\"col-inner\"  >\n\t\t\t\n\t\t\t\n\t<div class=\"box has-hover   has-hover box-text-bottom\" >\n\n\t\t<div class=\"box-image\" >\n\t\t\t\t\t\t<div class=\"\" >\n\t\t\t\t<img loading=\"lazy\" decoding=\"async\" width=\"624\" height=\"400\" src=\"https:\/\/carebearbg.com\/wp-content\/uploads\/2024\/10\/\u043a\u043e\u043a\u043e\u0441-removebg-preview-1.png\" class=\"attachment- size-\" alt=\"\" srcset=\"https:\/\/carebearbg.com\/wp-content\/uploads\/2024\/10\/\u043a\u043e\u043a\u043e\u0441-removebg-preview-1.png 624w, https:\/\/carebearbg.com\/wp-content\/uploads\/2024\/10\/\u043a\u043e\u043a\u043e\u0441-removebg-preview-1-300x192.png 300w, https:\/\/carebearbg.com\/wp-content\/uploads\/2024\/10\/\u043a\u043e\u043a\u043e\u0441-removebg-preview-1-150x96.png 150w\" sizes=\"auto, (max-width: 624px) 100vw, 624px\" \/>\t\t\t\t\t\t\t\t\t\t\t<\/div>\n\t\t\t\t\t<\/div>\n\n\t\t<div class=\"box-text text-center\" >\n\t\t\t<div class=\"box-text-inner\">\n\t\t\t\t\n<h4>COCOS<\/h4>\n<h4>Cu aroma \u0219i parfumul s\u0103u fermec\u0103tor, acest ulei exotic este extrem de versatil. Ofer\u0103 multiple beneficii esen\u021biale pentru o piele s\u0103n\u0103toas\u0103: hidratare, protec\u021bie, hr\u0103nire, calmare \u0219i confort.<br \/>\n\u2022 delicat, calmant, relaxant<br \/>\n\u2022 asigur\u0103 hidratare intens\u0103<br \/>\n\u2022 reduce semnificativ deshidratarea pielii<br \/>\n\u2022 foarte nutritiv<br \/>\n\u2022 catifeleaz\u0103 pielea \u0219i p\u0103rul<br \/>\n\u2022 sus\u021bine hidratarea dup\u0103 expunerea la soare<br \/>\n\u2022 ofer\u0103 hidratare \u0219i str\u0103lucire p\u0103rului tern \u0219i deteriorat<br \/>\n\u2022 protejeaz\u0103 fibra capilar\u0103 de agresiunile externe<br \/>\n\u2022 ajut\u0103 la \u00eembun\u0103t\u0103\u021birea elasticit\u0103\u021bii pielii<br \/>\n\u2022 ofer\u0103 o senza\u021bie moale \u0219i m\u0103t\u0103soas\u0103<br \/>\n\u2022 asigur\u0103 un efect r\u0103coritor la aplicare<\/h4>\n\t\t\t<\/div>\n\t\t<\/div>\n\t<\/div>\n\t\n\t\t<\/div>\n\t\t\t\t\t<\/div>\n\n\t\n\n\t<div id=\"col-921860082\" class=\"col medium-6 small-12 large-6\"  >\n\t\t\t\t<div class=\"col-inner\"  >\n\t\t\t\n\t\t\t\n\t<div class=\"box has-hover   has-hover box-text-bottom\" >\n\n\t\t<div class=\"box-image\" >\n\t\t\t\t\t\t<div class=\"image-cover\" style=\"padding-top:350px;\">\n\t\t\t\t<img loading=\"lazy\" decoding=\"async\" width=\"970\" height=\"546\" src=\"https:\/\/carebearbg.com\/wp-content\/uploads\/2025\/06\/viber_\u0438\u0437\u043e\u0431\u0440\u0430\u0436\u0435\u043d\u0438\u0435_2025-06-24_11-54-37-757.jpg\" class=\"attachment- size-\" alt=\"\" srcset=\"https:\/\/carebearbg.com\/wp-content\/uploads\/2025\/06\/viber_\u0438\u0437\u043e\u0431\u0440\u0430\u0436\u0435\u043d\u0438\u0435_2025-06-24_11-54-37-757.jpg 970w, https:\/\/carebearbg.com\/wp-content\/uploads\/2025\/06\/viber_\u0438\u0437\u043e\u0431\u0440\u0430\u0436\u0435\u043d\u0438\u0435_2025-06-24_11-54-37-757-300x169.jpg 300w, https:\/\/carebearbg.com\/wp-content\/uploads\/2025\/06\/viber_\u0438\u0437\u043e\u0431\u0440\u0430\u0436\u0435\u043d\u0438\u0435_2025-06-24_11-54-37-757-150x84.jpg 150w, https:\/\/carebearbg.com\/wp-content\/uploads\/2025\/06\/viber_\u0438\u0437\u043e\u0431\u0440\u0430\u0436\u0435\u043d\u0438\u0435_2025-06-24_11-54-37-757-768x432.jpg 768w\" sizes=\"auto, (max-width: 970px) 100vw, 970px\" \/>\t\t\t\t\t\t\t\t\t\t\t<\/div>\n\t\t\t\t\t<\/div>\n\n\t\t<div class=\"box-text text-center\" >\n\t\t\t<div class=\"box-text-inner\">\n\t\t\t\t\n<h4>M\u0102SLIN<\/h4>\n<h4>Bogat \u00een tocoferoli, polifenoli, steroli \u0219i squalen, uleiul de m\u0103sline hr\u0103ne\u0219te \u0219i regenereaz\u0103 pielea, o face moale \u0219i elastic\u0103 \u0219i o protejeaz\u0103 de influen\u021bele mediului extern.<br \/>\n\u2022 hr\u0103nitor, bogat \u00een acid oleic \u0219i vitamina E<br \/>\n\u2022 ajut\u0103 la men\u021binerea moliciunii \u0219i fine\u021bii catifelate a pielii<br \/>\n\u2022 ajut\u0103 la prevenirea usc\u0103rii pielii<br \/>\n\u2022 ajut\u0103 la men\u021binerea pielii hidratate \u0219i elastice<br \/>\n\u2022 protejeaz\u0103 pielea uscat\u0103 \u0219i cr\u0103pat\u0103<br \/>\n\u2022 sus\u021bine func\u021bia de barier\u0103 a pielii<\/h4>\n\t\t\t<\/div>\n\t\t<\/div>\n\t<\/div>\n\t\n\t\t<\/div>\n\t\t\t\t\t<\/div>\n\n\t\n<\/div>\n<div class=\"row\"  id=\"row-1549253747\">\n\n\t<div id=\"col-1807352623\" class=\"col medium-6 small-12 large-6\"  >\n\t\t\t\t<div class=\"col-inner\"  >\n\t\t\t\n\t\t\t\n\t<div class=\"box has-hover   has-hover box-text-bottom\" >\n\n\t\t<div class=\"box-image\" >\n\t\t\t\t\t\t<div class=\"\" >\n\t\t\t\t<img loading=\"lazy\" decoding=\"async\" width=\"600\" height=\"600\" src=\"https:\/\/carebearbg.com\/wp-content\/uploads\/2025\/06\/viber_\u0438\u0437\u043e\u0431\u0440\u0430\u0436\u0435\u043d\u0438\u0435_2025-06-24_11-54-38-568.jpg\" class=\"attachment- size-\" alt=\"\" srcset=\"https:\/\/carebearbg.com\/wp-content\/uploads\/2025\/06\/viber_\u0438\u0437\u043e\u0431\u0440\u0430\u0436\u0435\u043d\u0438\u0435_2025-06-24_11-54-38-568.jpg 600w, https:\/\/carebearbg.com\/wp-content\/uploads\/2025\/06\/viber_\u0438\u0437\u043e\u0431\u0440\u0430\u0436\u0435\u043d\u0438\u0435_2025-06-24_11-54-38-568-300x300.jpg 300w, https:\/\/carebearbg.com\/wp-content\/uploads\/2025\/06\/viber_\u0438\u0437\u043e\u0431\u0440\u0430\u0436\u0435\u043d\u0438\u0435_2025-06-24_11-54-38-568-150x150.jpg 150w, https:\/\/carebearbg.com\/wp-content\/uploads\/2025\/06\/viber_\u0438\u0437\u043e\u0431\u0440\u0430\u0436\u0435\u043d\u0438\u0435_2025-06-24_11-54-38-568-100x100.jpg 100w\" sizes=\"auto, (max-width: 600px) 100vw, 600px\" \/>\t\t\t\t\t\t\t\t\t\t\t<\/div>\n\t\t\t\t\t<\/div>\n\n\t\t<div class=\"box-text text-center\" >\n\t\t\t<div class=\"box-text-inner\">\n\t\t\t\t\n<h4>ZMEUR\u0102<\/h4>\n<h4>Cu un con\u021binut ridicat de antioxidan\u021bi puternici, ofer\u0103 pielii beneficii anti-\u00eemb\u0103tr\u00e2nire, protec\u021bie \u0219i regenerare. O alegere excelent\u0103 pentru sus\u021binerea func\u021biei de barier\u0103 a pielii, men\u021binerea elasticit\u0103\u021bii \u0219i oferirea unui aspect str\u0103lucitor \u0219i s\u0103n\u0103tos.<br \/>\n\u2022 propriet\u0103\u021bi antioxidante datorit\u0103 con\u021binutului bogat \u00een carotenoide<br \/>\n\u2022 hidrateaz\u0103 \u0219i hr\u0103ne\u0219te \u00een profunzime pielea<br \/>\n\u2022 poate reduce semnele stresului oxidativ<br \/>\n\u2022 calmeaz\u0103 \u0219i hr\u0103ne\u0219te pielea delicat\u0103<br \/>\n\u2022 ajut\u0103 la reducerea ro\u0219e\u021bii<br \/>\n\u2022 sus\u021bine elasticitatea pielii<br \/>\n\u2022 uniformizeaz\u0103 tenul<br \/>\n\u2022 ofer\u0103 pielii un aspect s\u0103n\u0103tos \u0219i luminos<\/h4>\n\t\t\t<\/div>\n\t\t<\/div>\n\t<\/div>\n\t\n\t\t<\/div>\n\t\t\t\t\t<\/div>\n\n\t\n\n\t<div id=\"col-968335431\" class=\"col medium-6 small-12 large-6\"  >\n\t\t\t\t<div class=\"col-inner\"  >\n\t\t\t\n\t\t\t\n\t<div class=\"box has-hover   has-hover box-text-bottom\" >\n\n\t\t<div class=\"box-image\" >\n\t\t\t\t\t\t<div class=\"image-cover\" style=\"padding-top:250px;\">\n\t\t\t\t<img loading=\"lazy\" decoding=\"async\" width=\"700\" height=\"525\" src=\"https:\/\/carebearbg.com\/wp-content\/uploads\/2025\/06\/viber_\u0438\u0437\u043e\u0431\u0440\u0430\u0436\u0435\u043d\u0438\u0435_2025-06-24_11-54-38-207.jpg\" class=\"attachment- size-\" alt=\"\" srcset=\"https:\/\/carebearbg.com\/wp-content\/uploads\/2025\/06\/viber_\u0438\u0437\u043e\u0431\u0440\u0430\u0436\u0435\u043d\u0438\u0435_2025-06-24_11-54-38-207.jpg 700w, https:\/\/carebearbg.com\/wp-content\/uploads\/2025\/06\/viber_\u0438\u0437\u043e\u0431\u0440\u0430\u0436\u0435\u043d\u0438\u0435_2025-06-24_11-54-38-207-300x225.jpg 300w, https:\/\/carebearbg.com\/wp-content\/uploads\/2025\/06\/viber_\u0438\u0437\u043e\u0431\u0440\u0430\u0436\u0435\u043d\u0438\u0435_2025-06-24_11-54-38-207-150x113.jpg 150w\" sizes=\"auto, (max-width: 700px) 100vw, 700px\" \/>\t\t\t\t\t\t\t\t\t\t\t<\/div>\n\t\t\t\t\t<\/div>\n\n\t\t<div class=\"box-text text-center\" >\n\t\t\t<div class=\"box-text-inner\">\n\t\t\t\t\n<h4>SUSAN<\/h4>\n<h4>Ofer\u0103 beneficii regeneratoare \u0219i hr\u0103nitoare, catifeleaz\u0103 \u0219i calmeaz\u0103 pielea excelent, combate semnele \u00eemb\u0103tr\u00e2nirii pielii, ajut\u0103 la refacerea barierei cutanate \u0219i face pielea moale \u0219i elastic\u0103.<br \/>\n\u2022 bogat \u00een antioxidan\u021bi unici (sesamin, sesamolin)<br \/>\n\u2022 efect emolient \u0219i calmant excelent asupra pielii<br \/>\n\u2022 atingere u\u0219or alunecoas\u0103, interesant\u0103<br \/>\n\u2022 p\u0103trunde bine \u00een piele<br \/>\n\u2022 sus\u021bine hidratarea pielii \u0219i regenerarea barierei cutanate<br \/>\n\u2022 ajut\u0103 la prevenirea \u00eemb\u0103tr\u00e2nirii premature a pielii<\/h4>\n\t\t\t<\/div>\n\t\t<\/div>\n\t<\/div>\n\t\n\t\t<\/div>\n\t\t\t\t\t<\/div>\n\n\t\n<\/div>\n<div class=\"row\"  id=\"row-610565418\">\n\n\t<div id=\"col-1153446471\" class=\"col medium-6 small-12 large-6\"  >\n\t\t\t\t<div class=\"col-inner\"  >\n\t\t\t\n\t\t\t\n\t<div class=\"box has-hover   has-hover box-text-bottom\" >\n\n\t\t<div class=\"box-image\" >\n\t\t\t\t\t\t<div class=\"\" >\n\t\t\t\t<img loading=\"lazy\" decoding=\"async\" width=\"1200\" height=\"803\" src=\"https:\/\/carebearbg.com\/wp-content\/uploads\/2025\/06\/viber_\u0438\u0437\u043e\u0431\u0440\u0430\u0436\u0435\u043d\u0438\u0435_2025-06-24_11-54-37-971.jpg\" class=\"attachment- size-\" alt=\"\" srcset=\"https:\/\/carebearbg.com\/wp-content\/uploads\/2025\/06\/viber_\u0438\u0437\u043e\u0431\u0440\u0430\u0436\u0435\u043d\u0438\u0435_2025-06-24_11-54-37-971.jpg 1200w, https:\/\/carebearbg.com\/wp-content\/uploads\/2025\/06\/viber_\u0438\u0437\u043e\u0431\u0440\u0430\u0436\u0435\u043d\u0438\u0435_2025-06-24_11-54-37-971-300x201.jpg 300w, https:\/\/carebearbg.com\/wp-content\/uploads\/2025\/06\/viber_\u0438\u0437\u043e\u0431\u0440\u0430\u0436\u0435\u043d\u0438\u0435_2025-06-24_11-54-37-971-1024x685.jpg 1024w, https:\/\/carebearbg.com\/wp-content\/uploads\/2025\/06\/viber_\u0438\u0437\u043e\u0431\u0440\u0430\u0436\u0435\u043d\u0438\u0435_2025-06-24_11-54-37-971-150x100.jpg 150w, https:\/\/carebearbg.com\/wp-content\/uploads\/2025\/06\/viber_\u0438\u0437\u043e\u0431\u0440\u0430\u0436\u0435\u043d\u0438\u0435_2025-06-24_11-54-37-971-768x514.jpg 768w\" sizes=\"auto, (max-width: 1200px) 100vw, 1200px\" \/>\t\t\t\t\t\t\t\t\t\t\t<\/div>\n\t\t\t\t\t<\/div>\n\n\t\t<div class=\"box-text text-center\" >\n\t\t\t<div class=\"box-text-inner\">\n\t\t\t\t\n<h4>NUC\u0102<\/h4>\n<h4>Acizi gra\u0219i Omega-3 \u2013 acid alfa-linolenic (ALA)<br \/>\nAcizi gra\u0219i Omega-6 \u2013 acid linoleic<br \/>\nAcid oleic (Omega-9)<br \/>\nVitamine \u2013 \u00een special vitamina E (tocoferoli)<br \/>\nHr\u0103ne\u0219te \u0219i catifeleaz\u0103 pielea \u2013 este u\u0219or, se absoarbe rapid, f\u0103r\u0103 s\u0103 lase senza\u021bie de gras.<br \/>\nProtec\u021bie antioxidant\u0103 \u2013 \u00eencetine\u0219te procesele de \u00eemb\u0103tr\u00e2nire.<br \/>\nEfect antiinflamator \u2013 potrivit pentru piele sensibil\u0103 sau iritat\u0103.<br \/>\nAjut\u0103 la regenerare.<\/h4>\n\t\t\t<\/div>\n\t\t<\/div>\n\t<\/div>\n\t\n\t\t<\/div>\n\t\t\t\t\t<\/div>\n\n\t\n\n\t<div id=\"col-446864264\" class=\"col medium-6 small-12 large-6\"  >\n\t\t\t\t<div class=\"col-inner\"  >\n\t\t\t\n\t\t\t\n\t<div class=\"box has-hover   has-hover box-text-bottom\" >\n\n\t\t<div class=\"box-image\" >\n\t\t\t\t\t\t<div class=\"image-cover\" style=\"padding-top:350px;\">\n\t\t\t\t<img loading=\"lazy\" decoding=\"async\" width=\"497\" height=\"497\" src=\"https:\/\/carebearbg.com\/wp-content\/uploads\/2023\/07\/\u0432\u0438\u0442\u0430\u043c\u0438\u043d_\u0435-removebg-preview.png\" class=\"attachment- size-\" alt=\"\" srcset=\"https:\/\/carebearbg.com\/wp-content\/uploads\/2023\/07\/\u0432\u0438\u0442\u0430\u043c\u0438\u043d_\u0435-removebg-preview.png 497w, https:\/\/carebearbg.com\/wp-content\/uploads\/2023\/07\/\u0432\u0438\u0442\u0430\u043c\u0438\u043d_\u0435-removebg-preview-300x300.png 300w, https:\/\/carebearbg.com\/wp-content\/uploads\/2023\/07\/\u0432\u0438\u0442\u0430\u043c\u0438\u043d_\u0435-removebg-preview-150x150.png 150w, https:\/\/carebearbg.com\/wp-content\/uploads\/2023\/07\/\u0432\u0438\u0442\u0430\u043c\u0438\u043d_\u0435-removebg-preview-100x100.png 100w\" sizes=\"auto, (max-width: 497px) 100vw, 497px\" \/>\t\t\t\t\t\t\t\t\t\t\t<\/div>\n\t\t\t\t\t<\/div>\n\n\t\t<div class=\"box-text text-center\" >\n\t\t\t<div class=\"box-text-inner\">\n\t\t\t\t\n<h4>VITAMINA E<\/h4>\n<h4>Uleiul cu vitamina E este ob\u021binut natural din surse vegetale non-OMG: uleiul nostru este bogat \u00een d-alfa-tocoferol, un antioxidant puternic care ajut\u0103 la neutralizarea radicalilor liberi, hidrateaz\u0103 pielea \u0219i \u00eembun\u0103t\u0103\u021be\u0219te aspectul acesteia.<br \/>\n\u2022 antioxidant, bogat \u00een carotenoide<br \/>\n\u2022 protejeaz\u0103 pielea de semnele \u00eemb\u0103tr\u00e2nirii<br \/>\n\u2022 calmant pentru piele, emolient<br \/>\n\u2022 ofer\u0103 pielii un aspect bronzat frumos<br \/>\n\u2022 confer\u0103 un ten mai luminos \u0219i o str\u0103lucire s\u0103n\u0103toas\u0103<\/h4>\n\t\t\t<\/div>\n\t\t<\/div>\n\t<\/div>\n\t\n\t\t<\/div>\n\t\t\t\t\t<\/div>\n\n\t\n<\/div>\n\t\t<\/div>\n\n\t\t\n<style>\n#section_1022229726 {\n  padding-top: 30px;\n  padding-bottom: 30px;\n}\n<\/style>\n\t<\/section>\n\t\n","protected":false},"excerpt":{"rendered":"<p>R\u0103sf\u0103\u021ba\u021bi-v\u0103 pielea cu uleiul nostru bronzant de lux, conceput pentru a v\u0103 \u00eembun\u0103t\u0103\u021bi tenul natural \u0219i a hr\u0103ni pielea \u00een profunzime. \u00cembog\u0103\u021bit cu un amestec puternic de uleiuri naturale &#8211; morcov, nuc\u0103, nuc\u0103 de cocos, susan, karanja, m\u0103sline \u0219i zmeur\u0103 &#8211; acesta accelereaz\u0103 ob\u021binerea unui bronz bronzat, hidrateaz\u0103 \u0219i protejeaz\u0103 pielea de uscare \u0219i \u00eemb\u0103tr\u00e2nire. Aroma seduc\u0103toare de caramel \u0219i ciocolat\u0103 \u00ee\u021bi \u00eenv\u0103luie corpul precum un desert gourmet &#8211; dulce, cremos \u0219i cald. Este o experien\u021b\u0103 nu doar pentru piele, ci \u0219i pentru sim\u021buri.<\/p>\n<p><strong>Acizi gra\u0219i Omega-3 \u2013 acid alfa-linolenic (ALA)<\/strong><\/p>\n<p><strong>Acizi gra\u0219i Omega-6 \u2013 acid linoleic<\/strong><\/p>\n<p><strong>Acid oleic (Omega-9)<\/strong><\/p>\n<p><strong>Vitamine \u2013 \u00een special vitamina E (tocoferoli)<\/strong><\/p>\n<p><strong>Hidrateaz\u0103 \u0219i catifeleaz\u0103 pielea \u2013 este u\u0219or, se absoarbe rapid, f\u0103r\u0103 s\u0103 lase senza\u021bie de gras.<\/strong><\/p>\n<p><strong>Protec\u021bie antioxidant\u0103 \u2013 \u00eencetine\u0219te procesele de \u00eemb\u0103tr\u00e2nire.<\/strong><\/p>\n<p><strong>Efect antiinflamator \u2013 potrivit pentru piele sensibil\u0103 sau iritat\u0103.<\/strong><\/p>\n<p>Cantitate: 100 m<\/p>\n<p><strong>Mod de utilizare:<\/strong> Masa\u021bi cantitatea necesar\u0103 pe piele, \u00eenainte de expunerea la soare sau solar.<\/p>\n","protected":false},"featured_media":8158,"comment_status":"open","ping_status":"closed","template":"","meta":[],"product_brand":[],"product_cat":[78],"product_tag":[],"class_list":{"0":"post-5662","1":"product","2":"type-product","3":"status-publish","4":"has-post-thumbnail","6":"product_cat-ulei-pentru-bronzat","8":"first","9":"instock","10":"sale","11":"shipping-taxable","12":"purchasable","13":"product-type-simple"},"_links":{"self":[{"href":"https:\/\/carebearbg.com\/ro\/wp-json\/wp\/v2\/product\/5662","targetHints":{"allow":["GET"]}}],"collection":[{"href":"https:\/\/carebearbg.com\/ro\/wp-json\/wp\/v2\/product"}],"about":[{"href":"https:\/\/carebearbg.com\/ro\/wp-json\/wp\/v2\/types\/product"}],"replies":[{"embeddable":true,"href":"https:\/\/carebearbg.com\/ro\/wp-json\/wp\/v2\/comments?post=5662"}],"wp:featuredmedia":[{"embeddable":true,"href":"https:\/\/carebearbg.com\/ro\/wp-json\/wp\/v2\/media\/8158"}],"wp:attachment":[{"href":"https:\/\/carebearbg.com\/ro\/wp-json\/wp\/v2\/media?parent=5662"}],"wp:term":[{"taxonomy":"product_brand","embeddable":true,"href":"https:\/\/carebearbg.com\/ro\/wp-json\/wp\/v2\/product_brand?post=5662"},{"taxonomy":"product_cat","embeddable":true,"href":"https:\/\/carebearbg.com\/ro\/wp-json\/wp\/v2\/product_cat?post=5662"},{"taxonomy":"product_tag","embeddable":true,"href":"https:\/\/carebearbg.com\/ro\/wp-json\/wp\/v2\/product_tag?post=5662"}],"curies":[{"name":"wp","href":"https:\/\/api.w.org\/{rel}","templated":true}]}}