{"id":8423,"date":"2026-03-23T15:21:59","date_gmt":"2026-03-23T13:21:59","guid":{"rendered":"https:\/\/carebearbg.com\/?post_type=product&#038;p=8423"},"modified":"2026-03-23T15:22:49","modified_gmt":"2026-03-23T13:22:49","slug":"glow-body-oil-gold-%d0%ba%d0%be%d0%bf%d0%b8%d0%b5-%d0%ba%d0%be%d0%bf%d0%b8%d0%b5-%d0%ba%d0%be%d0%bf%d0%b8%d0%b5","status":"publish","type":"product","link":"https:\/\/carebearbg.com\/ro\/produkt\/glow-body-oil-gold-%d0%ba%d0%be%d0%bf%d0%b8%d0%b5-%d0%ba%d0%be%d0%bf%d0%b8%d0%b5-%d0%ba%d0%be%d0%bf%d0%b8%d0%b5\/","title":{"rendered":"GLOW BODY OIL GOLD (\u041a\u043e\u043f\u0438\u0435) (\u041a\u043e\u043f\u0438\u0435) (\u041a\u043e\u043f\u0438\u0435)"},"content":{"rendered":"\n\t<section class=\"section\" id=\"section_1950509068\">\n\t\t<div class=\"section-bg fill\" >\n\t\t\t\t\t\t\t\t\t\n\t\t\t\n\n\t\t<\/div>\n\n\t\t\n\n\t\t<div class=\"section-content relative\">\n\t\t\t\n<div class=\"row\"  id=\"row-2089537823\">\n\n\t<div id=\"col-1973868735\" class=\"col medium-6 small-12 large-6\"  >\n\t\t\t\t<div class=\"col-inner\"  >\n\t\t\t\n\t\t\t\n\t<div class=\"box has-hover   has-hover box-text-bottom\" >\n\n\t\t<div class=\"box-image\" >\n\t\t\t\t\t\t<div class=\"\" >\n\t\t\t\t<img loading=\"lazy\" decoding=\"async\" width=\"624\" height=\"400\" src=\"https:\/\/carebearbg.com\/wp-content\/uploads\/2023\/07\/\u043a\u043e\u043a\u043e\u0441-removebg-preview-1.png\" class=\"attachment- size-\" alt=\"\" srcset=\"https:\/\/carebearbg.com\/wp-content\/uploads\/2023\/07\/\u043a\u043e\u043a\u043e\u0441-removebg-preview-1.png 624w, https:\/\/carebearbg.com\/wp-content\/uploads\/2023\/07\/\u043a\u043e\u043a\u043e\u0441-removebg-preview-1-300x192.png 300w, https:\/\/carebearbg.com\/wp-content\/uploads\/2023\/07\/\u043a\u043e\u043a\u043e\u0441-removebg-preview-1-150x96.png 150w\" sizes=\"auto, (max-width: 624px) 100vw, 624px\" \/>\t\t\t\t\t\t\t\t\t\t\t<\/div>\n\t\t\t\t\t<\/div>\n\n\t\t<div class=\"box-text text-center\" >\n\t\t\t<div class=\"box-text-inner\">\n\t\t\t\t\n<h4>NUCA DE COCOS<\/h4>\n<h4>Numeroasele beneficii ale uleiului de nuc\u0103 de cocos includ hidratarea \u0219i propriet\u0103\u021bi antioxidante, antibacteriene \u0219i dezinfectante. Acest proces elimin\u0103 o \u201eparte\u201d din ulei, f\u0103c\u00e2ndu-l complet saturat, astfel \u00eenc\u00e2t s\u0103 dureze mai mult \u0219i s\u0103 concentreze acizii naturali ai uleiului, sporindu-i beneficiile antioxidante.<\/h4>\n\t\t\t<\/div>\n\t\t<\/div>\n\t<\/div>\n\t\n\t\t<\/div>\n\t\t\t\t\t<\/div>\n\n\t\n\n\t<div id=\"col-152575207\" class=\"col medium-6 small-12 large-6\"  >\n\t\t\t\t<div class=\"col-inner\"  >\n\t\t\t\n\t\t\t\n\t<div class=\"box has-hover   has-hover box-text-bottom\" >\n\n\t\t<div class=\"box-image\" >\n\t\t\t\t\t\t<div class=\"\" >\n\t\t\t\t<img loading=\"lazy\" decoding=\"async\" width=\"500\" height=\"500\" src=\"https:\/\/carebearbg.com\/wp-content\/uploads\/2023\/07\/\u0442\u0438\u0433\u0440\u043e\u0432\u043e-removebg-preview.png\" class=\"attachment- size-\" alt=\"\" srcset=\"https:\/\/carebearbg.com\/wp-content\/uploads\/2023\/07\/\u0442\u0438\u0433\u0440\u043e\u0432\u043e-removebg-preview.png 500w, https:\/\/carebearbg.com\/wp-content\/uploads\/2023\/07\/\u0442\u0438\u0433\u0440\u043e\u0432\u043e-removebg-preview-300x300.png 300w, https:\/\/carebearbg.com\/wp-content\/uploads\/2023\/07\/\u0442\u0438\u0433\u0440\u043e\u0432\u043e-removebg-preview-150x150.png 150w, https:\/\/carebearbg.com\/wp-content\/uploads\/2023\/07\/\u0442\u0438\u0433\u0440\u043e\u0432\u043e-removebg-preview-100x100.png 100w\" sizes=\"auto, (max-width: 500px) 100vw, 500px\" \/>\t\t\t\t\t\t\t\t\t\t\t<\/div>\n\t\t\t\t\t<\/div>\n\n\t\t<div class=\"box-text text-center\" >\n\t\t\t<div class=\"box-text-inner\">\n\t\t\t\t\n<h4>ULEI DE TIGRU<\/h4>\n<h4>Bogat \u00een acid oleic (acid gras omega-9) \u0219i acid linoleic (acid gras omega-6). Plin de tocoferoli (Vitamina E), uleiul de tigru este un antioxidant puternic care previne r\u0103sp\u00e2ndirea radicalilor liberi \u00een \u021besuturile pielii.<\/h4>\n\t\t\t<\/div>\n\t\t<\/div>\n\t<\/div>\n\t\n\t\t<\/div>\n\t\t\t\t\t<\/div>\n\n\t\n<\/div>\n<div class=\"row\"  id=\"row-1273764985\">\n\n\t<div id=\"col-1181950819\" class=\"col medium-6 small-12 large-6\"  >\n\t\t\t\t<div class=\"col-inner\"  >\n\t\t\t\n\t\t\t\n\t<div class=\"box has-hover   has-hover box-text-bottom\" >\n\n\t\t<div class=\"box-image\" >\n\t\t\t\t\t\t<div class=\"\" >\n\t\t\t\t<img loading=\"lazy\" decoding=\"async\" width=\"420\" height=\"320\" src=\"https:\/\/carebearbg.com\/wp-content\/uploads\/2023\/07\/\u0448\u0438\u043f\u043a\u0430-removebg-preview.png\" class=\"attachment- size-\" alt=\"\" srcset=\"https:\/\/carebearbg.com\/wp-content\/uploads\/2023\/07\/\u0448\u0438\u043f\u043a\u0430-removebg-preview.png 420w, https:\/\/carebearbg.com\/wp-content\/uploads\/2023\/07\/\u0448\u0438\u043f\u043a\u0430-removebg-preview-300x229.png 300w, https:\/\/carebearbg.com\/wp-content\/uploads\/2023\/07\/\u0448\u0438\u043f\u043a\u0430-removebg-preview-150x114.png 150w\" sizes=\"auto, (max-width: 420px) 100vw, 420px\" \/>\t\t\t\t\t\t\t\t\t\t\t<\/div>\n\t\t\t\t\t<\/div>\n\n\t\t<div class=\"box-text text-center\" >\n\t\t\t<div class=\"box-text-inner\">\n\t\t\t\t\n<h4>M\u0102CE\u0218<\/h4>\n<h4>Un ulei bogat \u00een molecule suficient de mici pentru a p\u0103trunde \u00een straturile profunde ale pielii, \u00eembun\u0103t\u0103\u021bind nivelurile de hidratare \u0219i colagen. Plin de antioxidan\u021bi, uleiul de m\u0103ce\u0219 ajut\u0103, de asemenea, la \u00eent\u0103rirea barierei de protec\u021bie a pielii.<\/h4>\n\t\t\t<\/div>\n\t\t<\/div>\n\t<\/div>\n\t\n\t\t<\/div>\n\t\t\t\t\t<\/div>\n\n\t\n\n\t<div id=\"col-1275378731\" class=\"col medium-6 small-12 large-6\"  >\n\t\t\t\t<div class=\"col-inner\"  >\n\t\t\t\n\t\t\t\n\t<div class=\"box has-hover   has-hover box-text-bottom\" >\n\n\t\t<div class=\"box-image\" >\n\t\t\t\t\t\t<div class=\"\" >\n\t\t\t\t<img loading=\"lazy\" decoding=\"async\" width=\"582\" height=\"429\" src=\"https:\/\/carebearbg.com\/wp-content\/uploads\/2023\/07\/\u0430\u043c\u0430\u0440\u0430\u043d\u0442-removebg-preview.png\" class=\"attachment- size-\" alt=\"\" srcset=\"https:\/\/carebearbg.com\/wp-content\/uploads\/2023\/07\/\u0430\u043c\u0430\u0440\u0430\u043d\u0442-removebg-preview.png 582w, https:\/\/carebearbg.com\/wp-content\/uploads\/2023\/07\/\u0430\u043c\u0430\u0440\u0430\u043d\u0442-removebg-preview-300x221.png 300w, https:\/\/carebearbg.com\/wp-content\/uploads\/2023\/07\/\u0430\u043c\u0430\u0440\u0430\u043d\u0442-removebg-preview-150x111.png 150w\" sizes=\"auto, (max-width: 582px) 100vw, 582px\" \/>\t\t\t\t\t\t\t\t\t\t\t<\/div>\n\t\t\t\t\t<\/div>\n\n\t\t<div class=\"box-text text-center\" >\n\t\t\t<div class=\"box-text-inner\">\n\t\t\t\t\n<h4>AMARANT<\/h4>\n<h4>Un ulei bogat \u00een acizi gra\u0219i omega-6 \u0219i omega-9. Uleiul din semin\u021be de amarant se absoarbe rapid \u00een piele f\u0103r\u0103 a o l\u0103sa gras\u0103. Capacitatea sa de a p\u0103trunde ad\u00e2nc \u00een \u021besutul pielii \u00eel ajut\u0103 s\u0103 transporte alte ingrediente care nu pot p\u0103trunde singure prin piele.<\/h4>\n\t\t\t<\/div>\n\t\t<\/div>\n\t<\/div>\n\t\n\t\t<\/div>\n\t\t\t\t\t<\/div>\n\n\t\n<\/div>\n<div class=\"row\"  id=\"row-525293120\">\n\n\t<div id=\"col-353011338\" class=\"col medium-6 small-12 large-6\"  >\n\t\t\t\t<div class=\"col-inner\"  >\n\t\t\t\n\t\t\t\n\t<div class=\"box has-hover   has-hover box-text-bottom\" >\n\n\t\t<div class=\"box-image\" >\n\t\t\t\t\t\t<div class=\"\" >\n\t\t\t\t<img loading=\"lazy\" decoding=\"async\" width=\"707\" height=\"353\" src=\"https:\/\/carebearbg.com\/wp-content\/uploads\/2023\/07\/\u0433\u0440\u043e\u0437\u0434\u0435-removebg-preview.png\" class=\"attachment- size-\" alt=\"\" srcset=\"https:\/\/carebearbg.com\/wp-content\/uploads\/2023\/07\/\u0433\u0440\u043e\u0437\u0434\u0435-removebg-preview.png 707w, https:\/\/carebearbg.com\/wp-content\/uploads\/2023\/07\/\u0433\u0440\u043e\u0437\u0434\u0435-removebg-preview-300x150.png 300w, https:\/\/carebearbg.com\/wp-content\/uploads\/2023\/07\/\u0433\u0440\u043e\u0437\u0434\u0435-removebg-preview-150x75.png 150w\" sizes=\"auto, (max-width: 707px) 100vw, 707px\" \/>\t\t\t\t\t\t\t\t\t\t\t<\/div>\n\t\t\t\t\t<\/div>\n\n\t\t<div class=\"box-text text-center\" >\n\t\t\t<div class=\"box-text-inner\">\n\t\t\t\t\n<h4>STRUGURE<\/h4>\n<h4>Uleiul din semin\u021be de struguri este bogat \u00een polifenoli, \u00een special complexe oligomerice de proantocianidine (OPCs) \u2013 considerate unele dintre cei mai puternici antioxidan\u021bi din natur\u0103. Nivelurile ridicate de acid linoleic omega-6 contribuie la formarea ceramidelor pe suprafa\u021ba pielii.<\/h4>\n\t\t\t<\/div>\n\t\t<\/div>\n\t<\/div>\n\t\n\t\t<\/div>\n\t\t\t\t\t<\/div>\n\n\t\n\n\t<div id=\"col-758068112\" class=\"col medium-6 small-12 large-6\"  >\n\t\t\t\t<div class=\"col-inner\"  >\n\t\t\t\n\t\t\t\n\t<div class=\"box has-hover   has-hover box-text-bottom\" >\n\n\t\t<div class=\"box-image\" >\n\t\t\t\t\t\t<div class=\"\" >\n\t\t\t\t<img loading=\"lazy\" decoding=\"async\" width=\"497\" height=\"497\" src=\"https:\/\/carebearbg.com\/wp-content\/uploads\/2023\/07\/\u0432\u0438\u0442\u0430\u043c\u0438\u043d_\u0435-removebg-preview.png\" class=\"attachment- size-\" alt=\"\" srcset=\"https:\/\/carebearbg.com\/wp-content\/uploads\/2023\/07\/\u0432\u0438\u0442\u0430\u043c\u0438\u043d_\u0435-removebg-preview.png 497w, https:\/\/carebearbg.com\/wp-content\/uploads\/2023\/07\/\u0432\u0438\u0442\u0430\u043c\u0438\u043d_\u0435-removebg-preview-300x300.png 300w, https:\/\/carebearbg.com\/wp-content\/uploads\/2023\/07\/\u0432\u0438\u0442\u0430\u043c\u0438\u043d_\u0435-removebg-preview-150x150.png 150w, https:\/\/carebearbg.com\/wp-content\/uploads\/2023\/07\/\u0432\u0438\u0442\u0430\u043c\u0438\u043d_\u0435-removebg-preview-100x100.png 100w\" sizes=\"auto, (max-width: 497px) 100vw, 497px\" \/>\t\t\t\t\t\t\t\t\t\t\t<\/div>\n\t\t\t\t\t<\/div>\n\n\t\t<div class=\"box-text text-center\" >\n\t\t\t<div class=\"box-text-inner\">\n\t\t\t\t\n<h4>VITAMINA E<\/h4>\n<h4>Uleiul cu vitamina E este derivat \u00een mod natural din surse vegetale f\u0103r\u0103 OMG: uleiul nostru cu vitamina E este bogat \u00een d-alfa-tocoferol, un antioxidant puternic care ajut\u0103 la neutralizarea radicalilor liberi, hidrateaz\u0103 pielea \u0219i \u00eembun\u0103t\u0103\u021be\u0219te aspectul acesteia. Prin absorb\u021bia energiei din razele ultraviolete, uleiul cu vitamina E ofer\u0103 fotoprotec\u021bie, prevenind deteriorarea provocat\u0103 de radicalii liberi genera\u021bi de expunerea la UV.<\/h4>\n\t\t\t<\/div>\n\t\t<\/div>\n\t<\/div>\n\t\n\t\t<\/div>\n\t\t\t\t\t<\/div>\n\n\t\n<\/div>\n\t\t<\/div>\n\n\t\t\n<style>\n#section_1950509068 {\n  padding-top: 30px;\n  padding-bottom: 30px;\n}\n<\/style>\n\t<\/section>\n\t\n<p>INCI \/ Ingrediente:<br \/>\nUlei de semin\u021be de Vitis Vinifera, Trigliceride caprilice\/caprice, Isononil Isononanoat, Undecan, Mica, Parfum, Fluoroflogopit, Ulei de semin\u021be de Amaranthus Caudatus, Ulei de semin\u021be de Rosa Rubiginosa, Tridecan, Ulei de r\u0103d\u0103cin\u0103 de Cyperus Esculentus, Silica Dimetilsililat, Dioxid de titan, Acetat de tocoferil, Oxid de fier, Dioxid de staniu, Silica, Amil Cinamal, Alcool benzilic, Salicilat de benzil, Citronelol, Cumarina, Eugenol, Geraniol, D-Limonen, Linalool.<\/p>\n","protected":false},"excerpt":{"rendered":"<p><span lang=\"ro-RO\">Ulei Intens Parfumat cu Str\u0103lucire pentru Corp<br \/>\nUn ulei pentru corp cu str\u0103lucire intens\u0103 care v\u0103 va \u00eenv\u0103lui \u00eentr-un atr\u0103g\u0103tor luciu auriu, \u00een timp ce v\u0103 acoper\u0103 corpul cu un parfum divin, boutique \u0219i de lung\u0103 durat\u0103. \u00cembog\u0103\u021bit cu uleiuri de M\u0103ce\u0219, Amarant \u0219i Ulei de Tigru, hr\u0103ne\u0219te pielea, men\u021bin\u00e2nd-o moale, radiant\u0103 \u0219i str\u0103lucitoare \u00een permanen\u021b\u0103. O combina\u021bie perfect\u0103 de str\u0103lucire aurie \u0219i pudr\u0103 bronzant\u0103 pentru un efect iluminator, eviden\u021biaz\u0103 tenul \u0219i ofer\u0103 pielii un luciu auriu atr\u0103g\u0103tor.<\/span><\/p>\n<p><span lang=\"ro-RO\">Mirosul seduc\u0103tor de Cafea, Caramel, Ciocolat\u0103 Cald\u0103, Rom \u0219i Migdale se r\u0103sp\u00e2nde\u0219te pe tot corpul, \u00een timp ce uleiurile naturale hr\u0103nesc pielea.<\/span><\/p>\n<p><span lang=\"ro-RO\">Textura u\u0219oar\u0103 care se absoarbe rapid \u00een piele f\u0103r\u0103 a l\u0103sa urme grase, f\u0103c\u00e2nd pielea fin\u0103, neted\u0103 \u0219i cu aroma fantastica.<\/span><\/p>\n<p><span lang=\"ro-RO\">Potrivit pentru toate tipurile de piele, inclusiv pielea sensibil\u0103.<\/span><\/p>\n<p><span lang=\"ro-RO\">Cantitate: 50 ml<\/span><\/p>\n<p><span lang=\"ro-RO\">Mod de utilizare: Masa\u021bi c\u00e2teva pic\u0103turi \u00een piele cu mi\u0219c\u0103ri u\u0219oare.<\/span><\/p>\n","protected":false},"featured_media":8426,"comment_status":"open","ping_status":"closed","template":"","meta":[],"product_brand":[],"product_cat":[37],"product_tag":[],"class_list":{"0":"post-8423","1":"product","2":"type-product","3":"status-publish","4":"has-post-thumbnail","6":"product_cat-uncategorized-bg","8":"first","9":"instock","10":"shipping-taxable","11":"purchasable","12":"product-type-simple"},"_links":{"self":[{"href":"https:\/\/carebearbg.com\/ro\/wp-json\/wp\/v2\/product\/8423","targetHints":{"allow":["GET"]}}],"collection":[{"href":"https:\/\/carebearbg.com\/ro\/wp-json\/wp\/v2\/product"}],"about":[{"href":"https:\/\/carebearbg.com\/ro\/wp-json\/wp\/v2\/types\/product"}],"replies":[{"embeddable":true,"href":"https:\/\/carebearbg.com\/ro\/wp-json\/wp\/v2\/comments?post=8423"}],"wp:featuredmedia":[{"embeddable":true,"href":"https:\/\/carebearbg.com\/ro\/wp-json\/wp\/v2\/media\/8426"}],"wp:attachment":[{"href":"https:\/\/carebearbg.com\/ro\/wp-json\/wp\/v2\/media?parent=8423"}],"wp:term":[{"taxonomy":"product_brand","embeddable":true,"href":"https:\/\/carebearbg.com\/ro\/wp-json\/wp\/v2\/product_brand?post=8423"},{"taxonomy":"product_cat","embeddable":true,"href":"https:\/\/carebearbg.com\/ro\/wp-json\/wp\/v2\/product_cat?post=8423"},{"taxonomy":"product_tag","embeddable":true,"href":"https:\/\/carebearbg.com\/ro\/wp-json\/wp\/v2\/product_tag?post=8423"}],"curies":[{"name":"wp","href":"https:\/\/api.w.org\/{rel}","templated":true}]}}